{"id":30842,"date":"2025-02-20T23:32:38","date_gmt":"2025-02-20T22:32:38","guid":{"rendered":"https:\/\/olemosaic.orbitalia.org\/producto\/iman-de-metal-toro-malaga-8-cm-2\/"},"modified":"2025-07-25T18:46:57","modified_gmt":"2025-07-25T16:46:57","slug":"aimant-metal-taureau-malaga-8-cm-2","status":"publish","type":"product","link":"https:\/\/olemosaic.orbitalia.org\/fr\/produit\/aimant-metal-taureau-malaga-8-cm-2\/","title":{"rendered":"Aimant en m\u00e9tal. Taureau. Mosa\u00efque. Malaga. 8 cm."},"content":{"rendered":"<p>Cet aimant en m\u00e9tal de 8 cm, repr\u00e9sentant un taureau color\u00e9 et vibrant, est un v\u00e9ritable joyau de la culture espagnole, inspir\u00e9 par la riche tradition de la f\u00eate andalouse de Malaga. Son design en mosa\u00efque, plein de vie, combine une palette de couleurs dans les tons bleu, rouge, jaune et vert, cr\u00e9ant un m\u00e9lange artistique qui capture l&rsquo;essence festive de la r\u00e9gion. La figure du taureau, symbole embl\u00e9matique de la culture taurine et de la c\u00e9l\u00e9bration en Andalousie, se d\u00e9tache au centre de l&rsquo;aimant, entour\u00e9e d&rsquo;un fond bleu qui \u00e9voque le ciel ensoleill\u00e9 de la c\u00f4te de Malaga.<\/p>\n<p>Le mot \u00ab\u00a0MALAGA\u00a0\u00bb, imprim\u00e9 dans un style frappant et moderne, compl\u00e8te parfaitement cette illustration, faisant de cet aimant un souvenir id\u00e9al pour ceux qui souhaitent emporter avec eux un fragment de leur exp\u00e9rience dans la ville. Cet aimant n&rsquo;est pas seulement un souvenir de qualit\u00e9, mais il repr\u00e9sente \u00e9galement la chaleur et la vitalit\u00e9 de Malaga, constituant une option parfaite pour ceux qui recherchent des souvenirs authentiques de la r\u00e9gion.<\/p>\n<p>Chez Ol\u00e9 Mosaic, en tant que grossistes de souvenirs, nous proposons cet aimant de taureau comme une excellente option pour les boutiques de cadeaux touristiques. Son attrait visuel et culturel en fait un produit phare qui permettra aux touristes de ramener un petit morceau de la tradition andalouse chez eux, id\u00e9al pour ceux qui aiment les souvenirs refl\u00e9tant le patrimoine local.<\/p>\n","protected":false},"excerpt":{"rendered":"<p>Aimant m\u00e9tallique de 8 cm, repr\u00e9sentant un taureau color\u00e9, symbole de la culture espagnole et de la f\u00eate andalouse, inspir\u00e9 de Malaga. Cet aimant se distingue par son design en mosa\u00efque vibrant, avec une palette de couleurs incluant des tons bleus, rouges, jaunes et verts, apportant une touche artistique et joyeuse. Le mot \u00ab\u00a0MALAGA\u00a0\u00bb est imprim\u00e9 dans un style accrocheur, compl\u00e9tant l&rsquo;image du taureau et en faisant un excellent souvenir de la ville.<\/p>\n","protected":false},"featured_media":10005,"template":"","meta":{"_acf_changed":false},"product_brand":[],"product_cat":[697],"product_tag":[530],"class_list":{"0":"post-30842","1":"product","2":"type-product","3":"status-publish","4":"has-post-thumbnail","6":"product_cat-aimants","7":"product_tag-animaux","8":"pa_ciudad-malaga","9":"pa_motivo-taureaux","10":"pa_pais-espana","12":"first","13":"instock","14":"shipping-taxable","15":"product-type-simple"},"acf":[],"_links":{"self":[{"href":"https:\/\/olemosaic.orbitalia.org\/fr\/wp-json\/wp\/v2\/product\/30842","targetHints":{"allow":["GET"]}}],"collection":[{"href":"https:\/\/olemosaic.orbitalia.org\/fr\/wp-json\/wp\/v2\/product"}],"about":[{"href":"https:\/\/olemosaic.orbitalia.org\/fr\/wp-json\/wp\/v2\/types\/product"}],"wp:featuredmedia":[{"embeddable":true,"href":"https:\/\/olemosaic.orbitalia.org\/fr\/wp-json\/wp\/v2\/media\/10005"}],"wp:attachment":[{"href":"https:\/\/olemosaic.orbitalia.org\/fr\/wp-json\/wp\/v2\/media?parent=30842"}],"wp:term":[{"taxonomy":"product_brand","embeddable":true,"href":"https:\/\/olemosaic.orbitalia.org\/fr\/wp-json\/wp\/v2\/product_brand?post=30842"},{"taxonomy":"product_cat","embeddable":true,"href":"https:\/\/olemosaic.orbitalia.org\/fr\/wp-json\/wp\/v2\/product_cat?post=30842"},{"taxonomy":"product_tag","embeddable":true,"href":"https:\/\/olemosaic.orbitalia.org\/fr\/wp-json\/wp\/v2\/product_tag?post=30842"}],"curies":[{"name":"wp","href":"https:\/\/api.w.org\/{rel}","templated":true}]}}