{"id":30836,"date":"2025-02-20T22:32:38","date_gmt":"2025-02-20T22:32:38","guid":{"rendered":"https:\/\/olemosaic.orbitalia.org\/producto\/iman-de-metal-gato-barcelona-negro-8-cm\/"},"modified":"2025-07-25T20:25:28","modified_gmt":"2025-07-25T18:25:28","slug":"aimant-en-metal-chat-barcelone-noir-8-cm","status":"publish","type":"product","link":"https:\/\/olemosaic.orbitalia.org\/fr\/produit\/aimant-en-metal-chat-barcelone-noir-8-cm\/","title":{"rendered":"Aimant en m\u00e9tal. Chat. Barcelone. Noir. 8 cm."},"content":{"rendered":"<p>Cet aimant m\u00e9tallique de 8 cm, repr\u00e9sentant un chat color\u00e9, est une pi\u00e8ce merveilleuse inspir\u00e9e de l&rsquo;art moderniste de Barcelone. La palette de couleurs vibrantes qui l&rsquo;orne, con\u00e7ue comme une mosa\u00efque, \u00e9voque l&rsquo;\u0153uvre iconique d&rsquo;Antoni Gaud\u00ed qui caract\u00e9rise la ville. Les d\u00e9tails complexes de son pelage, avec des formes courbes et un design captivant, capturent l&rsquo;essence du modernisme catalan. Sur un fond noir qui rehausse la luminosit\u00e9 des tons, le chat pr\u00e9sente des yeux expressifs qui semblent prendre vie, tandis que le texte \u00ab\u00a0Barcelone\u00a0\u00bb apporte une touche distinctive qui lie l&rsquo;art au nom de la ville.<\/p>\n<p>Cet aimant n&rsquo;est pas seulement un objet d\u00e9coratif, mais un souvenir g\u00e9nial qui encapsule l&rsquo;esprit innovant et la diversit\u00e9 culturelle de Barcelone. En tant que souvenir typique de cette ville vibrante, il est parfait pour les touristes qui cherchent \u00e0 en emporter un morceau. Chez Ol\u00e9 Mosaic, nous sommes fiers d&rsquo;\u00eatre des distributeurs de souvenirs en gros, offrant des produits qui refl\u00e8tent l&rsquo;authenticit\u00e9 et l&rsquo;artisanat. Cet aimant de chat est un excellent choix pour les boutiques de cadeaux touristiques qui souhaitent int\u00e9grer un morceau de la magie barcelonaise dans leur offre de souvenirs.<\/p>\n","protected":false},"excerpt":{"rendered":"<p>Aimant en m\u00e9tal de 8 cm repr\u00e9sentant un chat color\u00e9 inspir\u00e9 du modernisme barcelonais. Cet aimant se distingue par son design vibrant, avec des couleurs entrelac\u00e9es dans un style de mosa\u00efque qui \u00e9voque les \u0153uvres de Gaud\u00ed. La figure du chat, avec des yeux expressifs et des formes courbes, ressort sur un fond noir qui accentue sa luminosit\u00e9. Le texte \u00ab\u00a0Barcelone\u00a0\u00bb ajoute une touche distinctive \u00e0 ce souvenir, parfait pour se souvenir de l&rsquo;essence de la ville.<\/p>\n","protected":false},"featured_media":12824,"template":"","meta":{"_acf_changed":false},"product_brand":[],"product_cat":[697],"product_tag":[530],"class_list":{"0":"post-30836","1":"product","2":"type-product","3":"status-publish","4":"has-post-thumbnail","6":"product_cat-aimants","7":"product_tag-animaux","8":"pa_ciudad-barcelona","9":"pa_motivo-chats","10":"pa_pais-espana","12":"first","13":"instock","14":"shipping-taxable","15":"product-type-simple"},"acf":[],"_links":{"self":[{"href":"https:\/\/olemosaic.orbitalia.org\/fr\/wp-json\/wp\/v2\/product\/30836","targetHints":{"allow":["GET"]}}],"collection":[{"href":"https:\/\/olemosaic.orbitalia.org\/fr\/wp-json\/wp\/v2\/product"}],"about":[{"href":"https:\/\/olemosaic.orbitalia.org\/fr\/wp-json\/wp\/v2\/types\/product"}],"wp:featuredmedia":[{"embeddable":true,"href":"https:\/\/olemosaic.orbitalia.org\/fr\/wp-json\/wp\/v2\/media\/12824"}],"wp:attachment":[{"href":"https:\/\/olemosaic.orbitalia.org\/fr\/wp-json\/wp\/v2\/media?parent=30836"}],"wp:term":[{"taxonomy":"product_brand","embeddable":true,"href":"https:\/\/olemosaic.orbitalia.org\/fr\/wp-json\/wp\/v2\/product_brand?post=30836"},{"taxonomy":"product_cat","embeddable":true,"href":"https:\/\/olemosaic.orbitalia.org\/fr\/wp-json\/wp\/v2\/product_cat?post=30836"},{"taxonomy":"product_tag","embeddable":true,"href":"https:\/\/olemosaic.orbitalia.org\/fr\/wp-json\/wp\/v2\/product_tag?post=30836"}],"curies":[{"name":"wp","href":"https:\/\/api.w.org\/{rel}","templated":true}]}}