{"id":30835,"date":"2025-02-20T22:32:38","date_gmt":"2025-02-20T22:32:38","guid":{"rendered":"https:\/\/olemosaic.orbitalia.org\/producto\/iman-de-metal-gato-lanzarote-8-cm\/"},"modified":"2025-07-25T19:02:58","modified_gmt":"2025-07-25T17:02:58","slug":"aimant-en-metal-chat-lanzarote-8-cm","status":"publish","type":"product","link":"https:\/\/olemosaic.orbitalia.org\/fr\/produit\/aimant-en-metal-chat-lanzarote-8-cm\/","title":{"rendered":"Aimant en m\u00e9tal. Chat. Lanzarote. 8 cm."},"content":{"rendered":"<p>Cet aimant m\u00e9tallique de 8 cm, repr\u00e9sentant un chat color\u00e9, est un souvenir embl\u00e9matique de Lanzarote, capturant l&rsquo;essence vibrante et artistique de cette \u00eele canarienne iconique. Con\u00e7u dans un style qui imite l&rsquo;art de la mosa\u00efque, l&rsquo;aimant pr\u00e9sente une composition de couleurs \u00e9clatantes, o\u00f9 pr\u00e9dominent les rouges, les bleus et les verts, cr\u00e9ant un effet visuel captivant. La texture de l&rsquo;aimant simule la c\u00e9ramique, ce qui ajoute une dimension tactile renfor\u00e7ant son attrait d\u00e9coratif. Le fond, dans des tons bleus \u00e9voquant le ciel d\u00e9gag\u00e9 de Lanzarote, contraste merveilleusement avec le chat, faisant de ce souvenir un hommage \u00e0 la beaut\u00e9 naturelle de l&rsquo;\u00eele.<\/p>\n<p>Cet aimant n&rsquo;est pas seulement une pi\u00e8ce d\u00e9corative, mais aussi un souvenir authentique qui refl\u00e8te le riche patrimoine culturel de Lanzarote, connue pour ses paysages volcaniques et son art singulier. Parfait pour les touristes \u00e0 la recherche de souvenirs typiques qui encapsulent leur exp\u00e9rience sur l&rsquo;\u00eele, cet article est une excellente option pour les boutiques de cadeaux touristiques souhaitant proposer des produits repr\u00e9sentatifs de la culture canarienne. Chez Ol\u00e9 Mosaic, en tant que distributeur de souvenirs en gros, nous garantissons la qualit\u00e9 et l&rsquo;exclusivit\u00e9 de chaque pi\u00e8ce, faisant de cet aimant de chat un souvenir indispensable de Lanzarote.<\/p>\n","protected":false},"excerpt":{"rendered":"<p>Aimant m\u00e9tallique de 8 cm repr\u00e9sentant un chat color\u00e9, imitant le style de l&rsquo;art de la mosa\u00efque caract\u00e9ristique de Lanzarote. Cet aimant attrayant pr\u00e9sente un design vibrant dans une gamme de couleurs comprenant des rouges, des bleus et des verts, avec une texture qui simule la c\u00e9ramique. Le fond bleut\u00e9 contraste avec le chat, cr\u00e9ant une pi\u00e8ce d\u00e9corative qui \u00e9voque l&rsquo;esprit joyeux et unique de cette \u00eele canarienne. Id\u00e9al pour se souvenir de votre visite \u00e0 Lanzarote.<\/p>\n","protected":false},"featured_media":12849,"template":"","meta":{"_acf_changed":false},"product_brand":[],"product_cat":[697],"product_tag":[530],"class_list":{"0":"post-30835","1":"product","2":"type-product","3":"status-publish","4":"has-post-thumbnail","6":"product_cat-aimants","7":"product_tag-animaux","8":"pa_ciudad-lanzarote","9":"pa_motivo-chats","10":"pa_pais-espana","12":"first","13":"instock","14":"shipping-taxable","15":"product-type-simple"},"acf":[],"_links":{"self":[{"href":"https:\/\/olemosaic.orbitalia.org\/fr\/wp-json\/wp\/v2\/product\/30835","targetHints":{"allow":["GET"]}}],"collection":[{"href":"https:\/\/olemosaic.orbitalia.org\/fr\/wp-json\/wp\/v2\/product"}],"about":[{"href":"https:\/\/olemosaic.orbitalia.org\/fr\/wp-json\/wp\/v2\/types\/product"}],"wp:featuredmedia":[{"embeddable":true,"href":"https:\/\/olemosaic.orbitalia.org\/fr\/wp-json\/wp\/v2\/media\/12849"}],"wp:attachment":[{"href":"https:\/\/olemosaic.orbitalia.org\/fr\/wp-json\/wp\/v2\/media?parent=30835"}],"wp:term":[{"taxonomy":"product_brand","embeddable":true,"href":"https:\/\/olemosaic.orbitalia.org\/fr\/wp-json\/wp\/v2\/product_brand?post=30835"},{"taxonomy":"product_cat","embeddable":true,"href":"https:\/\/olemosaic.orbitalia.org\/fr\/wp-json\/wp\/v2\/product_cat?post=30835"},{"taxonomy":"product_tag","embeddable":true,"href":"https:\/\/olemosaic.orbitalia.org\/fr\/wp-json\/wp\/v2\/product_tag?post=30835"}],"curies":[{"name":"wp","href":"https:\/\/api.w.org\/{rel}","templated":true}]}}