{"id":30833,"date":"2025-02-20T23:32:37","date_gmt":"2025-02-20T22:32:37","guid":{"rendered":"https:\/\/olemosaic.orbitalia.org\/producto\/iman-de-metal-sagrada-familia-barcelona-plata-8-cm-7\/"},"modified":"2025-07-25T18:35:45","modified_gmt":"2025-07-25T16:35:45","slug":"aimant-en-metal-sagrada-familia-barcelone-argent-8-cm-fr","status":"publish","type":"product","link":"https:\/\/olemosaic.orbitalia.org\/fr\/produit\/aimant-en-metal-sagrada-familia-barcelone-argent-8-cm-fr\/","title":{"rendered":"Aimant en m\u00e9tal. Sagrada Familia. Mosa\u00efque. Gaud\u00ed. Barcelone. Argent. 8 cm."},"content":{"rendered":"<p>Cet aimant m\u00e9tallique de 8 cm, inspir\u00e9 de la majestueuse Sagrada Familia de Barcelone, est le souvenir id\u00e9al pour ceux qui souhaitent emporter un petit morceau de cette ville embl\u00e9matique. Avec un design vibrant et color\u00e9, l&rsquo;aimant capture les d\u00e9tails architecturaux iconiques de la basilique, mettant en valeur ses tours et ses \u00e9l\u00e9ments d\u00e9coratifs dans des tons dor\u00e9s, rouges et bleus qui refl\u00e8tent la grandeur du modernisme catalan, \u0153uvre du c\u00e9l\u00e8bre architecte Antoni Gaud\u00ed.<\/p>\n<p>La technique de finition simule une mosa\u00efque, ce qui ajoute de la profondeur et de la texture \u00e0 la pi\u00e8ce, la faisant ressortir parmi d&rsquo;autres souvenirs. Le texte \u00ab\u00a0Barcelone\u00a0\u00bb est pr\u00e9sent\u00e9 de mani\u00e8re pro\u00e9minente, garantissant que cet aimant ne soit pas seulement un objet d\u00e9coratif, mais aussi une d\u00e9claration de fiert\u00e9 pour cette m\u00e9tropole. Cet aimant est un excellent souvenir culturel, repr\u00e9sentant non seulement l&rsquo;architecture impressionnante de la Sagrada Familia, mais aussi l&rsquo;art et l&rsquo;histoire de Barcelone.<\/p>\n<p>Ol\u00e9 Mosaic se sp\u00e9cialise dans la distribution de souvenirs en gros, offrant des produits authentiques qui rendent hommage au riche patrimoine culturel de l&rsquo;Espagne. Cet aimant de la Sagrada Familia est une merveilleuse option pour les boutiques de cadeaux touristiques et un souvenir parfait pour les touristes qui cherchent \u00e0 emporter des souvenirs significatifs de leur visite \u00e0 Barcelone. En tant que grossiste d&rsquo;aimants, nous garantissons des produits de qualit\u00e9 qui refl\u00e8tent l&rsquo;essence de chaque lieu.<\/p>\n","protected":false},"excerpt":{"rendered":"<p>Aimant m\u00e9tallique de 8 cm, inspir\u00e9 de la majestueuse Sagrada Familia de Barcelone. Cet aimant pr\u00e9sente un design color\u00e9 qui capture les d\u00e9tails architecturaux iconiques de la basilique, avec ses tours et ses \u00e9l\u00e9ments d\u00e9coratifs dans des tons dor\u00e9s, rouges et bleus. La technique de finition simule une mosa\u00efque, soulignant la richesse du design moderniste d&rsquo;Antoni Gaud\u00ed. Comprend le mot \u00ab\u00a0Barcelone\u00a0\u00bb, ce qui en fait un excellent souvenir de la ville.<\/p>\n","protected":false},"featured_media":11365,"template":"","meta":{"_acf_changed":false},"product_brand":[],"product_cat":[697],"product_tag":[],"class_list":{"0":"post-30833","1":"product","2":"type-product","3":"status-publish","4":"has-post-thumbnail","6":"product_cat-aimants","7":"pa_ciudad-barcelona","8":"pa_motivo-sagrada-familia","9":"pa_pais-espana","11":"first","12":"instock","13":"shipping-taxable","14":"product-type-simple"},"acf":[],"_links":{"self":[{"href":"https:\/\/olemosaic.orbitalia.org\/fr\/wp-json\/wp\/v2\/product\/30833","targetHints":{"allow":["GET"]}}],"collection":[{"href":"https:\/\/olemosaic.orbitalia.org\/fr\/wp-json\/wp\/v2\/product"}],"about":[{"href":"https:\/\/olemosaic.orbitalia.org\/fr\/wp-json\/wp\/v2\/types\/product"}],"wp:featuredmedia":[{"embeddable":true,"href":"https:\/\/olemosaic.orbitalia.org\/fr\/wp-json\/wp\/v2\/media\/11365"}],"wp:attachment":[{"href":"https:\/\/olemosaic.orbitalia.org\/fr\/wp-json\/wp\/v2\/media?parent=30833"}],"wp:term":[{"taxonomy":"product_brand","embeddable":true,"href":"https:\/\/olemosaic.orbitalia.org\/fr\/wp-json\/wp\/v2\/product_brand?post=30833"},{"taxonomy":"product_cat","embeddable":true,"href":"https:\/\/olemosaic.orbitalia.org\/fr\/wp-json\/wp\/v2\/product_cat?post=30833"},{"taxonomy":"product_tag","embeddable":true,"href":"https:\/\/olemosaic.orbitalia.org\/fr\/wp-json\/wp\/v2\/product_tag?post=30833"}],"curies":[{"name":"wp","href":"https:\/\/api.w.org\/{rel}","templated":true}]}}