{"id":30831,"date":"2025-02-20T22:32:37","date_gmt":"2025-02-20T22:32:37","guid":{"rendered":"https:\/\/olemosaic.orbitalia.org\/producto\/iman-de-metal-dragon-barcelona-negro-8-cm\/"},"modified":"2025-07-25T18:47:48","modified_gmt":"2025-07-25T16:47:48","slug":"aimant-en-metal-dragon-barcelone-noir-8-cm","status":"publish","type":"product","link":"https:\/\/olemosaic.orbitalia.org\/fr\/produit\/aimant-en-metal-dragon-barcelone-noir-8-cm\/","title":{"rendered":"Aimant en m\u00e9tal. Dragon. Barcelone. Noir. 8 cm."},"content":{"rendered":"<p>Cet aimant m\u00e9tallique de 8 cm, inspir\u00e9 du c\u00e9l\u00e8bre dragon de Gaud\u00ed, est un souvenir vibrant qui capture l&rsquo;essence de Barcelone. Avec un design en mosa\u00efque combinant des tons bleus, verts et oranges, cet aimant pr\u00e9sente la figure embl\u00e9matique du dragon dans un cadre artistique et abstrait, se distinguant par ses formes color\u00e9es qui \u00e9voquent l&rsquo;art g\u00e9nial d&rsquo;Antoni Gaud\u00ed. L&rsquo;inscription \u00ab\u00a0Barcelona\u00a0\u00bb en lettres brillantes compl\u00e8te ce chef-d&rsquo;\u0153uvre, apportant une touche moderne et attrayante, ce qui fait de ce souvenir un excellent symbole de la ville.<\/p>\n<p>Le dragon, situ\u00e9 au Park G\u00fcell, est l&rsquo;une des images les plus repr\u00e9sentatives de l&rsquo;architecture moderniste catalane, devenant un embl\u00e8me de la cr\u00e9ativit\u00e9 et de la couleur qui caract\u00e9risent l&rsquo;\u0153uvre de Gaud\u00ed. Cet aimant n&rsquo;est pas seulement un article d\u00e9coratif, mais repr\u00e9sente \u00e9galement un morceau de la culture catalane, id\u00e9al pour ceux qui souhaitent emporter un souvenir authentique de leur visite. Ol\u00e9 Mosaic propose cet aimant comme une option in\u00e9gal\u00e9e pour les boutiques de cadeaux touristiques \u00e0 la recherche de souvenirs de qualit\u00e9, encapsulant la magie de Barcelone dans un produit pratique et beau. Parfait pour les touristes cherchant un moyen de se souvenir de leur voyage \u00e0 travers un article alliant art et fonctionnalit\u00e9, cet aimant est sans aucun doute un investissement pr\u00e9cieux dans le monde des souvenirs culturels.<\/p>\n","protected":false},"excerpt":{"rendered":"<p>Aimant m\u00e9tallique de 8 cm inspir\u00e9 du c\u00e9l\u00e8bre dragon de Gaud\u00ed \u00e0 Barcelone. Cet aimant pr\u00e9sente un design de mosa\u00efque vibrant avec une palette de couleurs comprenant des bleus, des verts et des oranges, mettant en valeur la figure du dragon parmi des formes abstraites. En haut, l&rsquo;aimant arbore le mot \u00ab\u00a0Barcelona\u00a0\u00bb en lettres brillantes, ajoutant une touche moderne et attrayante. Id\u00e9al pour ceux qui souhaitent ramener un morceau de l&rsquo;art catalan \u00e0 la maison.<\/p>\n","protected":false},"featured_media":6952,"template":"","meta":{"_acf_changed":false},"product_brand":[],"product_cat":[697],"product_tag":[],"class_list":{"0":"post-30831","1":"product","2":"type-product","3":"status-publish","4":"has-post-thumbnail","6":"product_cat-aimants","7":"pa_ciudad-barcelona","8":"pa_motivo-dragon","9":"pa_pais-espana","11":"first","12":"instock","13":"shipping-taxable","14":"product-type-simple"},"acf":[],"_links":{"self":[{"href":"https:\/\/olemosaic.orbitalia.org\/fr\/wp-json\/wp\/v2\/product\/30831","targetHints":{"allow":["GET"]}}],"collection":[{"href":"https:\/\/olemosaic.orbitalia.org\/fr\/wp-json\/wp\/v2\/product"}],"about":[{"href":"https:\/\/olemosaic.orbitalia.org\/fr\/wp-json\/wp\/v2\/types\/product"}],"wp:featuredmedia":[{"embeddable":true,"href":"https:\/\/olemosaic.orbitalia.org\/fr\/wp-json\/wp\/v2\/media\/6952"}],"wp:attachment":[{"href":"https:\/\/olemosaic.orbitalia.org\/fr\/wp-json\/wp\/v2\/media?parent=30831"}],"wp:term":[{"taxonomy":"product_brand","embeddable":true,"href":"https:\/\/olemosaic.orbitalia.org\/fr\/wp-json\/wp\/v2\/product_brand?post=30831"},{"taxonomy":"product_cat","embeddable":true,"href":"https:\/\/olemosaic.orbitalia.org\/fr\/wp-json\/wp\/v2\/product_cat?post=30831"},{"taxonomy":"product_tag","embeddable":true,"href":"https:\/\/olemosaic.orbitalia.org\/fr\/wp-json\/wp\/v2\/product_tag?post=30831"}],"curies":[{"name":"wp","href":"https:\/\/api.w.org\/{rel}","templated":true}]}}