{"id":30828,"date":"2025-02-20T22:32:37","date_gmt":"2025-02-20T22:32:37","guid":{"rendered":"https:\/\/olemosaic.orbitalia.org\/producto\/iman-de-metal-bailaora-plata-8-cm\/"},"modified":"2025-07-25T20:01:47","modified_gmt":"2025-07-25T18:01:47","slug":"aimant-en-metal-danseuse-de-flamenco-argent-8-cm","status":"publish","type":"product","link":"https:\/\/olemosaic.orbitalia.org\/fr\/produit\/aimant-en-metal-danseuse-de-flamenco-argent-8-cm\/","title":{"rendered":"Aimant en m\u00e9tal. Danseuse de flamenco. Argent. 8 cm."},"content":{"rendered":"<p>Cet aimant m\u00e9tallique de 8 cm, illustr\u00e9 de deux danseuses de flamenco, est un v\u00e9ritable hommage \u00e0 la culture espagnole vibrante. La repr\u00e9sentation artistique capture les danseuses, v\u00eatues de costumes \u00e0 volants color\u00e9s, en pleine danse, \u00e9voquant la passion et l&rsquo;\u00e9nergie du flamenco. Les tons riches en rouge, bleu et jaune font non seulement ressortir l&rsquo;\u00e9l\u00e9gance des figures, mais \u00e9veillent \u00e9galement l&rsquo;esprit festif de l&rsquo;art andalou. Le fond de l&rsquo;aimant, qui simule une mosa\u00efque, ajoute une touche de sophistication et fait \u00e9cho au c\u00e9l\u00e8bre h\u00e9ritage artistique de l&rsquo;Espagne.<\/p>\n<p>Id\u00e9al comme souvenir, cet aimant permet d&#8217;emporter un morceau de la tradition andalouse partout, \u00e9tant un rappel parfait des moments v\u00e9cus dans une terre riche en culture. Son design, qui fusionne authenticit\u00e9 et esth\u00e9tique moderne, en fait un cadeau id\u00e9al pour les touristes \u00e0 la recherche d&rsquo;un souvenir repr\u00e9sentatif de l&rsquo;Andalousie.<\/p>\n<p>Chez Ol\u00e9 Mosaic, sp\u00e9cialistes de la distribution en gros de souvenirs authentiques, nous proposons cet aimant de danseuses dans le cadre de notre s\u00e9lection soign\u00e9e. Ce produit n&rsquo;est pas seulement un aimant d\u00e9coratif, mais une fa\u00e7on de maintenir vivante la connexion avec la tradition et l&rsquo;art espagnol, ce qui en fait un ajout pr\u00e9cieux pour les boutiques de cadeaux touristiques recherchant des articles de qualit\u00e9 et de signification culturelle.<\/p>\n","protected":false},"excerpt":{"rendered":"<p>Aimant en m\u00e9tal de 8 cm, illustr\u00e9 de deux danseuses de flamenco avec des costumes \u00e0 volants color\u00e9s. Ce design vibrant montre les danseuses en plein mouvement, avec des d\u00e9tails qui capturent l&rsquo;essence du flamenco. Les tons riches rouges, bleus et jaunes se combinent sur un fond simulant une mosa\u00efque, \u00e9voquant l&rsquo;art et la culture de l&rsquo;Espagne. Id\u00e9al pour se souvenir des moments de passion andalouse authentique.<\/p>\n","protected":false},"featured_media":10024,"template":"","meta":{"_acf_changed":false},"product_brand":[],"product_cat":[697],"product_tag":[],"class_list":{"0":"post-30828","1":"product","2":"type-product","3":"status-publish","4":"has-post-thumbnail","6":"product_cat-aimants","7":"pa_motivo-danseurs","9":"first","10":"instock","11":"shipping-taxable","12":"product-type-simple"},"acf":[],"_links":{"self":[{"href":"https:\/\/olemosaic.orbitalia.org\/fr\/wp-json\/wp\/v2\/product\/30828","targetHints":{"allow":["GET"]}}],"collection":[{"href":"https:\/\/olemosaic.orbitalia.org\/fr\/wp-json\/wp\/v2\/product"}],"about":[{"href":"https:\/\/olemosaic.orbitalia.org\/fr\/wp-json\/wp\/v2\/types\/product"}],"wp:featuredmedia":[{"embeddable":true,"href":"https:\/\/olemosaic.orbitalia.org\/fr\/wp-json\/wp\/v2\/media\/10024"}],"wp:attachment":[{"href":"https:\/\/olemosaic.orbitalia.org\/fr\/wp-json\/wp\/v2\/media?parent=30828"}],"wp:term":[{"taxonomy":"product_brand","embeddable":true,"href":"https:\/\/olemosaic.orbitalia.org\/fr\/wp-json\/wp\/v2\/product_brand?post=30828"},{"taxonomy":"product_cat","embeddable":true,"href":"https:\/\/olemosaic.orbitalia.org\/fr\/wp-json\/wp\/v2\/product_cat?post=30828"},{"taxonomy":"product_tag","embeddable":true,"href":"https:\/\/olemosaic.orbitalia.org\/fr\/wp-json\/wp\/v2\/product_tag?post=30828"}],"curies":[{"name":"wp","href":"https:\/\/api.w.org\/{rel}","templated":true}]}}