{"id":30823,"date":"2025-02-20T22:32:36","date_gmt":"2025-02-20T22:32:36","guid":{"rendered":"https:\/\/olemosaic.orbitalia.org\/producto\/iman-de-metal-toro-marbella-negro-8-cm\/"},"modified":"2025-07-25T20:04:57","modified_gmt":"2025-07-25T18:04:57","slug":"aimant-metal-taureau-marbella-noir-8-cm","status":"publish","type":"product","link":"https:\/\/olemosaic.orbitalia.org\/fr\/produit\/aimant-metal-taureau-marbella-noir-8-cm\/","title":{"rendered":"Aimant en m\u00e9tal. Taureau. Marbella. Noir. 8 cm."},"content":{"rendered":"<p>Cet aimant m\u00e9tallique de 8 cm, d\u00e9cor\u00e9 d&rsquo;un taureau vibrant, est un authentique souvenir de Marbella qui capture l&rsquo;essence de l&rsquo;art et de la tradition taurine espagnole. Son design se d\u00e9tache sur un fond noir, cr\u00e9ant un beau contraste qui rehausse le motif central : le taureau, repr\u00e9sent\u00e9 par une mosa\u00efque stylis\u00e9e dans des tons de rouge, jaune et orange, qui conf\u00e8re dynamisme et \u00e9nergie \u00e0 l&rsquo;objet. Les d\u00e9tails du design, avec ses cornes puissantes et son regard expressif, \u00e9voquent tant la culture espagnole que la figure embl\u00e9matique du torero, impr\u00e9gn\u00e9e d&rsquo;un esprit de bravoure et de passion.<\/p>\n<p>Le mot \u00ab\u00a0MARBELLA\u00a0\u00bb appara\u00eet dans un style moderne et accrocheur, qui apporte non seulement une touche contemporaine, mais fournit \u00e9galement un contexte g\u00e9ographique parfait pour ce souvenir significatif. Cet aimant, id\u00e9al pour orner le r\u00e9frig\u00e9rateur, agit comme un rappel constant de la vivacit\u00e9 et de la couleur de la vie andalouse, devenant un excellent choix pour les touristes et les amoureux de la culture espagnole.<\/p>\n<p>Chez Ol\u00e9 Mosaic, en tant que grossistes de souvenirs authentiques, nous proposons des produits uniques qui c\u00e9l\u00e8brent le riche h\u00e9ritage culturel de diff\u00e9rentes r\u00e9gions. Cet aimant de taureau de Marbella est une option id\u00e9ale pour les boutiques de cadeaux touristiques \u00e0 la recherche d&rsquo;articles exclusifs et repr\u00e9sentatifs, parfaits pour ramener un morceau d&rsquo;Andalousie \u00e0 la maison.<\/p>\n","protected":false},"excerpt":{"rendered":"<p>Aimant m\u00e9tallique de 8 cm d\u00e9cor\u00e9 d&rsquo;un taureau vibrant, fid\u00e8le reflet de l&rsquo;essence de Marbella. Cet aimant, sur fond noir, pr\u00e9sente un design en mosa\u00efque dans des tons rouges, jaunes et oranges qui lui apportent dynamisme et couleur. Le mot \u00ab\u00a0MARBELLA\u00a0\u00bb est imprim\u00e9 avec une typographie moderne, ajoutant une touche contemporaine. Id\u00e9al pour \u00e9voquer la tradition taurine espagnole tout en d\u00e9corant votre r\u00e9frig\u00e9rateur ou tout autre espace.<\/p>\n","protected":false},"featured_media":9985,"template":"","meta":{"_acf_changed":false},"product_brand":[],"product_cat":[697],"product_tag":[530],"class_list":{"0":"post-30823","1":"product","2":"type-product","3":"status-publish","4":"has-post-thumbnail","6":"product_cat-aimants","7":"product_tag-animaux","8":"pa_ciudad-marbella","9":"pa_motivo-taureaux","10":"pa_pais-espana","12":"first","13":"instock","14":"shipping-taxable","15":"product-type-simple"},"acf":[],"_links":{"self":[{"href":"https:\/\/olemosaic.orbitalia.org\/fr\/wp-json\/wp\/v2\/product\/30823","targetHints":{"allow":["GET"]}}],"collection":[{"href":"https:\/\/olemosaic.orbitalia.org\/fr\/wp-json\/wp\/v2\/product"}],"about":[{"href":"https:\/\/olemosaic.orbitalia.org\/fr\/wp-json\/wp\/v2\/types\/product"}],"wp:featuredmedia":[{"embeddable":true,"href":"https:\/\/olemosaic.orbitalia.org\/fr\/wp-json\/wp\/v2\/media\/9985"}],"wp:attachment":[{"href":"https:\/\/olemosaic.orbitalia.org\/fr\/wp-json\/wp\/v2\/media?parent=30823"}],"wp:term":[{"taxonomy":"product_brand","embeddable":true,"href":"https:\/\/olemosaic.orbitalia.org\/fr\/wp-json\/wp\/v2\/product_brand?post=30823"},{"taxonomy":"product_cat","embeddable":true,"href":"https:\/\/olemosaic.orbitalia.org\/fr\/wp-json\/wp\/v2\/product_cat?post=30823"},{"taxonomy":"product_tag","embeddable":true,"href":"https:\/\/olemosaic.orbitalia.org\/fr\/wp-json\/wp\/v2\/product_tag?post=30823"}],"curies":[{"name":"wp","href":"https:\/\/api.w.org\/{rel}","templated":true}]}}