{"id":30785,"date":"2025-02-20T22:32:35","date_gmt":"2025-02-20T22:32:35","guid":{"rendered":"https:\/\/olemosaic.orbitalia.org\/producto\/iman-de-metal-buho-mallorca-negro-8-cm\/"},"modified":"2025-07-25T19:50:05","modified_gmt":"2025-07-25T17:50:05","slug":"aimant-en-metal-hibou-majorque-noir-8-cm","status":"publish","type":"product","link":"https:\/\/olemosaic.orbitalia.org\/fr\/produit\/aimant-en-metal-hibou-majorque-noir-8-cm\/","title":{"rendered":"Aimant en m\u00e9tal. Hibou. Majorque. Noir. 8 cm."},"content":{"rendered":"<p>Cet aimant m\u00e9tallique de 8 cm, avec un design vibrant de hibou, est le souvenir parfait de la riche culture majorquine. La mosa\u00efque \u00e9labor\u00e9e, combinant des couleurs \u00e9clatantes comme le bleu, le jaune, le vert et le rouge, ressort sur un fond noir, mettant en valeur la figure du hibou, symbole de sagesse et de myst\u00e8re. D\u00e9cor\u00e9 du mot \u00ab\u00a0MALLORCA\u00a0\u00bb en haut, son design captivant est non seulement visuellement attrayant, mais refl\u00e8te \u00e9galement l&rsquo;art traditionnel de l&rsquo;\u00eele.<\/p>\n<p>La repr\u00e9sentation du hibou, peint dans un style \u00e9voquant les mosa\u00efques caract\u00e9ristiques de la r\u00e9gion, se connecte au riche h\u00e9ritage culturel et artistique de Majorque. Cet aimant n&rsquo;est pas seulement un objet d\u00e9coratif ; c&rsquo;est un symbole de la beaut\u00e9 et de la diversit\u00e9 que l&rsquo;\u00eele offre. Sa taille et son mat\u00e9riau le rendent id\u00e9al pour orner toute surface m\u00e9tallique, devenant un accessoire fonctionnel qui ajoute une touche color\u00e9e et culturelle aux maisons et bureaux.<\/p>\n<p>Chez Ol\u00e9 Mosaic, nous nous sp\u00e9cialisons dans la distribution de souvenirs de qualit\u00e9 en gros. Cet aimant de hibou est une excellente option pour les boutiques de cadeaux touristiques recherchant des produits authentiques et repr\u00e9sentatifs de Majorque. En choisissant nos aimants, les clients acqui\u00e8rent non seulement un souvenir visuel, mais une pi\u00e8ce de la culture et de la tradition majorquine, faisant de ce souvenir un cadeau id\u00e9al pour ceux qui souhaitent emporter avec eux un morceau de cette magnifique \u00eele.<\/p>\n","protected":false},"excerpt":{"rendered":"<p>Aimant m\u00e9tallique de 8 cm avec un design vibrant de hibou, inspir\u00e9 de la culture majorquine. Cet aimant pr\u00e9sente une mosa\u00efque \u00e9labor\u00e9e de couleurs \u00e9clatantes, telles que le bleu, le jaune, le vert et le rouge, sur un fond noir qui fait ressortir sa silhouette. D\u00e9cor\u00e9 du mot \u00ab\u00a0MALLORCA\u00a0\u00bb en haut, cet article allie art et fonctionnalit\u00e9, constituant un souvenir id\u00e9al de la beaut\u00e9 et de la richesse culturelle de l&rsquo;\u00eele.<\/p>\n","protected":false},"featured_media":11438,"template":"","meta":{"_acf_changed":false},"product_brand":[],"product_cat":[697],"product_tag":[530],"class_list":{"0":"post-30785","1":"product","2":"type-product","3":"status-publish","4":"has-post-thumbnail","6":"product_cat-aimants","7":"product_tag-animaux","8":"pa_ciudad-mallorca","9":"pa_motivo-hiboux","10":"pa_pais-espana","12":"first","13":"instock","14":"shipping-taxable","15":"product-type-simple"},"acf":[],"_links":{"self":[{"href":"https:\/\/olemosaic.orbitalia.org\/fr\/wp-json\/wp\/v2\/product\/30785","targetHints":{"allow":["GET"]}}],"collection":[{"href":"https:\/\/olemosaic.orbitalia.org\/fr\/wp-json\/wp\/v2\/product"}],"about":[{"href":"https:\/\/olemosaic.orbitalia.org\/fr\/wp-json\/wp\/v2\/types\/product"}],"wp:featuredmedia":[{"embeddable":true,"href":"https:\/\/olemosaic.orbitalia.org\/fr\/wp-json\/wp\/v2\/media\/11438"}],"wp:attachment":[{"href":"https:\/\/olemosaic.orbitalia.org\/fr\/wp-json\/wp\/v2\/media?parent=30785"}],"wp:term":[{"taxonomy":"product_brand","embeddable":true,"href":"https:\/\/olemosaic.orbitalia.org\/fr\/wp-json\/wp\/v2\/product_brand?post=30785"},{"taxonomy":"product_cat","embeddable":true,"href":"https:\/\/olemosaic.orbitalia.org\/fr\/wp-json\/wp\/v2\/product_cat?post=30785"},{"taxonomy":"product_tag","embeddable":true,"href":"https:\/\/olemosaic.orbitalia.org\/fr\/wp-json\/wp\/v2\/product_tag?post=30785"}],"curies":[{"name":"wp","href":"https:\/\/api.w.org\/{rel}","templated":true}]}}