{"id":30784,"date":"2025-02-20T23:32:35","date_gmt":"2025-02-20T22:32:35","guid":{"rendered":"https:\/\/olemosaic.orbitalia.org\/producto\/iman-de-metal-salamandra-8-cm-2\/"},"modified":"2025-07-25T18:51:03","modified_gmt":"2025-07-25T16:51:03","slug":"aimant-en-metal-salamandre-8-cm-2","status":"publish","type":"product","link":"https:\/\/olemosaic.orbitalia.org\/fr\/produit\/aimant-en-metal-salamandre-8-cm-2\/","title":{"rendered":"Aimant en m\u00e9tal. Salamandre. Mosa\u00efque. 8 cm."},"content":{"rendered":"<p>Cet aimant m\u00e9tallique de 8 cm, orn\u00e9 d&rsquo;une salamandre color\u00e9e, est un hommage \u00e0 la c\u00e9l\u00e8bre mosa\u00efque de Gaud\u00ed, capturant l&rsquo;essence artistique de Barcelone. Avec un design vibrant, cet aimant pr\u00e9sente une palette de bleus, verts, jaunes et rouges, \u00e9voquant la richesse de la c\u00e9ramique moderniste de la ville. La salamandre, symbole de la cr\u00e9ativit\u00e9 et de l&rsquo;innovation de Gaud\u00ed, se d\u00e9ploie avec \u00e9l\u00e9gance sur un fond de mosa\u00efque, soulignant le savoir-faire artisanal qui caract\u00e9rise ces souvenirs. Les d\u00e9tails soigneusement \u00e9labor\u00e9s et la finition brillante font de cet aimant non seulement un objet d\u00e9coratif attrayant, mais aussi une pi\u00e8ce qui ravira ceux qui cherchent \u00e0 emporter un souvenir authentique de la culture catalane. Parfait pour les visiteurs de Barcelone, cet aimant est un cadeau id\u00e9al ou un souvenir significatif qui connecte avec l&rsquo;histoire riche et vibrante de la ville. Chez Ol\u00e9 Mosaic, nous sommes sp\u00e9cialistes de la distribution de souvenirs de Barcelone en gros, offrant des produits qui se distinguent par leur style et leur authenticit\u00e9, parfaits pour les boutiques de cadeaux touristiques souhaitant attirer l&rsquo;attention des visiteurs.<\/p>\n","protected":false},"excerpt":{"rendered":"<p>Aimant m\u00e9tallique de 8 cm, d\u00e9cor\u00e9 d&rsquo;une salamandre color\u00e9e \u00e9voquant la c\u00e9l\u00e8bre mosa\u00efque de Gaud\u00ed. Cet aimant attrayant pr\u00e9sente une palette vibrante de bleus, verts, jaunes et rouges, reproduisant le corps de la salamandre sur un fond de mosa\u00efque. Les d\u00e9tails du design lui conf\u00e8rent une finition brillante, id\u00e9ale pour ajouter une touche artistique \u00e0 toute surface m\u00e9tallique. Un souvenir parfait de la richesse culturelle de Barcelone.<\/p>\n","protected":false},"featured_media":12868,"template":"","meta":{"_acf_changed":false},"product_brand":[],"product_cat":[697],"product_tag":[530],"class_list":{"0":"post-30784","1":"product","2":"type-product","3":"status-publish","4":"has-post-thumbnail","6":"product_cat-aimants","7":"product_tag-animaux","8":"pa_motivo-salamandres","10":"first","11":"instock","12":"shipping-taxable","13":"product-type-simple"},"acf":[],"_links":{"self":[{"href":"https:\/\/olemosaic.orbitalia.org\/fr\/wp-json\/wp\/v2\/product\/30784","targetHints":{"allow":["GET"]}}],"collection":[{"href":"https:\/\/olemosaic.orbitalia.org\/fr\/wp-json\/wp\/v2\/product"}],"about":[{"href":"https:\/\/olemosaic.orbitalia.org\/fr\/wp-json\/wp\/v2\/types\/product"}],"wp:featuredmedia":[{"embeddable":true,"href":"https:\/\/olemosaic.orbitalia.org\/fr\/wp-json\/wp\/v2\/media\/12868"}],"wp:attachment":[{"href":"https:\/\/olemosaic.orbitalia.org\/fr\/wp-json\/wp\/v2\/media?parent=30784"}],"wp:term":[{"taxonomy":"product_brand","embeddable":true,"href":"https:\/\/olemosaic.orbitalia.org\/fr\/wp-json\/wp\/v2\/product_brand?post=30784"},{"taxonomy":"product_cat","embeddable":true,"href":"https:\/\/olemosaic.orbitalia.org\/fr\/wp-json\/wp\/v2\/product_cat?post=30784"},{"taxonomy":"product_tag","embeddable":true,"href":"https:\/\/olemosaic.orbitalia.org\/fr\/wp-json\/wp\/v2\/product_tag?post=30784"}],"curies":[{"name":"wp","href":"https:\/\/api.w.org\/{rel}","templated":true}]}}