{"id":30782,"date":"2025-02-20T22:32:34","date_gmt":"2025-02-20T22:32:34","guid":{"rendered":"https:\/\/olemosaic.orbitalia.org\/producto\/iman-de-metal-flamenco-8-cm\/"},"modified":"2025-07-25T19:38:50","modified_gmt":"2025-07-25T17:38:50","slug":"aimant-en-metal-flamant-rose-8-cm","status":"publish","type":"product","link":"https:\/\/olemosaic.orbitalia.org\/fr\/produit\/aimant-en-metal-flamant-rose-8-cm\/","title":{"rendered":"Aimant en m\u00e9tal. Flamant rose. 8 cm."},"content":{"rendered":"<p>Cet aimant m\u00e9tallique de 8 cm est un chef-d&rsquo;\u0153uvre miniature, parfait pour les amateurs d&rsquo;art et de culture espagnole. Avec deux flamants roses entrelac\u00e9s comme protagonistes, ce design vibrant et color\u00e9 s&rsquo;inspire du c\u00e9l\u00e8bre art de la mosa\u00efque andalouse, ajoutant une touche artistique \u00e0 toute surface m\u00e9tallique. Les flamants roses, avec leurs nuances de rose, de rouge et de bleu, \u00e9voquent la beaut\u00e9 de la faune espagnole et la chaleur de ses paysages naturels.<\/p>\n<p>Le fond clair souligne les d\u00e9tails graphiques des oiseaux, capturant l&rsquo;essence du folklore andalou et son lien \u00e9troit avec la tradition artistique de la r\u00e9gion. Cet aimant n&rsquo;est pas seulement un accessoire fonctionnel, mais aussi un souvenir repr\u00e9sentatif qui c\u00e9l\u00e8bre l&rsquo;authenticit\u00e9 et le patrimoine culturel de l&rsquo;Espagne.<\/p>\n<p>Faisant partie de l&rsquo;offre d&rsquo;Ol\u00e9 Mosaic, cet aimant de flamant rose est un excellent souvenir, unique et parfait pour les touristes cherchant \u00e0 emporter un morceau de la culture andalouse. Notre entreprise est sp\u00e9cialis\u00e9e dans la distribution de souvenirs en gros, offrant des produits authentiques qui mettent en valeur le meilleur de chaque r\u00e9gion. Id\u00e9al pour les boutiques de cadeaux touristiques souhaitant proposer des articles de qualit\u00e9 et de pertinence culturelle, cet aimant est un choix infaillible pour capter l&rsquo;attention de vos clients.<\/p>\n","protected":false},"excerpt":{"rendered":"<p>Aimant m\u00e9tallique de 8 cm avec deux flamants roses entrelac\u00e9s, inspir\u00e9 de l&rsquo;art de la mosa\u00efque andalouse. Cet aimant se distingue par son design vibrant et color\u00e9, avec des tons roses, rouges et bleus qui \u00e9voquent la beaut\u00e9 de la faune espagnole. Les d\u00e9tails graphiques des flamants roses, sur un fond clair, refl\u00e8tent l&rsquo;essence du folklore andalou et ajoutent une touche artistique et \u00e9l\u00e9gante \u00e0 toute surface m\u00e9tallique. Parfait comme souvenir unique d&rsquo;Espagne.<\/p>\n","protected":false},"featured_media":12866,"template":"","meta":{"_acf_changed":false},"product_brand":[],"product_cat":[697],"product_tag":[530],"class_list":{"0":"post-30782","1":"product","2":"type-product","3":"status-publish","4":"has-post-thumbnail","6":"product_cat-aimants","7":"product_tag-animaux","8":"pa_motivo-flamants-roses","10":"first","11":"instock","12":"shipping-taxable","13":"product-type-simple"},"acf":[],"_links":{"self":[{"href":"https:\/\/olemosaic.orbitalia.org\/fr\/wp-json\/wp\/v2\/product\/30782","targetHints":{"allow":["GET"]}}],"collection":[{"href":"https:\/\/olemosaic.orbitalia.org\/fr\/wp-json\/wp\/v2\/product"}],"about":[{"href":"https:\/\/olemosaic.orbitalia.org\/fr\/wp-json\/wp\/v2\/types\/product"}],"wp:featuredmedia":[{"embeddable":true,"href":"https:\/\/olemosaic.orbitalia.org\/fr\/wp-json\/wp\/v2\/media\/12866"}],"wp:attachment":[{"href":"https:\/\/olemosaic.orbitalia.org\/fr\/wp-json\/wp\/v2\/media?parent=30782"}],"wp:term":[{"taxonomy":"product_brand","embeddable":true,"href":"https:\/\/olemosaic.orbitalia.org\/fr\/wp-json\/wp\/v2\/product_brand?post=30782"},{"taxonomy":"product_cat","embeddable":true,"href":"https:\/\/olemosaic.orbitalia.org\/fr\/wp-json\/wp\/v2\/product_cat?post=30782"},{"taxonomy":"product_tag","embeddable":true,"href":"https:\/\/olemosaic.orbitalia.org\/fr\/wp-json\/wp\/v2\/product_tag?post=30782"}],"curies":[{"name":"wp","href":"https:\/\/api.w.org\/{rel}","templated":true}]}}