{"id":30771,"date":"2025-02-20T23:32:34","date_gmt":"2025-02-20T22:32:34","guid":{"rendered":"https:\/\/olemosaic.orbitalia.org\/producto\/iman-de-metal-panoramica-lisboa-8-cm-2\/"},"modified":"2025-07-25T18:37:47","modified_gmt":"2025-07-25T16:37:47","slug":"aimant-metal-panoramique-lisbonne-8-cm-2","status":"publish","type":"product","link":"https:\/\/olemosaic.orbitalia.org\/fr\/produit\/aimant-metal-panoramique-lisbonne-8-cm-2\/","title":{"rendered":"Aimant en m\u00e9tal. Panoramique. Toits. Lisbonne. Portugal. 8 cm."},"content":{"rendered":"<p>Cet aimant m\u00e9tallique de 8 cm repr\u00e9sente un panorama impressionnant de Lisbonne, capturant l&rsquo;essence vibrante de la capitale portugaise. Son design se distingue par une repr\u00e9sentation color\u00e9e des toits des maisons typiques, entass\u00e9es sur les collines de la ville, encadr\u00e9es par le bleu du ciel et de l&rsquo;oc\u00e9an. La coupole iconique d&rsquo;une \u00e9glise \u00e9l\u00e8ve visuellement l&rsquo;\u0153uvre, cr\u00e9ant un point focal qui symbolise le riche h\u00e9ritage architectural de Lisbonne. Entour\u00e9 d&rsquo;un fond bleu vibrant, l&rsquo;aimant est orn\u00e9 de motifs g\u00e9om\u00e9triques blancs et bleus, inspir\u00e9s des azulejos traditionnels portugais, qui ajoutent une dimension artistique et culturelle \u00e0 cette pi\u00e8ce.<\/p>\n<p>Cet aimant n&rsquo;est pas seulement un souvenir fonctionnel, mais aussi une repr\u00e9sentation authentique du charme lisbo\u00e8te. En tant que souvenir de Lisbonne, il est id\u00e9al pour ceux qui souhaitent emporter un morceau de la ville, se rappelant ses couleurs vibrantes et sa richesse culturelle chaque fois qu&rsquo;ils le contemplent. Chez Ol\u00e9 Mosaic, nous nous sp\u00e9cialisons dans la distribution de souvenirs en gros, offrant des produits authentiques qui mettent en valeur la tradition et la beaut\u00e9 de chaque r\u00e9gion. Cet aimant panoramique de Lisbonne est une excellente option pour les boutiques de cadeaux touristiques \u00e0 la recherche d&rsquo;articles qui cr\u00e9ent un lien \u00e9motionnel avec les visiteurs, devenant un souvenir inoubliable de leur exp\u00e9rience dans la capitale portugaise.<\/p>\n","protected":false},"excerpt":{"rendered":"<p>Aimant m\u00e9tallique de 8 cm montrant un panorama color\u00e9 de Lisbonne, soulignant sa c\u00e9l\u00e8bre architecture. Le design inclut une repr\u00e9sentation de toits pittoresques et la coupole iconique d&rsquo;une \u00e9glise, sur un fond bleu vibrant. D\u00e9cor\u00e9 de motifs g\u00e9om\u00e9triques blancs et bleus, cet aimant capture l&rsquo;essence du charme lisbo\u00e8te, offrant un souvenir parfait de la capitale portugaise. Id\u00e9al pour toute collection de souvenirs.<\/p>\n","protected":false},"featured_media":11199,"template":"","meta":{"_acf_changed":false},"product_brand":[],"product_cat":[697],"product_tag":[],"class_list":{"0":"post-30771","1":"product","2":"type-product","3":"status-publish","4":"has-post-thumbnail","6":"product_cat-aimants","7":"pa_ciudad-lisboa","8":"pa_motivo-panoramas","9":"pa_pais-portugal","11":"first","12":"instock","13":"shipping-taxable","14":"product-type-simple"},"acf":[],"_links":{"self":[{"href":"https:\/\/olemosaic.orbitalia.org\/fr\/wp-json\/wp\/v2\/product\/30771","targetHints":{"allow":["GET"]}}],"collection":[{"href":"https:\/\/olemosaic.orbitalia.org\/fr\/wp-json\/wp\/v2\/product"}],"about":[{"href":"https:\/\/olemosaic.orbitalia.org\/fr\/wp-json\/wp\/v2\/types\/product"}],"wp:featuredmedia":[{"embeddable":true,"href":"https:\/\/olemosaic.orbitalia.org\/fr\/wp-json\/wp\/v2\/media\/11199"}],"wp:attachment":[{"href":"https:\/\/olemosaic.orbitalia.org\/fr\/wp-json\/wp\/v2\/media?parent=30771"}],"wp:term":[{"taxonomy":"product_brand","embeddable":true,"href":"https:\/\/olemosaic.orbitalia.org\/fr\/wp-json\/wp\/v2\/product_brand?post=30771"},{"taxonomy":"product_cat","embeddable":true,"href":"https:\/\/olemosaic.orbitalia.org\/fr\/wp-json\/wp\/v2\/product_cat?post=30771"},{"taxonomy":"product_tag","embeddable":true,"href":"https:\/\/olemosaic.orbitalia.org\/fr\/wp-json\/wp\/v2\/product_tag?post=30771"}],"curies":[{"name":"wp","href":"https:\/\/api.w.org\/{rel}","templated":true}]}}