{"id":30770,"date":"2025-02-20T22:32:34","date_gmt":"2025-02-20T22:32:34","guid":{"rendered":"https:\/\/olemosaic.orbitalia.org\/producto\/iman-de-metal-bailaora-alicante-negro-8-cm\/"},"modified":"2025-07-25T19:07:16","modified_gmt":"2025-07-25T17:07:16","slug":"aimant-metal-danseuse-flamenco-alicante-noir-8-cm","status":"publish","type":"product","link":"https:\/\/olemosaic.orbitalia.org\/fr\/produit\/aimant-metal-danseuse-flamenco-alicante-noir-8-cm\/","title":{"rendered":"Aimant en m\u00e9tal. Danseuse de Flamenco. Alicante. Noir. 8 cm."},"content":{"rendered":"<p>Cet aimant m\u00e9tallique de 8 cm repr\u00e9sente une danseuse de flamenco typique d&rsquo;Alicante, capturant l&rsquo;essence vibrante du flamenco espagnol. La figure, au design exquis, montre la danseuse avec une robe pleine de couleurs \u00e9clatantes simulant les motifs festifs de la culture andalouse, \u00e9voquant la joie et le mouvement de l&rsquo;art flamenco. La danseuse, avec sa coiffure \u00e9l\u00e9gante et une fleur rouge dans les cheveux, irradie gr\u00e2ce et \u00e9nergie, avec une posture qui souligne sa passion pour cet art traditionnel. Le fond noir n&rsquo;accentue pas seulement la beaut\u00e9 de la figure, mais ajoute \u00e9galement une touche moderne et sophistiqu\u00e9e au design.<\/p>\n<p>Le nom \u00ab\u00a0ALICANTE\u00a0\u00bb se d\u00e9tache en grandes lettres frappantes, cr\u00e9ant une connexion imm\u00e9diate avec la r\u00e9gion qu&rsquo;il repr\u00e9sente. Cet aimant n&rsquo;est pas seulement un souvenir visuel, mais un hommage aux racines culturelles d&rsquo;Alicante, un lieu c\u00e9l\u00e8bre pour ses festivit\u00e9s et ses traditions flamencas.<\/p>\n<p>Parfait comme souvenir, cet aimant combine beaut\u00e9, art et authenticit\u00e9, garantissant que, chaque fois qu&rsquo;on le regarde, il rappelle la culture vibrante et l&rsquo;esprit de l&rsquo;Espagne. Chez Ol\u00e9 Mosaic, nous sommes sp\u00e9cialistes de la distribution de souvenirs en gros, offrant des produits comme cet aimant qui capture l&rsquo;essence des souvenirs d&rsquo;Alicante. Une excellente option pour les boutiques de cadeaux touristiques \u00e0 la recherche de produits embl\u00e9matiques.<\/p>\n","protected":false},"excerpt":{"rendered":"<p>Aimant m\u00e9tallique de 8 cm repr\u00e9sentant une danseuse de flamenco typique d&rsquo;Alicante. Le design montre la danseuse avec une robe pleine de couleurs vibrantes, \u00e9voquant l&rsquo;art du flamenco. La figure se dresse sur un fond noir qui souligne sa beaut\u00e9 et son \u00e9laboration, tandis que le nom \u00ab\u00a0ALICANTE\u00a0\u00bb se d\u00e9tache en grandes lettres frappantes. Cet aimant combine des \u00e9l\u00e9ments culturels avec une finition moderne, parfait pour \u00e9voquer l&rsquo;essence espagnole.<\/p>\n","protected":false},"featured_media":10556,"template":"","meta":{"_acf_changed":false},"product_brand":[],"product_cat":[697],"product_tag":[],"class_list":{"0":"post-30770","1":"product","2":"type-product","3":"status-publish","4":"has-post-thumbnail","6":"product_cat-aimants","7":"pa_ciudad-alicante","8":"pa_motivo-danseurs","9":"pa_pais-espana","11":"first","12":"instock","13":"shipping-taxable","14":"product-type-simple"},"acf":[],"_links":{"self":[{"href":"https:\/\/olemosaic.orbitalia.org\/fr\/wp-json\/wp\/v2\/product\/30770","targetHints":{"allow":["GET"]}}],"collection":[{"href":"https:\/\/olemosaic.orbitalia.org\/fr\/wp-json\/wp\/v2\/product"}],"about":[{"href":"https:\/\/olemosaic.orbitalia.org\/fr\/wp-json\/wp\/v2\/types\/product"}],"wp:featuredmedia":[{"embeddable":true,"href":"https:\/\/olemosaic.orbitalia.org\/fr\/wp-json\/wp\/v2\/media\/10556"}],"wp:attachment":[{"href":"https:\/\/olemosaic.orbitalia.org\/fr\/wp-json\/wp\/v2\/media?parent=30770"}],"wp:term":[{"taxonomy":"product_brand","embeddable":true,"href":"https:\/\/olemosaic.orbitalia.org\/fr\/wp-json\/wp\/v2\/product_brand?post=30770"},{"taxonomy":"product_cat","embeddable":true,"href":"https:\/\/olemosaic.orbitalia.org\/fr\/wp-json\/wp\/v2\/product_cat?post=30770"},{"taxonomy":"product_tag","embeddable":true,"href":"https:\/\/olemosaic.orbitalia.org\/fr\/wp-json\/wp\/v2\/product_tag?post=30770"}],"curies":[{"name":"wp","href":"https:\/\/api.w.org\/{rel}","templated":true}]}}