{"id":30767,"date":"2025-02-20T23:32:34","date_gmt":"2025-02-20T22:32:34","guid":{"rendered":"https:\/\/olemosaic.orbitalia.org\/producto\/iman-de-metal-sagrada-familia-barcelona-8-cm-18\/"},"modified":"2025-07-25T18:35:47","modified_gmt":"2025-07-25T16:35:47","slug":"aimant-metal-sagrada-familia-barcelone-8-cm-18","status":"publish","type":"product","link":"https:\/\/olemosaic.orbitalia.org\/fr\/produit\/aimant-metal-sagrada-familia-barcelone-8-cm-18\/","title":{"rendered":"Aimant en m\u00e9tal. Sagrada Familia. Architecture Gaud\u00ed. Barcelone. 8 cm."},"content":{"rendered":"<p>Cet aimant m\u00e9tallique de 8 cm repr\u00e9sente l&#8217;embl\u00e9matique Sagrada Familia de Barcelone, un chef-d&rsquo;\u0153uvre architectural d&rsquo;Antoni Gaud\u00ed et un symbole incontest\u00e9 de la ville. Con\u00e7u dans un style vibrant et color\u00e9, cet aimant capture l&rsquo;essence du temple iconique \u00e0 travers des illustrations d\u00e9taill\u00e9es en mosa\u00efque qui soulignent ses caract\u00e9ristiques les plus distinctives : les tours sculpt\u00e9es et les fa\u00e7ades d\u00e9cor\u00e9es qui semblent prendre vie avec leurs nuances lumineuses. Dans la partie sup\u00e9rieure, le nom \u00ab\u00a0Barcelona\u00a0\u00bb est affich\u00e9 de mani\u00e8re pro\u00e9minente, cr\u00e9ant un lien imm\u00e9diat avec la ville et sa culture riche et diversifi\u00e9e.<\/p>\n<p>Ce souvenir n&rsquo;orne pas seulement n&rsquo;importe quelle surface magn\u00e9tique, mais agit \u00e9galement comme un rappel visuel de la beaut\u00e9 unique de Barcelone, parfait pour les collectionneurs et les amateurs d&rsquo;art. La Sagrada Familia, en construction depuis 1882, symbolise la connexion entre l&rsquo;histoire, l&rsquo;architecture innovante et la ferveur artistique qui caract\u00e9rise la capitale catalane.<\/p>\n<p>Chez Ol\u00e9 Mosaic, nous nous sp\u00e9cialisons dans la distribution de souvenirs en gros, et cet aimant de la Sagrada Familia se positionne comme une excellente option pour les boutiques de cadeaux touristiques \u00e0 la recherche de produits authentiques et repr\u00e9sentatifs. C&rsquo;est un souvenir id\u00e9al pour les touristes qui souhaitent emporter un morceau de Barcelone, alliant design, culture et une touche d&rsquo;art dans chaque pi\u00e8ce.<\/p>\n","protected":false},"excerpt":{"rendered":"<p>Aimant en m\u00e9tal de 8 cm repr\u00e9sentant l&#8217;embl\u00e9matique Sagrada Familia de Barcelone. Cet aimant color\u00e9 pr\u00e9sente une illustration vibrante avec des d\u00e9tails en mosa\u00efque, capturant l&rsquo;essence architecturale de l&rsquo;\u0153uvre d&rsquo;Antoni Gaud\u00ed. Avec le nom \u00ab\u00a0Barcelona\u00a0\u00bb mis en avant sur la partie sup\u00e9rieure, ce souvenir est parfait pour se souvenir de la beaut\u00e9 de la ville et ajouter une touche artistique \u00e0 toute surface m\u00e9tallique. Id\u00e9al pour les collectionneurs et les amateurs d&rsquo;art.<\/p>\n","protected":false},"featured_media":11395,"template":"","meta":{"_acf_changed":false},"product_brand":[],"product_cat":[697],"product_tag":[],"class_list":{"0":"post-30767","1":"product","2":"type-product","3":"status-publish","4":"has-post-thumbnail","6":"product_cat-aimants","7":"pa_ciudad-barcelona","8":"pa_motivo-sagrada-familia","9":"pa_pais-espana","11":"first","12":"instock","13":"shipping-taxable","14":"product-type-simple"},"acf":[],"_links":{"self":[{"href":"https:\/\/olemosaic.orbitalia.org\/fr\/wp-json\/wp\/v2\/product\/30767","targetHints":{"allow":["GET"]}}],"collection":[{"href":"https:\/\/olemosaic.orbitalia.org\/fr\/wp-json\/wp\/v2\/product"}],"about":[{"href":"https:\/\/olemosaic.orbitalia.org\/fr\/wp-json\/wp\/v2\/types\/product"}],"wp:featuredmedia":[{"embeddable":true,"href":"https:\/\/olemosaic.orbitalia.org\/fr\/wp-json\/wp\/v2\/media\/11395"}],"wp:attachment":[{"href":"https:\/\/olemosaic.orbitalia.org\/fr\/wp-json\/wp\/v2\/media?parent=30767"}],"wp:term":[{"taxonomy":"product_brand","embeddable":true,"href":"https:\/\/olemosaic.orbitalia.org\/fr\/wp-json\/wp\/v2\/product_brand?post=30767"},{"taxonomy":"product_cat","embeddable":true,"href":"https:\/\/olemosaic.orbitalia.org\/fr\/wp-json\/wp\/v2\/product_cat?post=30767"},{"taxonomy":"product_tag","embeddable":true,"href":"https:\/\/olemosaic.orbitalia.org\/fr\/wp-json\/wp\/v2\/product_tag?post=30767"}],"curies":[{"name":"wp","href":"https:\/\/api.w.org\/{rel}","templated":true}]}}