{"id":30764,"date":"2025-02-20T23:32:33","date_gmt":"2025-02-20T22:32:33","guid":{"rendered":"https:\/\/olemosaic.orbitalia.org\/producto\/iman-de-metal-panoramica-barcelona-8-cm-10\/"},"modified":"2025-07-25T20:28:26","modified_gmt":"2025-07-25T18:28:26","slug":"aimant-en-metal-panoramique-barcelone-8-cm-10","status":"publish","type":"product","link":"https:\/\/olemosaic.orbitalia.org\/fr\/produit\/aimant-en-metal-panoramique-barcelone-8-cm-10\/","title":{"rendered":"Aimant en m\u00e9tal. Panoramique. Mir\u00f3. I \u2665 Barcelona. Barcelone. 8 cm."},"content":{"rendered":"<p>Cet aimant m\u00e9tallique de 8 cm capture une vue panoramique vibrante de Barcelone, devenant un souvenir incontournable pour ceux qui souhaitent emporter avec eux l&rsquo;essence de cette ville embl\u00e9matique. Le design, \u00e9labor\u00e9 avec la technique du trencad\u00eds, rend hommage \u00e0 la cr\u00e9ativit\u00e9 barcelonaise, mettant en avant des ic\u00f4nes architecturales telles que la majestueuse Sagrada Familia et les \u0153uvres color\u00e9es de Joan Mir\u00f3. Ces \u00e9l\u00e9ments s&rsquo;int\u00e8grent sur un fond frappant qui \u00e9voque les couleurs vives de la M\u00e9diterran\u00e9e, attirant le regard de tout amateur d&rsquo;art et de culture.<\/p>\n<p>L&rsquo;inscription \u00ab\u00a0I \u2665 Barcelona\u00a0\u00bb ressort dans la partie sup\u00e9rieure, encapsulant l&rsquo;esprit d&rsquo;une ville qui s\u00e9duit par son histoire, son architecture et sa vie urbaine vibrante. Cet aimant n&rsquo;est pas seulement un souvenir de Barcelone, mais aussi une pi\u00e8ce qui c\u00e9l\u00e8bre la richesse culturelle et patrimoniale de la ville. Il est parfait pour ceux qui recherchent un souvenir authentique repr\u00e9sentant leurs exp\u00e9riences dans la ville.<\/p>\n<p>Chez Ol\u00e9 Mosaic, nous nous sp\u00e9cialisons dans la distribution de souvenirs en gros et proposons cet aimant comme une excellente option pour les boutiques de cadeaux touristiques souhaitant offrir \u00e0 leurs clients un produit de qualit\u00e9 refl\u00e9tant l&rsquo;identit\u00e9 de Barcelone. Cet aimant est un exemple parfait de l&rsquo;artisanat local et de l&rsquo;esprit vibrant de la ville, devenant une pi\u00e8ce attrayante tant pour les touristes que pour les collectionneurs.<\/p>\n","protected":false},"excerpt":{"rendered":"<p>Aimant m\u00e9tallique de 8 cm avec une vue panoramique vibrante de Barcelone. D\u00e9cor\u00e9 d&rsquo;un design en trencad\u00eds, cet aimant montre des ic\u00f4nes embl\u00e9matiques comme la Sagrada Familia et le Mir\u00f3, rehauss\u00e9s par un fond color\u00e9 et frappant. L&rsquo;inscription \u00ab\u00a0I \u2665 Barcelona\u00a0\u00bb se distingue dans la partie sup\u00e9rieure, capturant l&rsquo;esprit de la ville. Id\u00e9al comme souvenir, cet aimant combine art et symbolisme, devenant une pi\u00e8ce indispensable pour les amoureux de Barcelone.<\/p>\n","protected":false},"featured_media":11418,"template":"","meta":{"_acf_changed":false},"product_brand":[],"product_cat":[697],"product_tag":[],"class_list":{"0":"post-30764","1":"product","2":"type-product","3":"status-publish","4":"has-post-thumbnail","6":"product_cat-aimants","7":"pa_ciudad-barcelona","8":"pa_motivo-panoramas","9":"pa_pais-espana","11":"first","12":"instock","13":"shipping-taxable","14":"product-type-simple"},"acf":[],"_links":{"self":[{"href":"https:\/\/olemosaic.orbitalia.org\/fr\/wp-json\/wp\/v2\/product\/30764","targetHints":{"allow":["GET"]}}],"collection":[{"href":"https:\/\/olemosaic.orbitalia.org\/fr\/wp-json\/wp\/v2\/product"}],"about":[{"href":"https:\/\/olemosaic.orbitalia.org\/fr\/wp-json\/wp\/v2\/types\/product"}],"wp:featuredmedia":[{"embeddable":true,"href":"https:\/\/olemosaic.orbitalia.org\/fr\/wp-json\/wp\/v2\/media\/11418"}],"wp:attachment":[{"href":"https:\/\/olemosaic.orbitalia.org\/fr\/wp-json\/wp\/v2\/media?parent=30764"}],"wp:term":[{"taxonomy":"product_brand","embeddable":true,"href":"https:\/\/olemosaic.orbitalia.org\/fr\/wp-json\/wp\/v2\/product_brand?post=30764"},{"taxonomy":"product_cat","embeddable":true,"href":"https:\/\/olemosaic.orbitalia.org\/fr\/wp-json\/wp\/v2\/product_cat?post=30764"},{"taxonomy":"product_tag","embeddable":true,"href":"https:\/\/olemosaic.orbitalia.org\/fr\/wp-json\/wp\/v2\/product_tag?post=30764"}],"curies":[{"name":"wp","href":"https:\/\/api.w.org\/{rel}","templated":true}]}}