{"id":30763,"date":"2025-02-20T23:32:33","date_gmt":"2025-02-20T22:32:33","guid":{"rendered":"https:\/\/olemosaic.orbitalia.org\/producto\/iman-de-metal-sagrada-familia-barcelona-8-cm-17\/"},"modified":"2025-07-25T18:47:11","modified_gmt":"2025-07-25T16:47:11","slug":"aimant-en-metal-sagrada-familia-barcelone-8-cm-17","status":"publish","type":"product","link":"https:\/\/olemosaic.orbitalia.org\/fr\/produit\/aimant-en-metal-sagrada-familia-barcelone-8-cm-17\/","title":{"rendered":"Aimant en m\u00e9tal. Sagrada Familia. Architecture Barcelone. 8 cm."},"content":{"rendered":"<p>Cet aimant m\u00e9tallique de 8 cm pr\u00e9sente une illustration vibrante de la c\u00e9l\u00e8bre Sagrada Familia, le monument embl\u00e9matique de Barcelone con\u00e7u par le c\u00e9l\u00e8bre architecte Antoni Gaud\u00ed. Avec une palette color\u00e9e de tons vifs, le design capture l&rsquo;essence moderniste de ce chef-d&rsquo;\u0153uvre architectural, le faisant ressortir de mani\u00e8re merveilleuse. Les d\u00e9tails vifs des tours de la Sagrada Familia rendent hommage \u00e0 la singularit\u00e9 de Gaud\u00ed, montrant ses formes dynamiques et son ornementation distinctive. Dans la partie sup\u00e9rieure, le texte \u00ab\u00a0I \u2665 Barcelona\u00a0\u00bb ajoute une touche personnelle et \u00e9motionnelle, transformant cet aimant en souvenir parfait pour ceux qui aiment cette ville magnifique et sa riche culture.<\/p>\n<p>Cet aimant n&rsquo;est pas seulement une charmante d\u00e9coration pour le r\u00e9frig\u00e9rateur, mais sert \u00e9galement de rappel tangible de l&rsquo;une des principales attractions de Barcelone, id\u00e9al pour les touristes qui souhaitent emporter un morceau de la ville avec eux. Chez Ol\u00e9 Mosaic, nous proposons des souvenirs authentiques qui se distinguent par leur qualit\u00e9 et leur connexion culturelle. Cet aimant de la Sagrada Familia est une excellente option pour les boutiques de cadeaux touristiques recherchant des produits repr\u00e9sentatifs. En tant que distributeurs de souvenirs en gros, nous garantissons l&rsquo;authenticit\u00e9 et le design attrayant de chaque pi\u00e8ce.<\/p>\n","protected":false},"excerpt":{"rendered":"<p>Aimant m\u00e9tallique de 8 cm avec une illustration color\u00e9e de la Sagrada Familia, le monument embl\u00e9matique de Barcelone. Ce design attrayant se distingue par ses couleurs vives et ses d\u00e9tails \u00e9voquant le style moderniste d&rsquo;Antoni Gaud\u00ed, avec son architecture et ses tours caract\u00e9ristiques. Sur la partie sup\u00e9rieure de l&rsquo;aimant, on peut lire \u00ab\u00a0I \u2665 Barcelona\u00a0\u00bb, ce qui en fait le souvenir parfait pour les amoureux de la ville et de sa culture. Id\u00e9al pour d\u00e9corer votre r\u00e9frig\u00e9rateur ou pour offrir.<\/p>\n","protected":false},"featured_media":13542,"template":"","meta":{"_acf_changed":false},"product_brand":[],"product_cat":[697],"product_tag":[],"class_list":{"0":"post-30763","1":"product","2":"type-product","3":"status-publish","4":"has-post-thumbnail","6":"product_cat-aimants","7":"pa_ciudad-barcelona","8":"pa_motivo-sagrada-familia","9":"pa_pais-espana","11":"first","12":"instock","13":"shipping-taxable","14":"product-type-simple"},"acf":[],"_links":{"self":[{"href":"https:\/\/olemosaic.orbitalia.org\/fr\/wp-json\/wp\/v2\/product\/30763","targetHints":{"allow":["GET"]}}],"collection":[{"href":"https:\/\/olemosaic.orbitalia.org\/fr\/wp-json\/wp\/v2\/product"}],"about":[{"href":"https:\/\/olemosaic.orbitalia.org\/fr\/wp-json\/wp\/v2\/types\/product"}],"wp:featuredmedia":[{"embeddable":true,"href":"https:\/\/olemosaic.orbitalia.org\/fr\/wp-json\/wp\/v2\/media\/13542"}],"wp:attachment":[{"href":"https:\/\/olemosaic.orbitalia.org\/fr\/wp-json\/wp\/v2\/media?parent=30763"}],"wp:term":[{"taxonomy":"product_brand","embeddable":true,"href":"https:\/\/olemosaic.orbitalia.org\/fr\/wp-json\/wp\/v2\/product_brand?post=30763"},{"taxonomy":"product_cat","embeddable":true,"href":"https:\/\/olemosaic.orbitalia.org\/fr\/wp-json\/wp\/v2\/product_cat?post=30763"},{"taxonomy":"product_tag","embeddable":true,"href":"https:\/\/olemosaic.orbitalia.org\/fr\/wp-json\/wp\/v2\/product_tag?post=30763"}],"curies":[{"name":"wp","href":"https:\/\/api.w.org\/{rel}","templated":true}]}}