{"id":30757,"date":"2025-02-20T23:32:32","date_gmt":"2025-02-20T22:32:32","guid":{"rendered":"https:\/\/olemosaic.orbitalia.org\/producto\/iman-de-metal-bailaora-negro-8-cm-2\/"},"modified":"2025-07-25T20:33:11","modified_gmt":"2025-07-25T18:33:11","slug":"aimant-metal-danseuse-flamenco-noir-8-cm-fr","status":"publish","type":"product","link":"https:\/\/olemosaic.orbitalia.org\/fr\/produit\/aimant-metal-danseuse-flamenco-noir-8-cm-fr\/","title":{"rendered":"Aimant en m\u00e9tal. Danseuse de flamenco. Robe rouge et bleue. Noir. 8 cm."},"content":{"rendered":"<p>Cet aimant m\u00e9tallique de 8 cm pr\u00e9sente un design vibrant qui capture l&rsquo;essence de la culture andalouse, avec deux danseuses de flamenco en pleine performance. Utilisant une technique d&rsquo;illustration semblable \u00e0 une mosa\u00efque, l&rsquo;aimant se distingue par ses couleurs vives : le rouge intense de la robe d&rsquo;une danseuse contraste avec le bleu captivant de l&rsquo;autre, le tout encadr\u00e9 sur un fond noir qui apporte profondeur et \u00e9l\u00e9gance. Les d\u00e9tails floraux dans les cheveux et les riches volants des costumes ajoutent une touche de sophistication qui \u00e9voque la passion et l&rsquo;art du flamenco.<\/p>\n<p>La repr\u00e9sentation artistique des danseuses est un hommage au flamenco et une fen\u00eatre sur la culture espagnole, ce qui fait de cet aimant un souvenir authentique et repr\u00e9sentatif de la tradition andalouse. Id\u00e9al pour les touristes \u00e0 la recherche d&rsquo;un souvenir qui encapsule la vivacit\u00e9 et la splendeur de l&rsquo;Andalousie, cet aimant est parfait pour se rem\u00e9morer des moments sp\u00e9ciaux de leur visite.<\/p>\n<p>Chez Ol\u00e9 Mosaic, nous nous sp\u00e9cialisons dans la distribution de souvenirs en gros, offrant des produits de qualit\u00e9 comme cet aimant de danseuses de flamenco. Avec sa pertinence culturelle et son design attrayant, cet aimant flamenco est une excellente option pour les boutiques de cadeaux touristiques souhaitant proposer des produits exclusifs refl\u00e9tant le vibrant h\u00e9ritage culturel de l&rsquo;Espagne.<\/p>\n","protected":false},"excerpt":{"rendered":"<p>Aimant en m\u00e9tal de 8 cm avec un design vibrant de deux danseuses de flamenco, l&rsquo;une en rouge et l&rsquo;autre en bleu, sur un fond noir. Ce produit se distingue par sa technique d&rsquo;illustration de type mosa\u00efque, int\u00e9grant des couleurs vives comme le rouge, le jaune et le vert, enrichissant la sc\u00e8ne. Les danseuses, orn\u00e9es de fleurs, capturent l&rsquo;essence du flamenco et \u00e9voquent l&rsquo;esprit andalou dans chaque d\u00e9tail. Id\u00e9al pour se souvenir de la culture espagnole.<\/p>\n","protected":false},"featured_media":8149,"template":"","meta":{"_acf_changed":false},"product_brand":[],"product_cat":[697],"product_tag":[],"class_list":{"0":"post-30757","1":"product","2":"type-product","3":"status-publish","4":"has-post-thumbnail","6":"product_cat-aimants","7":"pa_motivo-danseurs","9":"first","10":"instock","11":"shipping-taxable","12":"product-type-simple"},"acf":[],"_links":{"self":[{"href":"https:\/\/olemosaic.orbitalia.org\/fr\/wp-json\/wp\/v2\/product\/30757","targetHints":{"allow":["GET"]}}],"collection":[{"href":"https:\/\/olemosaic.orbitalia.org\/fr\/wp-json\/wp\/v2\/product"}],"about":[{"href":"https:\/\/olemosaic.orbitalia.org\/fr\/wp-json\/wp\/v2\/types\/product"}],"wp:featuredmedia":[{"embeddable":true,"href":"https:\/\/olemosaic.orbitalia.org\/fr\/wp-json\/wp\/v2\/media\/8149"}],"wp:attachment":[{"href":"https:\/\/olemosaic.orbitalia.org\/fr\/wp-json\/wp\/v2\/media?parent=30757"}],"wp:term":[{"taxonomy":"product_brand","embeddable":true,"href":"https:\/\/olemosaic.orbitalia.org\/fr\/wp-json\/wp\/v2\/product_brand?post=30757"},{"taxonomy":"product_cat","embeddable":true,"href":"https:\/\/olemosaic.orbitalia.org\/fr\/wp-json\/wp\/v2\/product_cat?post=30757"},{"taxonomy":"product_tag","embeddable":true,"href":"https:\/\/olemosaic.orbitalia.org\/fr\/wp-json\/wp\/v2\/product_tag?post=30757"}],"curies":[{"name":"wp","href":"https:\/\/api.w.org\/{rel}","templated":true}]}}