{"id":30707,"date":"2025-02-20T23:32:31","date_gmt":"2025-02-20T22:32:31","guid":{"rendered":"https:\/\/olemosaic.orbitalia.org\/producto\/iman-de-metal-dragon-barcelona-8-cm-2\/"},"modified":"2025-07-25T19:50:51","modified_gmt":"2025-07-25T17:50:51","slug":"aimant-metal-dragon-gaudi-barcelone-8-cm","status":"publish","type":"product","link":"https:\/\/olemosaic.orbitalia.org\/fr\/produit\/aimant-metal-dragon-gaudi-barcelone-8-cm\/","title":{"rendered":"Aimant en m\u00e9tal. Dragon. Gaud\u00ed. Barcelone. 8 cm."},"content":{"rendered":"<p>Cet aimant m\u00e9tallique de 8 cm est une repr\u00e9sentation vibrante du c\u00e9l\u00e8bre dragon inspir\u00e9 de la mosa\u00efque d&rsquo;Antoni Gaud\u00ed qui orne le Parc G\u00fcell de Barcelone. Avec une palette de couleurs lumineuses, incluant des tons intenses de bleu, rouge et vert, cet aimant attire l&rsquo;attention et refl\u00e8te la cr\u00e9ativit\u00e9 de l&rsquo;art moderniste catalan. Le design pr\u00e9sente un fond en mosa\u00efque qui \u00e9voque l&rsquo;essence artistique et unique de la ville, mettant en valeur le dragon dans une disposition exquise qui prend vie. Dans la partie sup\u00e9rieure, le texte \u00ab\u00a0Barcelona\u00a0\u00bb est pr\u00e9sent\u00e9 avec des lettres \u00e9l\u00e9gantes, accentuant sa connexion avec cette ville espagnole embl\u00e9matique.<\/p>\n<p>Ce souvenir n&rsquo;est pas seulement un objet d\u00e9coratif attrayant, mais aussi un symbole du patrimoine culturel de Barcelone, parfait pour ceux qui souhaitent emporter un morceau de la richesse et de la couleur de la ville. L&rsquo;aimant est id\u00e9al pour d\u00e9corer n&rsquo;importe quel espace, du r\u00e9frig\u00e9rateur au tableau d&rsquo;affichage, rappelant chaque jour la beaut\u00e9 de Barcelone. Chez Ol\u00e9 Mosaic, nous nous sp\u00e9cialisons dans la distribution de souvenirs de qualit\u00e9 en gros, et cet aimant du dragon repr\u00e9sente une excellente option pour les boutiques de cadeaux touristiques souhaitant offrir \u00e0 leurs clients un souvenir authentique et repr\u00e9sentatif de l&rsquo;une des villes les plus visit\u00e9es d&rsquo;Europe. Avec nos aimants de Barcelone, nous garantissons une touche d&rsquo;art et de tradition dans chaque foyer.<\/p>\n","protected":false},"excerpt":{"rendered":"<p>Aimant m\u00e9tallique de 8 cm repr\u00e9sentant un dragon color\u00e9, inspir\u00e9 par la c\u00e9l\u00e8bre mosa\u00efque d&rsquo;Antoni Gaud\u00ed \u00e0 Barcelone. Cet aimant se distingue par sa palette de couleurs vibrantes, avec des tons bleus, rouges et verts qui cr\u00e9ent un effet visuel tr\u00e8s attrayant. Le fond pr\u00e9sente un design de mosa\u00efque qui \u00e9voque l&rsquo;essence artistique de la ville, et le mot \u00ab\u00a0Barcelona\u00a0\u00bb en haut souligne sa provenance, en faisant un souvenir parfait de cette ville embl\u00e9matique.<\/p>\n","protected":false},"featured_media":11401,"template":"","meta":{"_acf_changed":false},"product_brand":[],"product_cat":[697],"product_tag":[],"class_list":{"0":"post-30707","1":"product","2":"type-product","3":"status-publish","4":"has-post-thumbnail","6":"product_cat-aimants","7":"pa_ciudad-barcelona","8":"pa_motivo-dragon","9":"pa_pais-espana","11":"first","12":"instock","13":"shipping-taxable","14":"product-type-simple"},"acf":[],"_links":{"self":[{"href":"https:\/\/olemosaic.orbitalia.org\/fr\/wp-json\/wp\/v2\/product\/30707","targetHints":{"allow":["GET"]}}],"collection":[{"href":"https:\/\/olemosaic.orbitalia.org\/fr\/wp-json\/wp\/v2\/product"}],"about":[{"href":"https:\/\/olemosaic.orbitalia.org\/fr\/wp-json\/wp\/v2\/types\/product"}],"wp:featuredmedia":[{"embeddable":true,"href":"https:\/\/olemosaic.orbitalia.org\/fr\/wp-json\/wp\/v2\/media\/11401"}],"wp:attachment":[{"href":"https:\/\/olemosaic.orbitalia.org\/fr\/wp-json\/wp\/v2\/media?parent=30707"}],"wp:term":[{"taxonomy":"product_brand","embeddable":true,"href":"https:\/\/olemosaic.orbitalia.org\/fr\/wp-json\/wp\/v2\/product_brand?post=30707"},{"taxonomy":"product_cat","embeddable":true,"href":"https:\/\/olemosaic.orbitalia.org\/fr\/wp-json\/wp\/v2\/product_cat?post=30707"},{"taxonomy":"product_tag","embeddable":true,"href":"https:\/\/olemosaic.orbitalia.org\/fr\/wp-json\/wp\/v2\/product_tag?post=30707"}],"curies":[{"name":"wp","href":"https:\/\/api.w.org\/{rel}","templated":true}]}}