{"id":30705,"date":"2025-02-20T22:32:31","date_gmt":"2025-02-20T22:32:31","guid":{"rendered":"https:\/\/olemosaic.orbitalia.org\/producto\/iman-de-metal-bailaora-malaga-plata-8-cm\/"},"modified":"2025-07-25T18:40:43","modified_gmt":"2025-07-25T16:40:43","slug":"aimant-metal-danseuse-flamenco-malaga-argent-8-cm","status":"publish","type":"product","link":"https:\/\/olemosaic.orbitalia.org\/fr\/produit\/aimant-metal-danseuse-flamenco-malaga-argent-8-cm\/","title":{"rendered":"Aimant en m\u00e9tal. Danseuse de flamenco. Malaga. Argent. 8 cm."},"content":{"rendered":"<p>Cet aimant m\u00e9tallique de 8 cm est une repr\u00e9sentation vibrante d&rsquo;une danseuse de flamenco, inspir\u00e9e par la riche culture de Malaga. Avec un design color\u00e9 et d\u00e9taill\u00e9, il capture l&rsquo;essence de l&rsquo;art flamenco, montrant la danseuse dans une robe \u00e0 volants \u00e9l\u00e9gante qui combine des tons brillants, rehaussant ses mouvements gracieux. Les d\u00e9tails en argent ajoutent une touche de sophistication \u00e0 la pi\u00e8ce, tandis que le fond pr\u00e9sente une mosa\u00efque attrayante qui \u00e9voque l&rsquo;\u00e9nergie et le rythme de la danse flamenco. Le mot \u00ab\u00a0M\u00c1LAGA\u00a0\u00bb est imprim\u00e9 en lettres pro\u00e9minentes, offrant un caract\u00e8re distinctif qui ancre cet objet dans la tradition andalouse.<\/p>\n<p>Cet aimant n&rsquo;est pas seulement un accessoire d\u00e9coratif, mais un symbole puissant du folklore de la r\u00e9gion, parfait pour les touristes souhaitant emporter un morceau de Malaga chez eux. Son authenticit\u00e9 et son design artisanal en font un souvenir id\u00e9al pour se rappeler la vivacit\u00e9 de la culture andalouse.<\/p>\n<p>Chez Ol\u00e9 Mosaic, nous sommes fiers d&rsquo;\u00eatre des distributeurs de souvenirs authentiques, et cet aimant encapsule la tradition espagnole, offrant aux boutiques de cadeaux touristiques une excellente option pour leurs clients. En tant que grossistes d&rsquo;articles de souvenir, nous garantissons la qualit\u00e9 et la pertinence culturelle de chaque pi\u00e8ce.<\/p>\n","protected":false},"excerpt":{"rendered":"<p>Aimant en m\u00e9tal de 8 cm pr\u00e9sentant une repr\u00e9sentation vibrante d&rsquo;une danseuse de flamenco, inspir\u00e9e par la culture de Malaga. Ce design color\u00e9 montre la danseuse avec une robe \u00e0 volants aux tons brillants, orn\u00e9e de d\u00e9tails argent\u00e9s. Le fond, avec une mosa\u00efque \u00e9voquant l&rsquo;\u00e9nergie de la danse, et le mot \u00ab\u00a0M\u00c1LAGA\u00a0\u00bb imprim\u00e9 en lettres saillantes, ajoutent une touche distinctive de la ville andalouse. Un souvenir id\u00e9al qui capture l&rsquo;essence du folklore de la r\u00e9gion.<\/p>\n","protected":false},"featured_media":10544,"template":"","meta":{"_acf_changed":false},"product_brand":[],"product_cat":[697],"product_tag":[],"class_list":{"0":"post-30705","1":"product","2":"type-product","3":"status-publish","4":"has-post-thumbnail","6":"product_cat-aimants","7":"pa_ciudad-malaga","8":"pa_motivo-danseurs","9":"pa_pais-espana","11":"first","12":"instock","13":"shipping-taxable","14":"product-type-simple"},"acf":[],"_links":{"self":[{"href":"https:\/\/olemosaic.orbitalia.org\/fr\/wp-json\/wp\/v2\/product\/30705","targetHints":{"allow":["GET"]}}],"collection":[{"href":"https:\/\/olemosaic.orbitalia.org\/fr\/wp-json\/wp\/v2\/product"}],"about":[{"href":"https:\/\/olemosaic.orbitalia.org\/fr\/wp-json\/wp\/v2\/types\/product"}],"wp:featuredmedia":[{"embeddable":true,"href":"https:\/\/olemosaic.orbitalia.org\/fr\/wp-json\/wp\/v2\/media\/10544"}],"wp:attachment":[{"href":"https:\/\/olemosaic.orbitalia.org\/fr\/wp-json\/wp\/v2\/media?parent=30705"}],"wp:term":[{"taxonomy":"product_brand","embeddable":true,"href":"https:\/\/olemosaic.orbitalia.org\/fr\/wp-json\/wp\/v2\/product_brand?post=30705"},{"taxonomy":"product_cat","embeddable":true,"href":"https:\/\/olemosaic.orbitalia.org\/fr\/wp-json\/wp\/v2\/product_cat?post=30705"},{"taxonomy":"product_tag","embeddable":true,"href":"https:\/\/olemosaic.orbitalia.org\/fr\/wp-json\/wp\/v2\/product_tag?post=30705"}],"curies":[{"name":"wp","href":"https:\/\/api.w.org\/{rel}","templated":true}]}}