{"id":30692,"date":"2025-02-20T22:32:29","date_gmt":"2025-02-20T22:32:29","guid":{"rendered":"https:\/\/olemosaic.orbitalia.org\/producto\/iman-de-metal-salamandra-barcelona-plata-8-cm\/"},"modified":"2025-07-25T20:36:42","modified_gmt":"2025-07-25T18:36:42","slug":"aimant-metal-salamandre-barcelone-argent-8-cm","status":"publish","type":"product","link":"https:\/\/olemosaic.orbitalia.org\/fr\/produit\/aimant-metal-salamandre-barcelone-argent-8-cm\/","title":{"rendered":"Aimant en m\u00e9tal. Salamandre. Barcelone. Argent. 8 cm."},"content":{"rendered":"<p>Cet aimant m\u00e9tallique de 8 cm est une repr\u00e9sentation vibrante de Barcelone, id\u00e9al pour ceux qui souhaitent emporter un morceau de la riche culture de la ville. Le design se distingue par sa mosa\u00efque color\u00e9e de salamandres, qui rend hommage au style embl\u00e9matique d&rsquo;Antoni Gaud\u00ed, connu pour sa cr\u00e9ativit\u00e9 et son utilisation de couleurs vibrantes. Les salamandres, dispos\u00e9es de mani\u00e8re harmonieuse, pr\u00e9sentent des teintes bleues, vertes, rouges et jaunes, cr\u00e9ant un effet visuel qui capture l&rsquo;essence vibrante et artistique de la ville.<\/p>\n<p>Le mot \u00ab\u00a0Barcelona\u00a0\u00bb s&rsquo;\u00e9l\u00e8ve sur la partie sup\u00e9rieure de l&rsquo;aimant, garantissant que ce souvenir soit facilement reconnaissable et repr\u00e9sentatif de son origine. La texture de la surface sugg\u00e8re l&rsquo;utilisation de techniques c\u00e9ramiques traditionnelles, \u00e9voquant le riche h\u00e9ritage culturel de la ville et son appr\u00e9ciation pour l&rsquo;art et la nature. Cet aimant n&rsquo;est pas seulement un accessoire d\u00e9coratif parfait pour la maison, mais aussi un symbole des merveilles architecturales et artistiques que Barcelone offre \u00e0 ses visiteurs.<\/p>\n<p>Chez Ol\u00e9 Mosaic, nous nous sp\u00e9cialisons dans l&rsquo;offre de souvenirs authentiques en gros. Cet aimant salamandre est une excellente option pour les boutiques de cadeaux touristiques qui souhaitent fournir des souvenirs repr\u00e9sentatifs et color\u00e9s aux touristes \u00e0 la recherche de cartes postales de leurs exp\u00e9riences en Espagne. Un v\u00e9ritable cadeau qui c\u00e9l\u00e8bre la magie de Barcelone et son h\u00e9ritage artistique.<\/p>\n","protected":false},"excerpt":{"rendered":"<p>Aimant m\u00e9tallique de 8 cm qui capture l&rsquo;essence vibrante de Barcelone avec son design de salamandres. Color\u00e9es et d\u00e9coratives, les salamandres sont dispos\u00e9es sur un fond de mosa\u00efque, \u00e9voquant le c\u00e9l\u00e8bre style de Gaud\u00ed. Les d\u00e9tails en bleu, vert, rouge et jaune ajoutent une touche joyeuse, tandis que le mot \u00ab Barcelone \u00bb en haut souligne son origine. Cet aimant est un souvenir id\u00e9al qui c\u00e9l\u00e8bre l&rsquo;art et la culture de la ville.<\/p>\n","protected":false},"featured_media":12900,"template":"","meta":{"_acf_changed":false},"product_brand":[],"product_cat":[697],"product_tag":[530],"class_list":{"0":"post-30692","1":"product","2":"type-product","3":"status-publish","4":"has-post-thumbnail","6":"product_cat-aimants","7":"product_tag-animaux","8":"pa_ciudad-barcelona","9":"pa_motivo-salamandres","10":"pa_pais-espana","12":"first","13":"instock","14":"shipping-taxable","15":"product-type-simple"},"acf":[],"_links":{"self":[{"href":"https:\/\/olemosaic.orbitalia.org\/fr\/wp-json\/wp\/v2\/product\/30692","targetHints":{"allow":["GET"]}}],"collection":[{"href":"https:\/\/olemosaic.orbitalia.org\/fr\/wp-json\/wp\/v2\/product"}],"about":[{"href":"https:\/\/olemosaic.orbitalia.org\/fr\/wp-json\/wp\/v2\/types\/product"}],"wp:featuredmedia":[{"embeddable":true,"href":"https:\/\/olemosaic.orbitalia.org\/fr\/wp-json\/wp\/v2\/media\/12900"}],"wp:attachment":[{"href":"https:\/\/olemosaic.orbitalia.org\/fr\/wp-json\/wp\/v2\/media?parent=30692"}],"wp:term":[{"taxonomy":"product_brand","embeddable":true,"href":"https:\/\/olemosaic.orbitalia.org\/fr\/wp-json\/wp\/v2\/product_brand?post=30692"},{"taxonomy":"product_cat","embeddable":true,"href":"https:\/\/olemosaic.orbitalia.org\/fr\/wp-json\/wp\/v2\/product_cat?post=30692"},{"taxonomy":"product_tag","embeddable":true,"href":"https:\/\/olemosaic.orbitalia.org\/fr\/wp-json\/wp\/v2\/product_tag?post=30692"}],"curies":[{"name":"wp","href":"https:\/\/api.w.org\/{rel}","templated":true}]}}