{"id":30651,"date":"2025-02-20T22:32:27","date_gmt":"2025-02-20T22:32:27","guid":{"rendered":"https:\/\/olemosaic.orbitalia.org\/producto\/iman-de-metal-salamandra-plata-8-cm\/"},"modified":"2025-07-25T19:43:33","modified_gmt":"2025-07-25T17:43:33","slug":"aimant-metal-salamandre-argent-8-cm","status":"publish","type":"product","link":"https:\/\/olemosaic.orbitalia.org\/fr\/produit\/aimant-metal-salamandre-argent-8-cm\/","title":{"rendered":"Aimant en m\u00e9tal. Salamandre. Argent. 8 cm."},"content":{"rendered":"<p>Cet aimant m\u00e9tallique de 8 cm est une repr\u00e9sentation color\u00e9e de salamandres, un authentique souvenir qui capture l&rsquo;essence de la riche faune espagnole. Avec un design vibrant combinant des d\u00e9tails dans les tons bleus, rouges et verts, cet aimant amusant se d\u00e9tache sur un fond de mosa\u00efque \u00e9vocateur rappelant l&rsquo;architecture typique catalane. Chaque salamandre, illustr\u00e9e avec pr\u00e9cision, semble prendre vie gr\u00e2ce \u00e0 l&rsquo;attention m\u00e9ticuleuse port\u00e9e aux d\u00e9tails de sa conception, qui souligne sa texture et sa forme, cr\u00e9ant un effet visuel captivant.<\/p>\n<p>La technique artisanale utilis\u00e9e pour cet aimant met en avant la tradition artistique de la r\u00e9gion, faisant de ce produit un excellent souvenir qui encapsule le lien culturel avec la nature et l&rsquo;art de l&rsquo;Espagne. Cet aimant n&rsquo;est pas seulement fonctionnel, permettant de d\u00e9corer n&rsquo;importe quelle surface m\u00e9tallique, mais il sert \u00e9galement d&rsquo;\u00e9l\u00e9ment d\u00e9coratif attrayant qui \u00e9voque les souvenirs de visites dans les paysages naturels espagnols.<\/p>\n<p>Chez Ol\u00e9 Mosaic, nous sommes experts dans la distribution de souvenirs en gros et proposons une vari\u00e9t\u00e9 de produits c\u00e9l\u00e9brant la culture et l&rsquo;art local. Cet aimant de salamandres est un choix id\u00e9al pour les boutiques de cadeaux touristiques \u00e0 la recherche de produits authentiques et significatifs pour leurs clients. Avec son attrait visuel et sa pertinence culturelle, c&rsquo;est un cadeau parfait pour ceux qui souhaitent ramener un petit morceau d&rsquo;Espagne \u00e0 la maison.<\/p>\n","protected":false},"excerpt":{"rendered":"<p>Aimant m\u00e9tallique de 8 cm avec une repr\u00e9sentation color\u00e9e de salamandres, refl\u00e9tant la riche faune espagnole. Ce design vibrant inclut des d\u00e9tails dans les tons bleus, rouges et verts sur un fond de mosa\u00efques \u00e9vocatrices, lui donnant une touche artistique. La technique employ\u00e9e souligne le style artisanal, en faisant un souvenir id\u00e9al qui capture l&rsquo;essence culturelle de r\u00e9gions comme la Catalogne. Parfait pour les amoureux de la nature et de l&rsquo;art.<\/p>\n","protected":false},"featured_media":12897,"template":"","meta":{"_acf_changed":false},"product_brand":[],"product_cat":[697],"product_tag":[530],"class_list":{"0":"post-30651","1":"product","2":"type-product","3":"status-publish","4":"has-post-thumbnail","6":"product_cat-aimants","7":"product_tag-animaux","8":"pa_motivo-salamandres","10":"first","11":"instock","12":"shipping-taxable","13":"product-type-simple"},"acf":[],"_links":{"self":[{"href":"https:\/\/olemosaic.orbitalia.org\/fr\/wp-json\/wp\/v2\/product\/30651","targetHints":{"allow":["GET"]}}],"collection":[{"href":"https:\/\/olemosaic.orbitalia.org\/fr\/wp-json\/wp\/v2\/product"}],"about":[{"href":"https:\/\/olemosaic.orbitalia.org\/fr\/wp-json\/wp\/v2\/types\/product"}],"wp:featuredmedia":[{"embeddable":true,"href":"https:\/\/olemosaic.orbitalia.org\/fr\/wp-json\/wp\/v2\/media\/12897"}],"wp:attachment":[{"href":"https:\/\/olemosaic.orbitalia.org\/fr\/wp-json\/wp\/v2\/media?parent=30651"}],"wp:term":[{"taxonomy":"product_brand","embeddable":true,"href":"https:\/\/olemosaic.orbitalia.org\/fr\/wp-json\/wp\/v2\/product_brand?post=30651"},{"taxonomy":"product_cat","embeddable":true,"href":"https:\/\/olemosaic.orbitalia.org\/fr\/wp-json\/wp\/v2\/product_cat?post=30651"},{"taxonomy":"product_tag","embeddable":true,"href":"https:\/\/olemosaic.orbitalia.org\/fr\/wp-json\/wp\/v2\/product_tag?post=30651"}],"curies":[{"name":"wp","href":"https:\/\/api.w.org\/{rel}","templated":true}]}}