{"id":30648,"date":"2025-02-20T23:32:27","date_gmt":"2025-02-20T22:32:27","guid":{"rendered":"https:\/\/olemosaic.orbitalia.org\/producto\/iman-de-metal-sagrada-familia-barcelona-8-cm-11\/"},"modified":"2025-07-25T18:52:07","modified_gmt":"2025-07-25T16:52:07","slug":"aimant-metal-sagrada-familia-barcelone-8-cm-fr-2","status":"publish","type":"product","link":"https:\/\/olemosaic.orbitalia.org\/fr\/produit\/aimant-metal-sagrada-familia-barcelone-8-cm-fr-2\/","title":{"rendered":"Aimant en m\u00e9tal. Sagrada Familia. Tours de la Basilique. Barcelone. 8 cm."},"content":{"rendered":"<p>Cet aimant m\u00e9tallique de 8 cm est un souvenir vibrant qui capture l&rsquo;essence de l&#8217;embl\u00e9matique Sagrada Familia de Barcelone, un chef-d&rsquo;\u0153uvre in\u00e9gal\u00e9 du c\u00e9l\u00e8bre architecte Antoni Gaud\u00ed. Avec son design en mosa\u00efque color\u00e9e, cet aimant met en valeur les tours embl\u00e9matiques et les d\u00e9tails architecturaux complexes du temple, c\u00e9l\u00e9brant la singularit\u00e9 de ce monument moderniste devenu un symbole de la ville. En haut, la phrase \u00ab\u00a0I \u2665 Barcelona\u00a0\u00bb ajoute une touche d&rsquo;attrait qui r\u00e9sonne avec l&rsquo;esprit de la m\u00e9tropole catalane, faisant de cet article une excellente option pour ceux qui souhaitent ramener un souvenir authentique de leur voyage.<\/p>\n<p>L&rsquo;aimant est parfait pour orner n&rsquo;importe quelle surface m\u00e9tallique de la maison, que ce soit le r\u00e9frig\u00e9rateur, un panneau magn\u00e9tique ou tout autre endroit n\u00e9cessitant une touche de charme et de couleur. Ce produit ne repr\u00e9sente pas seulement la beaut\u00e9 de l&rsquo;architecture de Gaud\u00ed, mais symbolise \u00e9galement l&rsquo;amour des visiteurs pour Barcelone, ce qui en fait un cadeau id\u00e9al pour les amis et la famille. Chez Ol\u00e9 Mosaic, nous sommes fiers de proposer des souvenirs de haute qualit\u00e9 en gros, et cet aimant de la Sagrada Familia est un exemple remarquable d&rsquo;authenticit\u00e9 et de pertinence culturelle, parfait pour les boutiques de cadeaux touristiques recherchant des produits repr\u00e9sentatifs du patrimoine espagnol.<\/p>\n","protected":false},"excerpt":{"rendered":"<p>Aimant m\u00e9tallique de 8 cm repr\u00e9sentant l&#8217;embl\u00e9matique Sagrada Familia de Barcelone. Ce design attrayant pr\u00e9sente une illustration color\u00e9e en mosa\u00efque, mettant en valeur les tours et les d\u00e9tails architecturaux du c\u00e9l\u00e8bre temple d&rsquo;Antoni Gaud\u00ed. Avec le texte \u00ab\u00a0I \u2665 Barcelona\u00a0\u00bb en haut, cet aimant est un souvenir parfait pour \u00e9voquer la beaut\u00e9 de ce chef-d&rsquo;\u0153uvre moderniste et ajouter une touche vibrante \u00e0 n&rsquo;importe quelle surface m\u00e9tallique de votre maison.<\/p>\n","protected":false},"featured_media":13538,"template":"","meta":{"_acf_changed":false},"product_brand":[],"product_cat":[697],"product_tag":[],"class_list":{"0":"post-30648","1":"product","2":"type-product","3":"status-publish","4":"has-post-thumbnail","6":"product_cat-aimants","7":"pa_ciudad-barcelona","8":"pa_motivo-sagrada-familia","9":"pa_pais-espana","11":"first","12":"instock","13":"shipping-taxable","14":"product-type-simple"},"acf":[],"_links":{"self":[{"href":"https:\/\/olemosaic.orbitalia.org\/fr\/wp-json\/wp\/v2\/product\/30648","targetHints":{"allow":["GET"]}}],"collection":[{"href":"https:\/\/olemosaic.orbitalia.org\/fr\/wp-json\/wp\/v2\/product"}],"about":[{"href":"https:\/\/olemosaic.orbitalia.org\/fr\/wp-json\/wp\/v2\/types\/product"}],"wp:featuredmedia":[{"embeddable":true,"href":"https:\/\/olemosaic.orbitalia.org\/fr\/wp-json\/wp\/v2\/media\/13538"}],"wp:attachment":[{"href":"https:\/\/olemosaic.orbitalia.org\/fr\/wp-json\/wp\/v2\/media?parent=30648"}],"wp:term":[{"taxonomy":"product_brand","embeddable":true,"href":"https:\/\/olemosaic.orbitalia.org\/fr\/wp-json\/wp\/v2\/product_brand?post=30648"},{"taxonomy":"product_cat","embeddable":true,"href":"https:\/\/olemosaic.orbitalia.org\/fr\/wp-json\/wp\/v2\/product_cat?post=30648"},{"taxonomy":"product_tag","embeddable":true,"href":"https:\/\/olemosaic.orbitalia.org\/fr\/wp-json\/wp\/v2\/product_tag?post=30648"}],"curies":[{"name":"wp","href":"https:\/\/api.w.org\/{rel}","templated":true}]}}