{"id":30646,"date":"2025-02-20T22:32:27","date_gmt":"2025-02-20T22:32:27","guid":{"rendered":"https:\/\/olemosaic.orbitalia.org\/producto\/iman-de-metal-bailaora-malaga-8-cm\/"},"modified":"2025-07-25T20:25:14","modified_gmt":"2025-07-25T18:25:14","slug":"aimant-metal-danseuse-flamenco-malaga-8-cm","status":"publish","type":"product","link":"https:\/\/olemosaic.orbitalia.org\/fr\/produit\/aimant-metal-danseuse-flamenco-malaga-8-cm\/","title":{"rendered":"Aimant en m\u00e9tal. Danseuse de Flamenco. Malaga. 8 cm."},"content":{"rendered":"<p>Cet aimant m\u00e9tallique de 8 cm est un souvenir vibrant de Malaga qui capture l&rsquo;essence du flamenco andalou \u00e0 travers une danseuse. Avec un design en trencad\u00eds qui \u00e9voque la riche tradition de la mosa\u00efque andalouse, cet aimant se distingue par les couleurs de sa robe, o\u00f9 les tons rouge, bleu et jaune jouent en parfaite harmonie, refl\u00e9tant l&rsquo;\u00e9nergie et le mouvement caract\u00e9ristiques du flamenco. La figure de la danseuse, \u00e9l\u00e9gante et dynamique, se dresse sur un fond bleu clair qui rehausse sa vitalit\u00e9, faisant en sorte que chaque d\u00e9tail de la robe semble prendre vie. \u00c0 c\u00f4t\u00e9 de la danseuse, le mot \u00ab\u00a0M\u00c1LAGA\u00a0\u00bb, en lettres grandes et lisibles, ajoute une touche locale qui transforme cet aimant non seulement en un souvenir, mais en un v\u00e9ritable embl\u00e8me de la ville.<\/p>\n<p>Cet aimant est un excellent souvenir pour les touristes souhaitant emporter un morceau de Malaga, ainsi qu&rsquo;un produit attrayant pour les magasins recherchant des souvenirs repr\u00e9sentatifs de l&rsquo;Espagne. Chez Ol\u00e9 Mosaic, en tant que distributeurs de souvenirs en gros, nous proposons des articles qui c\u00e9l\u00e8brent la culture et l&rsquo;art des r\u00e9gions espagnoles, et cet aimant de danseuse est une option id\u00e9ale pour ceux qui recherchent des produits authentiques et de qualit\u00e9. Parfait pour ceux qui veulent se souvenir de leurs exp\u00e9riences \u00e0 Malaga \u00e0 travers un souvenir distinctif et color\u00e9.<\/p>\n","protected":false},"excerpt":{"rendered":"<p>Aimant m\u00e9tallique de 8 cm repr\u00e9sentant une danseuse de flamenco avec une robe color\u00e9e. Ce souvenir attrayant de Malaga est d\u00e9cor\u00e9 d&rsquo;un design en trencad\u00eds, \u00e9voquant la tradition artistique de la mosa\u00efque andalouse. La figure de la danseuse se d\u00e9tache dans des tons vibrants de rouge, bleu et jaune, sur un fond bleu clair qui rehausse son \u00e9nergie et son mouvement. De plus, il inclut le mot \u00ab\u00a0M\u00c1LAGA\u00a0\u00bb en grandes lettres, apportant une touche locale \u00e0 ce charmant aimant.<\/p>\n","protected":false},"featured_media":10545,"template":"","meta":{"_acf_changed":false},"product_brand":[],"product_cat":[697],"product_tag":[],"class_list":{"0":"post-30646","1":"product","2":"type-product","3":"status-publish","4":"has-post-thumbnail","6":"product_cat-aimants","7":"pa_ciudad-malaga","8":"pa_motivo-danseurs","9":"pa_pais-espana","11":"first","12":"instock","13":"shipping-taxable","14":"product-type-simple"},"acf":[],"_links":{"self":[{"href":"https:\/\/olemosaic.orbitalia.org\/fr\/wp-json\/wp\/v2\/product\/30646","targetHints":{"allow":["GET"]}}],"collection":[{"href":"https:\/\/olemosaic.orbitalia.org\/fr\/wp-json\/wp\/v2\/product"}],"about":[{"href":"https:\/\/olemosaic.orbitalia.org\/fr\/wp-json\/wp\/v2\/types\/product"}],"wp:featuredmedia":[{"embeddable":true,"href":"https:\/\/olemosaic.orbitalia.org\/fr\/wp-json\/wp\/v2\/media\/10545"}],"wp:attachment":[{"href":"https:\/\/olemosaic.orbitalia.org\/fr\/wp-json\/wp\/v2\/media?parent=30646"}],"wp:term":[{"taxonomy":"product_brand","embeddable":true,"href":"https:\/\/olemosaic.orbitalia.org\/fr\/wp-json\/wp\/v2\/product_brand?post=30646"},{"taxonomy":"product_cat","embeddable":true,"href":"https:\/\/olemosaic.orbitalia.org\/fr\/wp-json\/wp\/v2\/product_cat?post=30646"},{"taxonomy":"product_tag","embeddable":true,"href":"https:\/\/olemosaic.orbitalia.org\/fr\/wp-json\/wp\/v2\/product_tag?post=30646"}],"curies":[{"name":"wp","href":"https:\/\/api.w.org\/{rel}","templated":true}]}}