{"id":30645,"date":"2025-02-20T22:32:26","date_gmt":"2025-02-20T22:32:26","guid":{"rendered":"https:\/\/olemosaic.orbitalia.org\/producto\/iman-de-metal-gato-barcelona-plata-8-cm\/"},"modified":"2025-07-25T20:28:37","modified_gmt":"2025-07-25T18:28:37","slug":"aimant-metal-chat-barcelone-argent-8-cm","status":"publish","type":"product","link":"https:\/\/olemosaic.orbitalia.org\/fr\/produit\/aimant-metal-chat-barcelone-argent-8-cm\/","title":{"rendered":"Aimant en m\u00e9tal. Chat. Barcelone. Argent. 8 cm."},"content":{"rendered":"<p>Cet aimant m\u00e9tallique de 8 cm est un souvenir vibrant de Barcelone repr\u00e9sentant un charmant chat, inspir\u00e9 par l&rsquo;art moderniste embl\u00e9matique de la ville. Avec un design color\u00e9 et accrocheur, cet aimant attire le regard gr\u00e2ce \u00e0 sa mosa\u00efque de formes g\u00e9om\u00e9triques et de tons brillants, qui revitalisent l&rsquo;image classique du f\u00e9lin. Les couleurs vives comme le bleu, le vert, le rouge et le jaune pr\u00e9dominent, se fondant harmonieusement sur un fond blanc qui simule un effet de carreaux cass\u00e9s, cr\u00e9ant une apparence moderne et artistique.<\/p>\n<p>Cet aimant est non seulement id\u00e9al pour orner n&rsquo;importe quel r\u00e9frig\u00e9rateur, mais il symbolise \u00e9galement la riche tradition artistique de Barcelone, c\u00e9l\u00e8bre pour ses chefs-d&rsquo;\u0153uvre architecturaux et ses mosa\u00efques vibrantes, comme celles d&rsquo;Antoni Gaud\u00ed. En tant que souvenir, cet aimant de chat se distingue par son authenticit\u00e9 et sa connexion culturelle, devenant un souvenir repr\u00e9sentatif de l&rsquo;essence de la ville.<\/p>\n<p>Chez Ol\u00e9 Mosaic, en tant que grossistes de souvenirs, nous proposons des produits qui capturent l&rsquo;essence de r\u00e9gions embl\u00e9matiques. Cet aimant est un excellent choix pour les boutiques de cadeaux touristiques \u00e0 la recherche d&rsquo;articles uniques et de qualit\u00e9, parfaits pour les touristes souhaitant ramener un petit morceau de Barcelone chez eux.<\/p>\n","protected":false},"excerpt":{"rendered":"<p>Aimant m\u00e9tallique de 8 cm repr\u00e9sentant un chat color\u00e9, inspir\u00e9 du modernisme barcelonais. Ce souvenir attrayant se distingue par son design vibrant, avec une mosa\u00efque de formes et de teintes qui revitalisent l&rsquo;image classique du f\u00e9lin. Les couleurs vives, telles que le bleu, le vert, le rouge et le jaune, sont compl\u00e9t\u00e9es par un fond blanc simulant un effet de carreaux cass\u00e9s. Id\u00e9al pour ajouter une touche de sophistication et d&rsquo;art \u00e0 n&rsquo;importe quel r\u00e9frig\u00e9rateur.<\/p>\n","protected":false},"featured_media":12825,"template":"","meta":{"_acf_changed":false},"product_brand":[],"product_cat":[697],"product_tag":[530],"class_list":{"0":"post-30645","1":"product","2":"type-product","3":"status-publish","4":"has-post-thumbnail","6":"product_cat-aimants","7":"product_tag-animaux","8":"pa_ciudad-barcelona","9":"pa_motivo-chats","10":"pa_pais-espana","12":"first","13":"instock","14":"shipping-taxable","15":"product-type-simple"},"acf":[],"_links":{"self":[{"href":"https:\/\/olemosaic.orbitalia.org\/fr\/wp-json\/wp\/v2\/product\/30645","targetHints":{"allow":["GET"]}}],"collection":[{"href":"https:\/\/olemosaic.orbitalia.org\/fr\/wp-json\/wp\/v2\/product"}],"about":[{"href":"https:\/\/olemosaic.orbitalia.org\/fr\/wp-json\/wp\/v2\/types\/product"}],"wp:featuredmedia":[{"embeddable":true,"href":"https:\/\/olemosaic.orbitalia.org\/fr\/wp-json\/wp\/v2\/media\/12825"}],"wp:attachment":[{"href":"https:\/\/olemosaic.orbitalia.org\/fr\/wp-json\/wp\/v2\/media?parent=30645"}],"wp:term":[{"taxonomy":"product_brand","embeddable":true,"href":"https:\/\/olemosaic.orbitalia.org\/fr\/wp-json\/wp\/v2\/product_brand?post=30645"},{"taxonomy":"product_cat","embeddable":true,"href":"https:\/\/olemosaic.orbitalia.org\/fr\/wp-json\/wp\/v2\/product_cat?post=30645"},{"taxonomy":"product_tag","embeddable":true,"href":"https:\/\/olemosaic.orbitalia.org\/fr\/wp-json\/wp\/v2\/product_tag?post=30645"}],"curies":[{"name":"wp","href":"https:\/\/api.w.org\/{rel}","templated":true}]}}