{"id":30628,"date":"2025-02-20T22:32:26","date_gmt":"2025-02-20T22:32:26","guid":{"rendered":"https:\/\/olemosaic.orbitalia.org\/producto\/iman-de-metal-salamandra-fuerteventura-negro-8-cm\/"},"modified":"2025-07-25T19:53:21","modified_gmt":"2025-07-25T17:53:21","slug":"aimant-metal-salamandre-fuerteventura-noir-8-cm","status":"publish","type":"product","link":"https:\/\/olemosaic.orbitalia.org\/fr\/produit\/aimant-metal-salamandre-fuerteventura-noir-8-cm\/","title":{"rendered":"Aimant en m\u00e9tal. Salamandre. Fuerteventura. Noir. 8 cm."},"content":{"rendered":"<p>Cet aimant m\u00e9tallique de 8 cm est un hommage vibrant \u00e0 la riche faune de Fuerteventura, mettant en avant l&#8217;embl\u00e9matique salamandre avec un design attrayant et color\u00e9. Sur un fond noir qui rehausse les illustrations aux tons joyeux et mosa\u00efques, l&rsquo;aimant capture l&rsquo;essence des salamandres dans diverses postures, montrant leur beaut\u00e9 unique et leur connexion avec l&rsquo;environnement naturel des \u00eeles Canaries. Dans la partie sup\u00e9rieure, le mot \u00ab FUERTEVENTURA \u00bb est pr\u00e9sent\u00e9 avec un style frappant, conf\u00e9rant \u00e0 l&rsquo;aimant un caract\u00e8re distinctif et touristique qui en fait un souvenir id\u00e9al de votre visite.<\/p>\n<p>La qualit\u00e9 du mat\u00e9riau m\u00e9tallique garantit durabilit\u00e9 et r\u00e9sistance, faisant de cet aimant no seulement un ornement d\u00e9coratif, mais aussi une pi\u00e8ce fonctionnelle pour votre maison, bureau ou espace personnel. \u00c0 chaque regard, il \u00e9voquera la chaleur des \u00eeles et leur splendide faune. Cet aimant est un excellent souvenir de Fuerteventura qui refl\u00e8te l&rsquo;authenticit\u00e9 culturelle de la r\u00e9gion.<\/p>\n<p>Chez Ol\u00e9 Mosaic, en tant que grossiste en souvenirs, nous proposons cet aimant de salamandre comme une proposition unique pour les boutiques de cadeaux touristiques qui recherchent de la vari\u00e9t\u00e9 et de la pertinence dans leurs produits. Parfait pour ceux qui souhaitent emporter un morceau de la beaut\u00e9 naturelle de Fuerteventura, cet aimant se positionne comme un incontournable dans toute collection de souvenirs des Canaries.<\/p>\n","protected":false},"excerpt":{"rendered":"<p>Aimant m\u00e9tallique de 8 cm avec un design vibrant repr\u00e9sentant des salamandres, inspir\u00e9 de la faune de Fuerteventura. Cet aimant pr\u00e9sente un fond noir qui fait ressortir les illustrations aux couleurs joyeuses et mosa\u00efques, montrant des salamandres dans diverses postures. Le mot \u00ab\u00a0FUERTEVENTURA\u00a0\u00bb se d\u00e9tache sur la partie sup\u00e9rieure, ajoutant une touche culturelle et touristique. Id\u00e9al pour se souvenir de la beaut\u00e9 naturelle des \u00eeles Canaries.<\/p>\n","protected":false},"featured_media":13523,"template":"","meta":{"_acf_changed":false},"product_brand":[],"product_cat":[697],"product_tag":[530],"class_list":{"0":"post-30628","1":"product","2":"type-product","3":"status-publish","4":"has-post-thumbnail","6":"product_cat-aimants","7":"product_tag-animaux","8":"pa_ciudad-fuerteventura","9":"pa_motivo-salamandres","10":"pa_pais-espana","12":"first","13":"instock","14":"shipping-taxable","15":"product-type-simple"},"acf":[],"_links":{"self":[{"href":"https:\/\/olemosaic.orbitalia.org\/fr\/wp-json\/wp\/v2\/product\/30628","targetHints":{"allow":["GET"]}}],"collection":[{"href":"https:\/\/olemosaic.orbitalia.org\/fr\/wp-json\/wp\/v2\/product"}],"about":[{"href":"https:\/\/olemosaic.orbitalia.org\/fr\/wp-json\/wp\/v2\/types\/product"}],"wp:featuredmedia":[{"embeddable":true,"href":"https:\/\/olemosaic.orbitalia.org\/fr\/wp-json\/wp\/v2\/media\/13523"}],"wp:attachment":[{"href":"https:\/\/olemosaic.orbitalia.org\/fr\/wp-json\/wp\/v2\/media?parent=30628"}],"wp:term":[{"taxonomy":"product_brand","embeddable":true,"href":"https:\/\/olemosaic.orbitalia.org\/fr\/wp-json\/wp\/v2\/product_brand?post=30628"},{"taxonomy":"product_cat","embeddable":true,"href":"https:\/\/olemosaic.orbitalia.org\/fr\/wp-json\/wp\/v2\/product_cat?post=30628"},{"taxonomy":"product_tag","embeddable":true,"href":"https:\/\/olemosaic.orbitalia.org\/fr\/wp-json\/wp\/v2\/product_tag?post=30628"}],"curies":[{"name":"wp","href":"https:\/\/api.w.org\/{rel}","templated":true}]}}