{"id":30627,"date":"2025-02-20T22:32:26","date_gmt":"2025-02-20T22:32:26","guid":{"rendered":"https:\/\/olemosaic.orbitalia.org\/producto\/iman-de-metal-salamandra-gran-canaria-negro-8-cm\/"},"modified":"2025-07-25T19:28:20","modified_gmt":"2025-07-25T17:28:20","slug":"aimant-metal-salamandre-grande-canarie-noir-8-cm","status":"publish","type":"product","link":"https:\/\/olemosaic.orbitalia.org\/fr\/produit\/aimant-metal-salamandre-grande-canarie-noir-8-cm\/","title":{"rendered":"Aimant en m\u00e9tal. Salamandre. Grande Canarie. Noir. 8 cm."},"content":{"rendered":"<p>Cet aimant m\u00e9tallique de 8 cm est un hommage vibrant \u00e0 la faune typique de Grande Canarie, avec une repr\u00e9sentation frappante d&rsquo;une salamandre qui capture l&rsquo;essence de la riche biodiversit\u00e9 canarienne. Son design se distingue par la combinaison de couleurs bleues, vertes et jaunes, rehauss\u00e9es par un fond noir qui permet \u00e0 la figure du reptile de ressortir de mani\u00e8re impressionnante. Dans la partie sup\u00e9rieure, le texte \u00ab GRAN CANARIA \u00bb appara\u00eet en lettres multicolores, compl\u00e9tant et ajoutant une touche joyeuse \u00e0 l&rsquo;ensemble visuel de l&rsquo;aimant.<\/p>\n<p>Cet aimant n&rsquo;est pas seulement un symbole de la beaut\u00e9 naturelle de Grande Canarie, mais aussi un souvenir authentique qui refl\u00e8te la culture locale et son h\u00e9ritage naturel. Les salamandres sont une ic\u00f4ne de la faune canarienne et de sa diversit\u00e9, repr\u00e9sentant l&rsquo;esprit vibrant et la richesse naturelle des \u00eeles. Avec son design artistique et sa connexion culturelle, cet aimant est un excellent choix pour les touristes \u00e0 la recherche de souvenirs de qualit\u00e9 repr\u00e9sentatifs de leur voyage.<\/p>\n<p>Chez Ol\u00e9 Mosaic, nous nous consacrons \u00e0 la distribution de souvenirs en gros, offrant des articles authentiques et attrayants comme cet aimant de salamandre. C&rsquo;est une option parfaite pour les boutiques de cadeaux touristiques qui souhaitent offrir \u00e0 leurs clients des souvenirs uniques et significatifs de Grande Canarie. En tant que grossiste en souvenirs, nous garantissons un produit qui allie beaut\u00e9, qualit\u00e9 et pertinence culturelle.<\/p>\n","protected":false},"excerpt":{"rendered":"<p>Aimant m\u00e9tallique de 8 cm, orn\u00e9 d&rsquo;une salamandre color\u00e9e, repr\u00e9sentative de la faune de Grande Canarie. Cet aimant pr\u00e9sente un design vibrant dans les tons bleus, verts et jaunes, avec un fond noir qui fait ressortir la figure du reptile. Il inclut le texte \u00ab GRAN CANARIA \u00bb en lettres multicolores sur la partie sup\u00e9rieure, compl\u00e9tant l&rsquo;esth\u00e9tique du produit. Id\u00e9al pour se souvenir de la beaut\u00e9 naturelle des \u00eeles Canaries.<\/p>\n","protected":false},"featured_media":12875,"template":"","meta":{"_acf_changed":false},"product_brand":[],"product_cat":[697],"product_tag":[530],"class_list":{"0":"post-30627","1":"product","2":"type-product","3":"status-publish","4":"has-post-thumbnail","6":"product_cat-aimants","7":"product_tag-animaux","8":"pa_ciudad-gran-canaria","9":"pa_motivo-salamandres","10":"pa_pais-espana","12":"first","13":"instock","14":"shipping-taxable","15":"product-type-simple"},"acf":[],"_links":{"self":[{"href":"https:\/\/olemosaic.orbitalia.org\/fr\/wp-json\/wp\/v2\/product\/30627","targetHints":{"allow":["GET"]}}],"collection":[{"href":"https:\/\/olemosaic.orbitalia.org\/fr\/wp-json\/wp\/v2\/product"}],"about":[{"href":"https:\/\/olemosaic.orbitalia.org\/fr\/wp-json\/wp\/v2\/types\/product"}],"wp:featuredmedia":[{"embeddable":true,"href":"https:\/\/olemosaic.orbitalia.org\/fr\/wp-json\/wp\/v2\/media\/12875"}],"wp:attachment":[{"href":"https:\/\/olemosaic.orbitalia.org\/fr\/wp-json\/wp\/v2\/media?parent=30627"}],"wp:term":[{"taxonomy":"product_brand","embeddable":true,"href":"https:\/\/olemosaic.orbitalia.org\/fr\/wp-json\/wp\/v2\/product_brand?post=30627"},{"taxonomy":"product_cat","embeddable":true,"href":"https:\/\/olemosaic.orbitalia.org\/fr\/wp-json\/wp\/v2\/product_cat?post=30627"},{"taxonomy":"product_tag","embeddable":true,"href":"https:\/\/olemosaic.orbitalia.org\/fr\/wp-json\/wp\/v2\/product_tag?post=30627"}],"curies":[{"name":"wp","href":"https:\/\/api.w.org\/{rel}","templated":true}]}}