{"id":30626,"date":"2025-02-20T23:32:26","date_gmt":"2025-02-20T22:32:26","guid":{"rendered":"https:\/\/olemosaic.orbitalia.org\/producto\/iman-de-metal-salamandra-tenerife-negro-8-cm-2\/"},"modified":"2025-07-25T20:15:12","modified_gmt":"2025-07-25T18:15:12","slug":"aimant-metal-salamandre-tenerife-noir-8-cm-fr","status":"publish","type":"product","link":"https:\/\/olemosaic.orbitalia.org\/fr\/produit\/aimant-metal-salamandre-tenerife-noir-8-cm-fr\/","title":{"rendered":"Aimant en m\u00e9tal. Salamandre. Tenerife. Canaries. Noir. 8 cm."},"content":{"rendered":"<p>Cet aimant m\u00e9tallique de 8 cm est un hommage vibrant \u00e0 la faune end\u00e9mique de Tenerife, orn\u00e9 de salamandres color\u00e9es qui capturent la richesse naturelle de cette magnifique \u00eele des Canaries. Le design pr\u00e9sente plusieurs salamandres dans diff\u00e9rentes postures et avec des couleurs vives, telles que le bleu, le vert et l&rsquo;orange, sur un fond noir qui rehausse son attrait visuel. Le mot \u00ab TENERIFE \u00bb se d\u00e9tache en lettres color\u00e9es, ajoutant une touche moderne et joyeuse \u00e0 ce souvenir.<\/p>\n<p>Cette pi\u00e8ce ne sert pas seulement d&rsquo;aimant pratique pour le r\u00e9frig\u00e9rateur, mais aussi d&rsquo;\u00e9l\u00e9ment d\u00e9coratif qui c\u00e9l\u00e8bre la biodiversit\u00e9 unique de Tenerife. Les salamandres, qui symbolisent la richesse et la beaut\u00e9 naturelle de l&rsquo;\u00eele, refl\u00e8tent son environnement et son \u00e9cosyst\u00e8me, faisant de cet aimant un souvenir authentique et significatif de cette r\u00e9gion.<\/p>\n<p>Chez Ol\u00e9 Mosaic, nous comprenons l&rsquo;importance de proposer des souvenirs qui refl\u00e8tent l&rsquo;essence du lieu d&rsquo;origine. Cet aimant salamandre est id\u00e9al pour les touristes qui souhaitent emporter un morceau de Tenerife et constitue une option \u00e9l\u00e9gante pour les boutiques de cadeaux touristiques. En tant que distributeurs de souvenirs en gros, nous garantissons que chaque pi\u00e8ce incarne l&rsquo;authenticit\u00e9 et la valeur culturelle que les visiteurs recherchent.<\/p>\n","protected":false},"excerpt":{"rendered":"<p>Aimant m\u00e9tallique de 8 cm orn\u00e9 de salamandres color\u00e9es repr\u00e9sentant la richesse naturelle de Tenerife. Ce design attrayant pr\u00e9sente des salamandres dans diverses positions et avec des couleurs vibrantes sur un fond noir, mettant en valeur la faune end\u00e9mique de l&rsquo;\u00eele. Le mot \u00ab\u00a0TENERIFE\u00a0\u00bb appara\u00eet en lettres color\u00e9es, compl\u00e9tant le motif visuel. Id\u00e9al comme souvenir ou \u00e9l\u00e9ment d\u00e9coratif, cet aimant capture l&rsquo;essence des \u00eeles Canaries dans un format pratique et accrocheur.<\/p>\n","protected":false},"featured_media":12902,"template":"","meta":{"_acf_changed":false},"product_brand":[],"product_cat":[697],"product_tag":[530],"class_list":{"0":"post-30626","1":"product","2":"type-product","3":"status-publish","4":"has-post-thumbnail","6":"product_cat-aimants","7":"product_tag-animaux","8":"pa_ciudad-tenerife","9":"pa_motivo-salamandres","10":"pa_pais-espana","12":"first","13":"instock","14":"shipping-taxable","15":"product-type-simple"},"acf":[],"_links":{"self":[{"href":"https:\/\/olemosaic.orbitalia.org\/fr\/wp-json\/wp\/v2\/product\/30626","targetHints":{"allow":["GET"]}}],"collection":[{"href":"https:\/\/olemosaic.orbitalia.org\/fr\/wp-json\/wp\/v2\/product"}],"about":[{"href":"https:\/\/olemosaic.orbitalia.org\/fr\/wp-json\/wp\/v2\/types\/product"}],"wp:featuredmedia":[{"embeddable":true,"href":"https:\/\/olemosaic.orbitalia.org\/fr\/wp-json\/wp\/v2\/media\/12902"}],"wp:attachment":[{"href":"https:\/\/olemosaic.orbitalia.org\/fr\/wp-json\/wp\/v2\/media?parent=30626"}],"wp:term":[{"taxonomy":"product_brand","embeddable":true,"href":"https:\/\/olemosaic.orbitalia.org\/fr\/wp-json\/wp\/v2\/product_brand?post=30626"},{"taxonomy":"product_cat","embeddable":true,"href":"https:\/\/olemosaic.orbitalia.org\/fr\/wp-json\/wp\/v2\/product_cat?post=30626"},{"taxonomy":"product_tag","embeddable":true,"href":"https:\/\/olemosaic.orbitalia.org\/fr\/wp-json\/wp\/v2\/product_tag?post=30626"}],"curies":[{"name":"wp","href":"https:\/\/api.w.org\/{rel}","templated":true}]}}