{"id":30625,"date":"2025-02-20T22:32:26","date_gmt":"2025-02-20T22:32:26","guid":{"rendered":"https:\/\/olemosaic.orbitalia.org\/producto\/iman-de-metal-bailaora-sevilla-plata-8-cm\/"},"modified":"2025-07-25T20:31:44","modified_gmt":"2025-07-25T18:31:44","slug":"aimant-metal-danseuse-flamenco-seville-argent-8-cm","status":"publish","type":"product","link":"https:\/\/olemosaic.orbitalia.org\/fr\/produit\/aimant-metal-danseuse-flamenco-seville-argent-8-cm\/","title":{"rendered":"Aimant en m\u00e9tal. Danseuse de flamenco. S\u00e9ville. Argent. 8 cm."},"content":{"rendered":"<p>Cet aimant m\u00e9tallique de 8 cm est un hommage vibrant \u00e0 la culture flamenca, repr\u00e9sentant une danseuse captivante qui incarne l&rsquo;essence de S\u00e9ville. Avec un design artistique et moderne, cet aimant se distingue par sa palette de couleurs \u00e9clatantes, mettant en valeur le costume traditionnel de la danseuse, orn\u00e9 d&rsquo;une robe pleine de pi\u00e8ces contrast\u00e9es qui \u00e9voquent la joie du flamenco. Le fond de l&rsquo;aimant pr\u00e9sente un magnifique motif de mosa\u00efque, rappelant l&rsquo;architecture typique andalouse et ajoutant un air d&rsquo;authenticit\u00e9 \u00e0 la pi\u00e8ce. De plus, le mot \u00ab\u00a0S\u00c9VILLE\u00a0\u00bb est imprim\u00e9 en lettres color\u00e9es, ce qui en fait un souvenir parfait c\u00e9l\u00e9brant non seulement la ville, mais aussi la riche tradition culturelle qui l&rsquo;accompagne.<\/p>\n<p>Cet aimant est un excellent choix pour les touristes \u00e0 la recherche de souvenirs authentiques et repr\u00e9sentatifs de leur visite \u00e0 S\u00e9ville. Chez Ol\u00e9 Mosaic, nous nous sp\u00e9cialisons dans la distribution de souvenirs de haute qualit\u00e9 en gros, offrant des produits qui se distinguent par leur design et leur connexion culturelle. Cette pi\u00e8ce n&rsquo;est pas seulement fonctionnelle en tant qu&rsquo;aimant, mais c&rsquo;est un v\u00e9ritable vestige d&rsquo;une exp\u00e9rience culturelle significative, ce qui en fait un article irr\u00e9sistible pour toute boutique de cadeaux touristiques. En choisissant cet aimant flamenco, les commer\u00e7ants s&rsquo;assurent d&rsquo;offrir \u00e0 leurs clients un souvenir authentique de S\u00e9ville plein de couleur et de tradition.<\/p>\n","protected":false},"excerpt":{"rendered":"<p>Aimant en m\u00e9tal de 8 cm repr\u00e9sentant une danseuse de flamenco, une ic\u00f4ne de S\u00e9ville. Cet aimant color\u00e9 se distingue par son design artistique et moderne, avec une palette de couleurs vibrantes sur le costume de la danseuse, refl\u00e9tant l&rsquo;essence du flamenco. Le fond affiche un motif de mosa\u00efque \u00e9voquant l&rsquo;architecture andalouse. Un d\u00e9tail suppl\u00e9mentaire est le texte \u00ab\u00a0S\u00c9VILLE\u00a0\u00bb imprim\u00e9 en lettres color\u00e9es, ce qui en fait un souvenir id\u00e9al de la ville.<\/p>\n","protected":false},"featured_media":10553,"template":"","meta":{"_acf_changed":false},"product_brand":[],"product_cat":[697],"product_tag":[],"class_list":{"0":"post-30625","1":"product","2":"type-product","3":"status-publish","4":"has-post-thumbnail","6":"product_cat-aimants","7":"pa_ciudad-sevilla","8":"pa_motivo-danseurs","9":"pa_pais-espana","11":"first","12":"instock","13":"shipping-taxable","14":"product-type-simple"},"acf":[],"_links":{"self":[{"href":"https:\/\/olemosaic.orbitalia.org\/fr\/wp-json\/wp\/v2\/product\/30625","targetHints":{"allow":["GET"]}}],"collection":[{"href":"https:\/\/olemosaic.orbitalia.org\/fr\/wp-json\/wp\/v2\/product"}],"about":[{"href":"https:\/\/olemosaic.orbitalia.org\/fr\/wp-json\/wp\/v2\/types\/product"}],"wp:featuredmedia":[{"embeddable":true,"href":"https:\/\/olemosaic.orbitalia.org\/fr\/wp-json\/wp\/v2\/media\/10553"}],"wp:attachment":[{"href":"https:\/\/olemosaic.orbitalia.org\/fr\/wp-json\/wp\/v2\/media?parent=30625"}],"wp:term":[{"taxonomy":"product_brand","embeddable":true,"href":"https:\/\/olemosaic.orbitalia.org\/fr\/wp-json\/wp\/v2\/product_brand?post=30625"},{"taxonomy":"product_cat","embeddable":true,"href":"https:\/\/olemosaic.orbitalia.org\/fr\/wp-json\/wp\/v2\/product_cat?post=30625"},{"taxonomy":"product_tag","embeddable":true,"href":"https:\/\/olemosaic.orbitalia.org\/fr\/wp-json\/wp\/v2\/product_tag?post=30625"}],"curies":[{"name":"wp","href":"https:\/\/api.w.org\/{rel}","templated":true}]}}