{"id":30599,"date":"2025-02-20T22:32:26","date_gmt":"2025-02-20T22:32:26","guid":{"rendered":"https:\/\/olemosaic.orbitalia.org\/producto\/iman-de-metal-dragon-barcelona-plata-8-cm\/"},"modified":"2025-07-25T19:14:44","modified_gmt":"2025-07-25T17:14:44","slug":"aimant-metal-dragon-barcelone-argent-8-cm","status":"publish","type":"product","link":"https:\/\/olemosaic.orbitalia.org\/fr\/produit\/aimant-metal-dragon-barcelone-argent-8-cm\/","title":{"rendered":"Aimant en m\u00e9tal. Dragon. Barcelone. Argent. 8 cm."},"content":{"rendered":"<p>Cet aimant m\u00e9tallique de 8 cm est un hommage vibrant \u00e0 la cr\u00e9ativit\u00e9 d&rsquo;Antoni Gaud\u00ed et \u00e0 son \u0153uvre embl\u00e9matique barcelonaise, plus pr\u00e9cis\u00e9ment \u00e0 l&rsquo;iconique dragon en mosa\u00efque du Park G\u00fcell. Son design color\u00e9 et captivant pr\u00e9sente un m\u00e9lange de formes et de tonalit\u00e9s qui \u00e9voquent l&rsquo;essence artistique du parc, utilisant une palette distinctive de bleus, verts, jaunes et rouges qui donnent vie \u00e0 ce c\u00e9l\u00e8bre symbole de la cit\u00e9 comtale. Cet aimant n&rsquo;est pas seulement un souvenir fonctionnel, mais aussi un v\u00e9ritable objet de collection qui capture l&rsquo;esprit du modernisme catalan.<\/p>\n<p>Le dragon, avec son g\u00e9nie visuel, symbolise la connexion entre l&rsquo;architecture de Gaud\u00ed et la nature, cr\u00e9ant un \u00e9quilibre parfait que l&rsquo;on appr\u00e9cie dans chaque d\u00e9tail du design. La texture et l&rsquo;\u00e9clat du m\u00e9tal apportent une touche d&rsquo;\u00e9l\u00e9gance, faisant de cet aimant une excellente option tant pour d\u00e9corer la maison que pour se souvenir d&rsquo;un voyage inoubliable. Chez Ol\u00e9 Mosaic, nous sommes fiers de proposer des souvenirs de qualit\u00e9 qui refl\u00e8tent la richesse culturelle de l&rsquo;Espagne, et cet aimant du dragon est un choix magnifique pour les boutiques de cadeaux touristiques \u00e0 la recherche de produits authentiques. Il attirera les touristes souhaitant emporter un morceau de la singularit\u00e9 de Barcelone et de son patrimoine artistique.<\/p>\n","protected":false},"excerpt":{"rendered":"<p>Aimant m\u00e9tallique de 8 cm inspir\u00e9 de l&rsquo;\u0153uvre iconique d&rsquo;Antoni Gaud\u00ed \u00e0 Barcelone, repr\u00e9sentant un dragon color\u00e9 en mosa\u00efque. Cet aimant pr\u00e9sente un design vibrant, avec un jeu de formes et de couleurs \u00e9voquant la cr\u00e9ativit\u00e9 du Parc G\u00fcell, mettant en valeur sa palette distinctive de bleus, verts, jaunes et rouges. Un souvenir parfait qui capture l&rsquo;essence artistique de la cit\u00e9 comtale, id\u00e9al pour la d\u00e9coration et la collection.<\/p>\n","protected":false},"featured_media":11399,"template":"","meta":{"_acf_changed":false},"product_brand":[],"product_cat":[697],"product_tag":[],"class_list":{"0":"post-30599","1":"product","2":"type-product","3":"status-publish","4":"has-post-thumbnail","6":"product_cat-aimants","7":"pa_ciudad-barcelona","8":"pa_motivo-dragon","9":"pa_pais-espana","11":"first","12":"instock","13":"shipping-taxable","14":"product-type-simple"},"acf":[],"_links":{"self":[{"href":"https:\/\/olemosaic.orbitalia.org\/fr\/wp-json\/wp\/v2\/product\/30599","targetHints":{"allow":["GET"]}}],"collection":[{"href":"https:\/\/olemosaic.orbitalia.org\/fr\/wp-json\/wp\/v2\/product"}],"about":[{"href":"https:\/\/olemosaic.orbitalia.org\/fr\/wp-json\/wp\/v2\/types\/product"}],"wp:featuredmedia":[{"embeddable":true,"href":"https:\/\/olemosaic.orbitalia.org\/fr\/wp-json\/wp\/v2\/media\/11399"}],"wp:attachment":[{"href":"https:\/\/olemosaic.orbitalia.org\/fr\/wp-json\/wp\/v2\/media?parent=30599"}],"wp:term":[{"taxonomy":"product_brand","embeddable":true,"href":"https:\/\/olemosaic.orbitalia.org\/fr\/wp-json\/wp\/v2\/product_brand?post=30599"},{"taxonomy":"product_cat","embeddable":true,"href":"https:\/\/olemosaic.orbitalia.org\/fr\/wp-json\/wp\/v2\/product_cat?post=30599"},{"taxonomy":"product_tag","embeddable":true,"href":"https:\/\/olemosaic.orbitalia.org\/fr\/wp-json\/wp\/v2\/product_tag?post=30599"}],"curies":[{"name":"wp","href":"https:\/\/api.w.org\/{rel}","templated":true}]}}