{"id":30597,"date":"2025-02-20T22:32:25","date_gmt":"2025-02-20T22:32:25","guid":{"rendered":"https:\/\/olemosaic.orbitalia.org\/producto\/iman-de-metal-don-quijote-plata-8-cm\/"},"modified":"2025-07-25T19:23:50","modified_gmt":"2025-07-25T17:23:50","slug":"aimant-metal-don-quichotte-argent-8-cm","status":"publish","type":"product","link":"https:\/\/olemosaic.orbitalia.org\/fr\/produit\/aimant-metal-don-quichotte-argent-8-cm\/","title":{"rendered":"Aimant en m\u00e9tal. Don Quichotte. Argent. 8 cm."},"content":{"rendered":"<p>Cet aimant m\u00e9tallique de 8 cm est un hommage \u00e0 Don Quichotte, l&rsquo;une des figures les plus embl\u00e9matiques de la litt\u00e9rature espagnole. Avec un design vibrant \u00e9voquant l&rsquo;art de la mosa\u00efque, l&rsquo;aimant pr\u00e9sente un portrait color\u00e9 du chevalier aux c\u00f4t\u00e9s de son fid\u00e8le Rossinante, capturant l&rsquo;essence de cette figure legendaire. Le fond vert resplendit de tonalit\u00e9s joyeuses, tandis qu&rsquo;un soleil radieux brille dans le coin sup\u00e9rieur, ajoutant une touche de chaleur et d&rsquo;optimisme \u00e0 la composition. Le texte \u00ab DON QUIJOTE \u00bb se distingue par une typographie frappante, soulignant son importance culturelle en tant que symbole de la lutte id\u00e9aliste.<\/p>\n<p>Cette pi\u00e8ce n&rsquo;est pas seulement un souvenir attrayant, mais un v\u00e9ritable rappel du riche patrimoine litt\u00e9raire espagnol, qui a inspir\u00e9 des g\u00e9n\u00e9rations par ses le\u00e7ons de courage et d&rsquo;honneur. S&rsquo;agissant d&rsquo;un aimant de haute qualit\u00e9, il est parfait pour orner toute surface m\u00e9tallique, devenant un sujet de conversation chaleureux pour ceux qui l&rsquo;exposent chez eux. Chez Ol\u00e9 Mosaic, nous sommes fiers de proposer des souvenirs qui refl\u00e8tent la culture et la tradition espagnoles, et cet aimant de Don Quichotte est une excellente option pour les boutiques de cadeaux touristiques \u00e0 la recherche de produits authentiques et repr\u00e9sentatifs. En tant que grossistes de souvenirs, nous garantissons la qualit\u00e9 et l&rsquo;artisanat de chacune de nos pi\u00e8ces, faisant de cet aimant un cadeau inoubliable.<\/p>\n","protected":false},"excerpt":{"rendered":"<p>Aimant m\u00e9tallique de 8 cm repr\u00e9sentant Don Quichotte, l&rsquo;une des figures les plus embl\u00e9matiques de la litt\u00e9rature espagnole. Cet aimant color\u00e9 pr\u00e9sente un design inspir\u00e9 de l&rsquo;art de la mosa\u00efque, avec des tonalit\u00e9s vibrantes qui mettent en valeur l&rsquo;iconique chevalier aux c\u00f4t\u00e9s de son fid\u00e8le destrier. Le fond vert et le soleil radieux ajoutent une touche joyeuse, tandis que le texte \u00ab\u00a0DON QUIJOTE\u00a0\u00bb souligne son importance culturelle. Un souvenir parfait de la tradition litt\u00e9raire espagnole.<\/p>\n","protected":false},"featured_media":9886,"template":"","meta":{"_acf_changed":false},"product_brand":[],"product_cat":[697],"product_tag":[530],"class_list":{"0":"post-30597","1":"product","2":"type-product","3":"status-publish","4":"has-post-thumbnail","6":"product_cat-aimants","7":"product_tag-animaux","8":"pa_motivo-don-quichotte","10":"first","11":"instock","12":"shipping-taxable","13":"product-type-simple"},"acf":[],"_links":{"self":[{"href":"https:\/\/olemosaic.orbitalia.org\/fr\/wp-json\/wp\/v2\/product\/30597","targetHints":{"allow":["GET"]}}],"collection":[{"href":"https:\/\/olemosaic.orbitalia.org\/fr\/wp-json\/wp\/v2\/product"}],"about":[{"href":"https:\/\/olemosaic.orbitalia.org\/fr\/wp-json\/wp\/v2\/types\/product"}],"wp:featuredmedia":[{"embeddable":true,"href":"https:\/\/olemosaic.orbitalia.org\/fr\/wp-json\/wp\/v2\/media\/9886"}],"wp:attachment":[{"href":"https:\/\/olemosaic.orbitalia.org\/fr\/wp-json\/wp\/v2\/media?parent=30597"}],"wp:term":[{"taxonomy":"product_brand","embeddable":true,"href":"https:\/\/olemosaic.orbitalia.org\/fr\/wp-json\/wp\/v2\/product_brand?post=30597"},{"taxonomy":"product_cat","embeddable":true,"href":"https:\/\/olemosaic.orbitalia.org\/fr\/wp-json\/wp\/v2\/product_cat?post=30597"},{"taxonomy":"product_tag","embeddable":true,"href":"https:\/\/olemosaic.orbitalia.org\/fr\/wp-json\/wp\/v2\/product_tag?post=30597"}],"curies":[{"name":"wp","href":"https:\/\/api.w.org\/{rel}","templated":true}]}}