{"id":30578,"date":"2025-02-20T22:32:23","date_gmt":"2025-02-20T22:32:23","guid":{"rendered":"https:\/\/olemosaic.orbitalia.org\/producto\/iman-de-metal-tranvia-lisboa-8-cm\/"},"modified":"2025-07-25T18:37:48","modified_gmt":"2025-07-25T16:37:48","slug":"aimant-metal-tramway-lisbonne-8-cm","status":"publish","type":"product","link":"https:\/\/olemosaic.orbitalia.org\/fr\/produit\/aimant-metal-tramway-lisbonne-8-cm\/","title":{"rendered":"Aimant en m\u00e9tal. Tramway. Lisbonne. 8 cm."},"content":{"rendered":"<p>Cet aimant m\u00e9tallique de 8 cm est un charmant souvenir de Lisbonne qui capture l&rsquo;essence de l&rsquo;iconique tramway jaune, connu sous le nom de \u00ab\u00a0El\u00e9ctrico 28\u00a0\u00bb. Ce c\u00e9l\u00e8bre moyen de transport, qui serpente \u00e0 travers les collines pittoresques de la capitale portugaise, est un symbole de la vie quotidienne lisbo\u00e8te et un \u00e9l\u00e9ment incontournable pour tout visiteur. Le design de l&rsquo;aimant met en valeur l&rsquo;exquis tramway, avec sa couleur jaune vibrante caract\u00e9ristique et des d\u00e9tails m\u00e9ticuleusement \u00e9labor\u00e9s qui refl\u00e8tent sa forme classique et attrayante. Autour de lui, un fond d\u00e9coratif inspir\u00e9 des azulejos traditionnels portugais, dans les tons bleu et jaune, enrichit la pi\u00e8ce, \u00e9voquant l&rsquo;architecture distinctive de la ville et son lien historique avec l&rsquo;art de l&rsquo;azulejo.<\/p>\n<p>Cet aimant n&rsquo;est pas seulement un simple accessoire pour le r\u00e9frig\u00e9rateur, mais un hommage \u00e0 la riche culture et au patrimoine de Lisbonne. Id\u00e9al pour les touristes \u00e0 la recherche de souvenirs authentiques, ce produit d&rsquo;Ol\u00e9 Mosaic est parfait pour se rem\u00e9morer des moments inoubliables dans la capitale portugaise. Chaque aimant est une excellente option pour les boutiques de cadeaux touristiques, offrant une repr\u00e9sentation culturelle authentique et attrayante de Lisbonne. En choisissant cet aimant pour votre collection de souvenirs de Lisbonne, vous vous assurez d&#8217;emporter un petit morceau de l&rsquo;histoire et de la culture vibrantes de la ville chez vous.<\/p>\n","protected":false},"excerpt":{"rendered":"<p>Aimant m\u00e9tallique de 8 cm repr\u00e9sentant l&#8217;embl\u00e9matique tramway jaune de Lisbonne, le c\u00e9l\u00e8bre \u00ab\u00a0El\u00e9ctrico 28\u00a0\u00bb. Ce souvenir capture l&rsquo;essence de la ville avec un fond d\u00e9coratif comprenant des azulejos dans les tons bleu et jaune. L&rsquo;image du tramway, soigneusement con\u00e7ue, souligne ses caract\u00e9ristiques distinctives et l&rsquo;environnement architectural qui l&rsquo;accompagne, offrant un aper\u00e7u de la vibrante culture lisbo\u00e8te. Id\u00e9al pour se souvenir de moments inoubliables dans la capitale portugaise.<\/p>\n","protected":false},"featured_media":11206,"template":"","meta":{"_acf_changed":false},"product_brand":[],"product_cat":[697],"product_tag":[],"class_list":{"0":"post-30578","1":"product","2":"type-product","3":"status-publish","4":"has-post-thumbnail","6":"product_cat-aimants","7":"pa_ciudad-lisboa","8":"pa_motivo-tramways","9":"pa_pais-portugal","11":"first","12":"instock","13":"shipping-taxable","14":"product-type-simple"},"acf":[],"_links":{"self":[{"href":"https:\/\/olemosaic.orbitalia.org\/fr\/wp-json\/wp\/v2\/product\/30578","targetHints":{"allow":["GET"]}}],"collection":[{"href":"https:\/\/olemosaic.orbitalia.org\/fr\/wp-json\/wp\/v2\/product"}],"about":[{"href":"https:\/\/olemosaic.orbitalia.org\/fr\/wp-json\/wp\/v2\/types\/product"}],"wp:featuredmedia":[{"embeddable":true,"href":"https:\/\/olemosaic.orbitalia.org\/fr\/wp-json\/wp\/v2\/media\/11206"}],"wp:attachment":[{"href":"https:\/\/olemosaic.orbitalia.org\/fr\/wp-json\/wp\/v2\/media?parent=30578"}],"wp:term":[{"taxonomy":"product_brand","embeddable":true,"href":"https:\/\/olemosaic.orbitalia.org\/fr\/wp-json\/wp\/v2\/product_brand?post=30578"},{"taxonomy":"product_cat","embeddable":true,"href":"https:\/\/olemosaic.orbitalia.org\/fr\/wp-json\/wp\/v2\/product_cat?post=30578"},{"taxonomy":"product_tag","embeddable":true,"href":"https:\/\/olemosaic.orbitalia.org\/fr\/wp-json\/wp\/v2\/product_tag?post=30578"}],"curies":[{"name":"wp","href":"https:\/\/api.w.org\/{rel}","templated":true}]}}