{"id":30575,"date":"2025-02-20T22:32:23","date_gmt":"2025-02-20T22:32:23","guid":{"rendered":"https:\/\/olemosaic.orbitalia.org\/producto\/iman-de-metal-dragon-barcelona-8-cm\/"},"modified":"2025-07-25T18:47:48","modified_gmt":"2025-07-25T16:47:48","slug":"aimant-metal-dragon-barcelone-8-cm","status":"publish","type":"product","link":"https:\/\/olemosaic.orbitalia.org\/fr\/produit\/aimant-metal-dragon-barcelone-8-cm\/","title":{"rendered":"Aimant en m\u00e9tal. Dragon. Barcelone. 8 cm."},"content":{"rendered":"<p>Cet aimant m\u00e9tallique de 8 cm est un v\u00e9ritable hommage \u00e0 l&#8217;embl\u00e9matique dragon du Park G\u00fcell de Barcelone, l&rsquo;un des chefs-d&rsquo;\u0153uvre de l&rsquo;architecte Antoni Gaud\u00ed, connu pour son style singulier et color\u00e9. L&rsquo;aimant pr\u00e9sente un design de mosa\u00efque vibrant qui capture l&rsquo;essence du c\u00e9l\u00e8bre reptile en c\u00e9ramique, caract\u00e9ris\u00e9 par ses couleurs vives et ses formes sinueuses, refl\u00e9tant la magie architecturale de la ville. La composition graphique ne met pas seulement en valeur le dragon, mais le place dans un environnement naturel, entour\u00e9 d&rsquo;\u00e9l\u00e9ments \u00e9voquant l&rsquo;esprit ludique et organique du Park G\u00fcell. Le fond bleu, \u00e9voquant le ciel de Barcelone, offre un contraste parfait avec les couleurs vives du dragon, tandis que le nom \u00ab\u00a0Barcelone\u00a0\u00bb est pr\u00e9sent\u00e9 en lettres frappantes, garantissant que ce souvenir soit un authentique symbole de la culture catalane.<\/p>\n<p>Cet aimant n&rsquo;est pas seulement un objet d\u00e9coratif, mais un souvenir significatif qui \u00e9voque l&rsquo;histoire et la richesse culturelle de Barcelone. En tant que distributeur en gros de souvenirs, Ol\u00e9 Mosaic propose des produits authentiques qui soulignent la diversit\u00e9 et le charme de chaque destination. Cet aimant dragon est un choix id\u00e9al pour les touristes cherchant \u00e0 emporter un morceau de la beaut\u00e9 de Barcelone, devenant une pi\u00e8ce parfaite pour les boutiques de cadeaux touristiques souhaitant offrir des souvenirs de haute qualit\u00e9 et de pertinence culturelle.<\/p>\n","protected":false},"excerpt":{"rendered":"<p>Aimant m\u00e9tallique de 8 cm inspir\u00e9 du c\u00e9l\u00e8bre dragon du Parc G\u00fcell de Barcelone. Cet aimant pr\u00e9sente un design de mosa\u00efque vibrant, avec des couleurs \u00e9clatantes repr\u00e9sentant la sculpture embl\u00e9matique. La base montre une composition graphique mettant en valeur le dragon dans un environnement naturel, compl\u00e9t\u00e9e par un fond bleu \u00e9voquant le ciel de la ville. Le nom \u00ab\u00a0Barcelone\u00a0\u00bb appara\u00eet en lettres frappantes, faisant de ce souvenir une pi\u00e8ce unique et repr\u00e9sentative de la culture catalane.<\/p>\n","protected":false},"featured_media":11400,"template":"","meta":{"_acf_changed":false},"product_brand":[],"product_cat":[697],"product_tag":[],"class_list":{"0":"post-30575","1":"product","2":"type-product","3":"status-publish","4":"has-post-thumbnail","6":"product_cat-aimants","7":"pa_ciudad-barcelona","8":"pa_motivo-dragon","9":"pa_pais-espana","11":"first","12":"instock","13":"shipping-taxable","14":"product-type-simple"},"acf":[],"_links":{"self":[{"href":"https:\/\/olemosaic.orbitalia.org\/fr\/wp-json\/wp\/v2\/product\/30575","targetHints":{"allow":["GET"]}}],"collection":[{"href":"https:\/\/olemosaic.orbitalia.org\/fr\/wp-json\/wp\/v2\/product"}],"about":[{"href":"https:\/\/olemosaic.orbitalia.org\/fr\/wp-json\/wp\/v2\/types\/product"}],"wp:featuredmedia":[{"embeddable":true,"href":"https:\/\/olemosaic.orbitalia.org\/fr\/wp-json\/wp\/v2\/media\/11400"}],"wp:attachment":[{"href":"https:\/\/olemosaic.orbitalia.org\/fr\/wp-json\/wp\/v2\/media?parent=30575"}],"wp:term":[{"taxonomy":"product_brand","embeddable":true,"href":"https:\/\/olemosaic.orbitalia.org\/fr\/wp-json\/wp\/v2\/product_brand?post=30575"},{"taxonomy":"product_cat","embeddable":true,"href":"https:\/\/olemosaic.orbitalia.org\/fr\/wp-json\/wp\/v2\/product_cat?post=30575"},{"taxonomy":"product_tag","embeddable":true,"href":"https:\/\/olemosaic.orbitalia.org\/fr\/wp-json\/wp\/v2\/product_tag?post=30575"}],"curies":[{"name":"wp","href":"https:\/\/api.w.org\/{rel}","templated":true}]}}