{"id":30558,"date":"2025-02-20T23:32:22","date_gmt":"2025-02-20T22:32:22","guid":{"rendered":"https:\/\/olemosaic.orbitalia.org\/producto\/iman-de-metal-sagrada-familia-barcelona-plata-8-cm-4\/"},"modified":"2025-07-25T20:26:55","modified_gmt":"2025-07-25T18:26:55","slug":"aimant-metal-sagrada-familia-barcelone-argent-8-cm-4","status":"publish","type":"product","link":"https:\/\/olemosaic.orbitalia.org\/fr\/produit\/aimant-metal-sagrada-familia-barcelone-argent-8-cm-4\/","title":{"rendered":"Aimant en m\u00e9tal. Sagrada Familia. Trencad\u00eds. Barcelone. Argent. 8 cm."},"content":{"rendered":"<p>Cet aimant m\u00e9tallique de 8 cm est un souvenir attrayant repr\u00e9sentant l&#8217;embl\u00e9matique Sagrada Familia de Barcelone, l&rsquo;une des \u0153uvres ma\u00eetresses de l&rsquo;architecte Antoni Gaud\u00ed. Son illustration vibrante, r\u00e9alis\u00e9e dans un style mosa\u00efque color\u00e9, capture l&rsquo;essence de ce monument avec des tons brillants qui \u00e9voquent la singularit\u00e9 de son architecture. Les d\u00e9tails en fuchsia, bleu et jaune donnent vie aux tours et fa\u00e7ades iconiques de la basilique, cr\u00e9ant un design spectaculaire qui souligne sa majest\u00e9.<\/p>\n<p>Sur la partie sup\u00e9rieure de l&rsquo;aimant se trouve l&rsquo;inscription \u00ab\u00a0Barcelona\u00a0\u00bb, qui compl\u00e8te parfaitement l&rsquo;image, rappelant aux touristes leur exp\u00e9rience dans cette ville fascinante. Sa finition en argent apporte une touche moderne et \u00e9l\u00e9gante, en faisant un article d\u00e9coratif id\u00e9al, fonctionnel et artistique. Cet aimant est un moyen parfait d&#8217;emporter chez soi un fragment de la riche culture catalane et de c\u00e9l\u00e9brer l&rsquo;histoire architecturale qu&rsquo;il repr\u00e9sente.<\/p>\n<p>Chez Ol\u00e9 Mosaic, nous nous sp\u00e9cialisons dans la distribution de souvenirs en gros, offrant des produits authentiques qui refl\u00e8tent l&rsquo;h\u00e9ritage culturel de l&rsquo;Espagne. Cet aimant de la Sagrada Familia est une option exceptionnelle pour les boutiques de cadeaux touristiques qui cherchent \u00e0 offrir des souvenirs repr\u00e9sentatifs et de qualit\u00e9 \u00e0 leurs clients. Ne manquez pas l&rsquo;occasion d&rsquo;int\u00e9grer ce souvenir de Barcelone dans votre catalogue ; c&rsquo;est un \u00e9l\u00e9ment indispensable pour ceux qui souhaitent se souvenir de leur visite de ce joyau architectural.<\/p>\n","protected":false},"excerpt":{"rendered":"<p>Aimant m\u00e9tallique de 8 cm avec une illustration vibrante de la Sagrada Familia de Barcelone. Ce souvenir attrayant se distingue par son design color\u00e9 de style mosa\u00efque, avec des d\u00e9tails brillants qui refl\u00e8tent l&rsquo;architecture unique du monument. L&rsquo;inscription \u00ab\u00a0Barcelona\u00a0\u00bb sur la partie sup\u00e9rieure compl\u00e8te la sc\u00e8ne, faisant de cet aimant un article d\u00e9coratif id\u00e9al pour se souvenir de la beaut\u00e9 de cette basilique embl\u00e9matique. Sa finition argent\u00e9e ajoute une touche \u00e9l\u00e9gante et moderne.<\/p>\n","protected":false},"featured_media":11377,"template":"","meta":{"_acf_changed":false},"product_brand":[],"product_cat":[697],"product_tag":[],"class_list":{"0":"post-30558","1":"product","2":"type-product","3":"status-publish","4":"has-post-thumbnail","6":"product_cat-aimants","7":"pa_ciudad-barcelona","8":"pa_motivo-sagrada-familia","9":"pa_pais-espana","11":"first","12":"instock","13":"shipping-taxable","14":"product-type-simple"},"acf":[],"_links":{"self":[{"href":"https:\/\/olemosaic.orbitalia.org\/fr\/wp-json\/wp\/v2\/product\/30558","targetHints":{"allow":["GET"]}}],"collection":[{"href":"https:\/\/olemosaic.orbitalia.org\/fr\/wp-json\/wp\/v2\/product"}],"about":[{"href":"https:\/\/olemosaic.orbitalia.org\/fr\/wp-json\/wp\/v2\/types\/product"}],"wp:featuredmedia":[{"embeddable":true,"href":"https:\/\/olemosaic.orbitalia.org\/fr\/wp-json\/wp\/v2\/media\/11377"}],"wp:attachment":[{"href":"https:\/\/olemosaic.orbitalia.org\/fr\/wp-json\/wp\/v2\/media?parent=30558"}],"wp:term":[{"taxonomy":"product_brand","embeddable":true,"href":"https:\/\/olemosaic.orbitalia.org\/fr\/wp-json\/wp\/v2\/product_brand?post=30558"},{"taxonomy":"product_cat","embeddable":true,"href":"https:\/\/olemosaic.orbitalia.org\/fr\/wp-json\/wp\/v2\/product_cat?post=30558"},{"taxonomy":"product_tag","embeddable":true,"href":"https:\/\/olemosaic.orbitalia.org\/fr\/wp-json\/wp\/v2\/product_tag?post=30558"}],"curies":[{"name":"wp","href":"https:\/\/api.w.org\/{rel}","templated":true}]}}