{"id":30526,"date":"2025-02-20T22:32:21","date_gmt":"2025-02-20T22:32:21","guid":{"rendered":"https:\/\/olemosaic.orbitalia.org\/producto\/iman-de-metal-gallo-plata-8-cm\/"},"modified":"2025-07-25T20:26:01","modified_gmt":"2025-07-25T18:26:01","slug":"aimant-metal-coq-argent-8-cm","status":"publish","type":"product","link":"https:\/\/olemosaic.orbitalia.org\/fr\/produit\/aimant-metal-coq-argent-8-cm\/","title":{"rendered":"Aimant en m\u00e9tal. Coq. Argent. 8 cm."},"content":{"rendered":"<p>Cet aimant m\u00e9tallique de 8 cm, arborant le design de l&#8217;embl\u00e9matique Coq de Barcelos, est une repr\u00e9sentation authentique de la tradition culturelle portugaise. \u00c9labor\u00e9 avec une technique de mosa\u00efque vibrante, ce souvenir se distingue par son d\u00e9ploiement color\u00e9 de tons rouges, jaunes, bleus et verts, qui donnent vie \u00e0 l&rsquo;image de ce coq, symbole d&rsquo;espoir et de justice dans le folklore portugais. La figure du coq est pr\u00e9sent\u00e9e sur un fond simulant de la c\u00e9ramique bris\u00e9e, cr\u00e9ant une apparence artistique et attrayante, parfaite pour orner n&rsquo;importe quel r\u00e9frig\u00e9rateur.<\/p>\n<p>Son fini brillant ne fait pas que souligner les couleurs \u00e9clatantes, il apporte \u00e9galement une touche moderne et contemporaine, en faisant un \u00e9l\u00e9ment d\u00e9coratif qui attire l&rsquo;attention. En acqu\u00e9rant cet aimant, on ne ram\u00e8ne pas seulement chez soi un petit morceau d&rsquo;art, mais aussi une pi\u00e8ce charg\u00e9e de sens culturel qui \u00e9voque la riche tradition portugaise, ce qui en fait un souvenir id\u00e9al pour les touristes cherchant une connexion authentique avec le Portugal. Chez Ol\u00e9 Mosaic, en tant que grossiste de souvenirs, nous proposons cet aimant du Coq de Barcelos comme une excellente option pour les boutiques de cadeaux touristiques, garantissant des produits de haute qualit\u00e9 qui c\u00e9l\u00e8brent l&rsquo;h\u00e9ritage culturel unique de la r\u00e9gion. Cet aimant est, sans aucun doute, un choix parfait pour ceux qui souhaitent ramener chez eux un morceau de l&rsquo;histoire et de la joie du Portugal.<\/p>\n","protected":false},"excerpt":{"rendered":"<p>Aimant en m\u00e9tal de 8 cm avec un design color\u00e9 de coq inspir\u00e9 du c\u00e9l\u00e8bre \u00ab\u00a0Coq de Barcelos\u00a0\u00bb. Cet aimant pr\u00e9sente une technique de mosa\u00efque aux tons vibrants de rouge, jaune, bleu et vert, mettant en valeur la figure du coq sur un fond aux motifs irr\u00e9guliers simulant de la c\u00e9ramique bris\u00e9e. La fusion des couleurs et le fini brillant font de ce souvenir un \u00e9l\u00e9ment d\u00e9coratif attrayant pour tout r\u00e9frig\u00e9rateur, \u00e9voquant la riche tradition portugaise.<\/p>\n","protected":false},"featured_media":11456,"template":"","meta":{"_acf_changed":false},"product_brand":[],"product_cat":[697],"product_tag":[530],"class_list":{"0":"post-30526","1":"product","2":"type-product","3":"status-publish","4":"has-post-thumbnail","6":"product_cat-aimants","7":"product_tag-animaux","8":"pa_motivo-coqs","10":"first","11":"instock","12":"shipping-taxable","13":"product-type-simple"},"acf":[],"_links":{"self":[{"href":"https:\/\/olemosaic.orbitalia.org\/fr\/wp-json\/wp\/v2\/product\/30526","targetHints":{"allow":["GET"]}}],"collection":[{"href":"https:\/\/olemosaic.orbitalia.org\/fr\/wp-json\/wp\/v2\/product"}],"about":[{"href":"https:\/\/olemosaic.orbitalia.org\/fr\/wp-json\/wp\/v2\/types\/product"}],"wp:featuredmedia":[{"embeddable":true,"href":"https:\/\/olemosaic.orbitalia.org\/fr\/wp-json\/wp\/v2\/media\/11456"}],"wp:attachment":[{"href":"https:\/\/olemosaic.orbitalia.org\/fr\/wp-json\/wp\/v2\/media?parent=30526"}],"wp:term":[{"taxonomy":"product_brand","embeddable":true,"href":"https:\/\/olemosaic.orbitalia.org\/fr\/wp-json\/wp\/v2\/product_brand?post=30526"},{"taxonomy":"product_cat","embeddable":true,"href":"https:\/\/olemosaic.orbitalia.org\/fr\/wp-json\/wp\/v2\/product_cat?post=30526"},{"taxonomy":"product_tag","embeddable":true,"href":"https:\/\/olemosaic.orbitalia.org\/fr\/wp-json\/wp\/v2\/product_tag?post=30526"}],"curies":[{"name":"wp","href":"https:\/\/api.w.org\/{rel}","templated":true}]}}