{"id":30517,"date":"2025-02-20T23:32:20","date_gmt":"2025-02-20T22:32:20","guid":{"rendered":"https:\/\/olemosaic.orbitalia.org\/producto\/iman-de-metal-bailaora-negro-11-cm-4\/"},"modified":"2025-07-25T23:10:52","modified_gmt":"2025-07-25T21:10:52","slug":"aimant-metal-danseuse-flamenco-noir-11-cm-4","status":"publish","type":"product","link":"https:\/\/olemosaic.orbitalia.org\/fr\/produit\/aimant-metal-danseuse-flamenco-noir-11-cm-4\/","title":{"rendered":"Aimant en m\u00e9tal. Danseuse de flamenco. Volants rouges. Noir. 11 cm."},"content":{"rendered":"<p>Cet aimant m\u00e9tallique de 11 cm est une repr\u00e9sentation vibrante d&rsquo;une danseuse de flamenco, capturant l&rsquo;essence dynamique du flamenco dans chaque trait. Le design, peint \u00e0 la main, pr\u00e9sente une danseuse v\u00eatue d&rsquo;un \u00e9l\u00e9gant costume \u00e0 volants dans les tons rouges, orn\u00e9 de d\u00e9tails jaunes et blancs qui \u00e9voquent la passion et la joie de cet art espagnol. La figure, en plein mouvement, refl\u00e8te la gr\u00e2ce et le dramatisme de la danse flamenco, tandis que le fond noir rehausse encore plus le coloris du costume, cr\u00e9ant un magnifique contraste visuel qui attirera l&rsquo;attention de tout amateur de culture hispanique.<\/p>\n<p>Cet aimant n&rsquo;est pas seulement un \u00e9l\u00e9ment d\u00e9coratif attrayant, mais un authentique souvenir qui connecte avec le riche h\u00e9ritage culturel de l&rsquo;Espagne, id\u00e9al pour ceux qui cherchent \u00e0 ramener un morceau de cette tradition chez eux. Le flamenco, reconnu par l&rsquo;UNESCO comme Patrimoine Culturel Immat\u00e9riel de l&rsquo;Humanit\u00e9, repr\u00e9sente la musique, la danse et l&rsquo;\u00e9motion qui caract\u00e9risent l&rsquo;identit\u00e9 espagnole, faisant de cet aimant un souvenir significatif et repr\u00e9sentatif.<\/p>\n<p>Chez Ol\u00e9 Mosaic, en tant que distributeurs de souvenirs, nous proposons des pi\u00e8ces qui mettent en avant l&rsquo;authenticit\u00e9 et la valeur culturelle, et cet aimant de danseuse est une excellente option pour les boutiques de cadeaux touristiques \u00e0 la recherche de produits de qualit\u00e9. C&rsquo;est sans aucun doute un cadeau parfait pour tous ceux qui appr\u00e9cient l&rsquo;art du flamenco et souhaitent garder vivant le souvenir de leur exp\u00e9rience en Espagne.<\/p>\n","protected":false},"excerpt":{"rendered":"<p>Aimant m\u00e9tallique de 11 cm montrant une danseuse de flamenco vibrante avec une \u00e9l\u00e9gante robe \u00e0 volants rouges, orn\u00e9e de d\u00e9tails jaunes et blancs. Le design artisanal, peint \u00e0 la main, capture l&rsquo;essence de la danse flamenco avec son dynamisme et sa gr\u00e2ce, se d\u00e9tachant sur un fond noir. Cet aimant repr\u00e9sente la riche culture du flamenco et est un souvenir parfait de l&rsquo;Espagne.<\/p>\n","protected":false},"featured_media":8287,"template":"","meta":{"_acf_changed":false},"product_brand":[],"product_cat":[697],"product_tag":[],"class_list":{"0":"post-30517","1":"product","2":"type-product","3":"status-publish","4":"has-post-thumbnail","6":"product_cat-aimants","7":"pa_motivo-danseurs","9":"first","10":"instock","11":"shipping-taxable","12":"product-type-simple"},"acf":[],"_links":{"self":[{"href":"https:\/\/olemosaic.orbitalia.org\/fr\/wp-json\/wp\/v2\/product\/30517","targetHints":{"allow":["GET"]}}],"collection":[{"href":"https:\/\/olemosaic.orbitalia.org\/fr\/wp-json\/wp\/v2\/product"}],"about":[{"href":"https:\/\/olemosaic.orbitalia.org\/fr\/wp-json\/wp\/v2\/types\/product"}],"wp:featuredmedia":[{"embeddable":true,"href":"https:\/\/olemosaic.orbitalia.org\/fr\/wp-json\/wp\/v2\/media\/8287"}],"wp:attachment":[{"href":"https:\/\/olemosaic.orbitalia.org\/fr\/wp-json\/wp\/v2\/media?parent=30517"}],"wp:term":[{"taxonomy":"product_brand","embeddable":true,"href":"https:\/\/olemosaic.orbitalia.org\/fr\/wp-json\/wp\/v2\/product_brand?post=30517"},{"taxonomy":"product_cat","embeddable":true,"href":"https:\/\/olemosaic.orbitalia.org\/fr\/wp-json\/wp\/v2\/product_cat?post=30517"},{"taxonomy":"product_tag","embeddable":true,"href":"https:\/\/olemosaic.orbitalia.org\/fr\/wp-json\/wp\/v2\/product_tag?post=30517"}],"curies":[{"name":"wp","href":"https:\/\/api.w.org\/{rel}","templated":true}]}}