{"id":30515,"date":"2025-02-20T23:32:20","date_gmt":"2025-02-20T22:32:20","guid":{"rendered":"https:\/\/olemosaic.orbitalia.org\/producto\/iman-de-metal-bailaora-negro-11-cm-2\/"},"modified":"2025-07-25T19:03:17","modified_gmt":"2025-07-25T17:03:17","slug":"aimant-metal-danseuse-flamenco-noir-11-cm-2","status":"publish","type":"product","link":"https:\/\/olemosaic.orbitalia.org\/fr\/produit\/aimant-metal-danseuse-flamenco-noir-11-cm-2\/","title":{"rendered":"Aimant en m\u00e9tal. Danseuse de flamenco. Robe rouge et fuchsia. Noir. 11 cm."},"content":{"rendered":"<p>Cet aimant m\u00e9tallique de 11 cm est une repr\u00e9sentation color\u00e9e du flamenco espagnol, mettant en avant la figure de quatre danseuses en plein mouvement. Chaque danseuse porte des robes vibrantes qui capturent l&rsquo;essence de l&rsquo;art flamenco, avec une explosion de couleurs comme le rouge et le bleu, \u00e9voquant la passion et l&rsquo;\u00e9nergie de cette danse traditionnelle. Le fond noir intensifie les d\u00e9tails, permettant \u00e0 chaque figure de ressortir avec clart\u00e9 et \u00e9l\u00e9gance. Le design stylis\u00e9 refl\u00e8te la beaut\u00e9 du costume \u00e0 volants, chaque pli \u00e9tant soigneusement d\u00e9limit\u00e9 pour montrer la fluidit\u00e9 de la danse.<\/p>\n<p>Cet aimant n&rsquo;est pas seulement un objet d\u00e9coratif ; c&rsquo;est un symbole du riche h\u00e9ritage culturel de l&rsquo;Andalousie et du folklore espagnol, parfait pour ceux qui souhaitent ramener un morceau de tradition chez eux. Il repr\u00e9sente la joie et la vitalit\u00e9 des festivit\u00e9s locales, ce qui en fait un souvenir id\u00e9al pour les touristes. Avec son style authentique et attrayant, ce souvenir est une excellente option pour orner toute surface m\u00e9tallique, des r\u00e9frig\u00e9rateurs aux bureaux.<\/p>\n<p>Chez Ol\u00e9 Mosaic, nous sommes sp\u00e9cialis\u00e9s dans la distribution de souvenirs en gros, proposant des produits qui refl\u00e8tent l&rsquo;authentique culture espagnole. Cet aimant de danseuses est un choix parfait pour les boutiques de cadeaux touristiques souhaitant proposer des articles significatifs et repr\u00e9sentatifs. En tant que grossistes d&rsquo;aimants, nous garantissons que chaque produit allie artisanat, style et pertinence culturelle.<\/p>\n","protected":false},"excerpt":{"rendered":"<p>Aimant m\u00e9tallique de 11 cm repr\u00e9sentant quatre danseuses de flamenco, mettant en valeur leurs riches costumes aux couleurs vibrantes comme le rouge et le bleu. Avec un fond noir qui intensifie les d\u00e9tails, chaque figure est \u00e9labor\u00e9e avec un design color\u00e9 et stylis\u00e9, capturant l&rsquo;essence de la danse flamenco. Cet aimant est une belle repr\u00e9sentation du folklore espagnol, id\u00e9al pour d\u00e9corer toute surface m\u00e9tallique et se souvenir des traditions de l&rsquo;Andalousie.<\/p>\n","protected":false},"featured_media":8161,"template":"","meta":{"_acf_changed":false},"product_brand":[],"product_cat":[697],"product_tag":[],"class_list":{"0":"post-30515","1":"product","2":"type-product","3":"status-publish","4":"has-post-thumbnail","6":"product_cat-aimants","7":"pa_motivo-danseurs","9":"first","10":"instock","11":"shipping-taxable","12":"product-type-simple"},"acf":[],"_links":{"self":[{"href":"https:\/\/olemosaic.orbitalia.org\/fr\/wp-json\/wp\/v2\/product\/30515","targetHints":{"allow":["GET"]}}],"collection":[{"href":"https:\/\/olemosaic.orbitalia.org\/fr\/wp-json\/wp\/v2\/product"}],"about":[{"href":"https:\/\/olemosaic.orbitalia.org\/fr\/wp-json\/wp\/v2\/types\/product"}],"wp:featuredmedia":[{"embeddable":true,"href":"https:\/\/olemosaic.orbitalia.org\/fr\/wp-json\/wp\/v2\/media\/8161"}],"wp:attachment":[{"href":"https:\/\/olemosaic.orbitalia.org\/fr\/wp-json\/wp\/v2\/media?parent=30515"}],"wp:term":[{"taxonomy":"product_brand","embeddable":true,"href":"https:\/\/olemosaic.orbitalia.org\/fr\/wp-json\/wp\/v2\/product_brand?post=30515"},{"taxonomy":"product_cat","embeddable":true,"href":"https:\/\/olemosaic.orbitalia.org\/fr\/wp-json\/wp\/v2\/product_cat?post=30515"},{"taxonomy":"product_tag","embeddable":true,"href":"https:\/\/olemosaic.orbitalia.org\/fr\/wp-json\/wp\/v2\/product_tag?post=30515"}],"curies":[{"name":"wp","href":"https:\/\/api.w.org\/{rel}","templated":true}]}}