{"id":30479,"date":"2025-02-20T23:32:19","date_gmt":"2025-02-20T22:32:19","guid":{"rendered":"https:\/\/olemosaic.orbitalia.org\/producto\/iman-de-metal-panoramica-segovia-8-cm-2\/"},"modified":"2025-07-25T21:37:01","modified_gmt":"2025-07-25T19:37:01","slug":"aimant-metal-panoramique-segovie-8-cm-2","status":"publish","type":"product","link":"https:\/\/olemosaic.orbitalia.org\/fr\/produit\/aimant-metal-panoramique-segovie-8-cm-2\/","title":{"rendered":"Aimant en m\u00e9tal. Panoramique. Aqueduc. S\u00e9govie. 8 cm."},"content":{"rendered":"<p>Cet aimant m\u00e9tallique avec une vue panoramique vibrante de S\u00e9govie est le souvenir id\u00e9al pour ceux qui souhaitent emporter un morceau de cette ville historique espagnole. D&rsquo;une taille de 8 cm, il pr\u00e9sente une repr\u00e9sentation stylis\u00e9e du c\u00e9l\u00e8bre aqueduc de S\u00e9govie, l&rsquo;un des chefs-d&rsquo;\u0153uvre de l&rsquo;ing\u00e9nierie romaine qui symbolise la grandeur du patrimoine architectural espagnol. Le design en mosa\u00efque, avec des couleurs chaudes \u00e9voquant la pierre de l&rsquo;aqueduc, souligne la majest\u00e9 de ce monument, tandis que le fond bleu du ciel cr\u00e9e un contraste parfait qui rehausse la beaut\u00e9 de l&rsquo;environnement. De plus, le texte \u00ab\u00a0S\u00c9GOVIE\u00a0\u00bb en lettres color\u00e9es ajoute une touche distinctive et attrayante, transformant cet aimant en un objet d\u00e9coratif qui, en plus d&rsquo;\u00eatre fonctionnel, est esth\u00e9tiquement plaisant. Ce souvenir ne capture pas seulement l&rsquo;essence de S\u00e9govie, mais constitue \u00e9galement un rappel tangible de sa riche histoire culturelle. Chez Ol\u00e9 Mosaic, nous proposons cet aimant dans le cadre de notre s\u00e9lection de souvenirs de qualit\u00e9, id\u00e9aux pour les boutiques de cadeaux touristiques \u00e0 la recherche de produits authentiques et repr\u00e9sentatifs. Cet aimant de S\u00e9govie est une excellente option pour les touristes qui souhaitent emporter un souvenir authentique et significatif de leur visite.<\/p>\n","protected":false},"excerpt":{"rendered":"<p>Aimant m\u00e9tallique avec une vue panoramique vibrante de S\u00e9govie, de 8 cm. Cet aimant attrayant pr\u00e9sente une repr\u00e9sentation stylis\u00e9e du c\u00e9l\u00e8bre aqueduc, soulign\u00e9e par son design en mosa\u00efque aux couleurs chaudes \u00e9voquant l&rsquo;architecture historique de la ville. Le fond bleu du ciel fait ressortir la beaut\u00e9 de l&rsquo;environnement, tandis que le texte \u00ab\u00a0S\u00c9GOVIE\u00a0\u00bb en lettres color\u00e9es ajoute une touche distinctive. Id\u00e9al pour emporter un souvenir de cette ville embl\u00e9matique espagnole.<\/p>\n","protected":false},"featured_media":10452,"template":"","meta":{"_acf_changed":false},"product_brand":[],"product_cat":[697],"product_tag":[],"class_list":{"0":"post-30479","1":"product","2":"type-product","3":"status-publish","4":"has-post-thumbnail","6":"product_cat-aimants","7":"pa_ciudad-segovia","8":"pa_motivo-panoramas","9":"pa_pais-espana","11":"first","12":"instock","13":"shipping-taxable","14":"product-type-simple"},"acf":[],"_links":{"self":[{"href":"https:\/\/olemosaic.orbitalia.org\/fr\/wp-json\/wp\/v2\/product\/30479","targetHints":{"allow":["GET"]}}],"collection":[{"href":"https:\/\/olemosaic.orbitalia.org\/fr\/wp-json\/wp\/v2\/product"}],"about":[{"href":"https:\/\/olemosaic.orbitalia.org\/fr\/wp-json\/wp\/v2\/types\/product"}],"wp:featuredmedia":[{"embeddable":true,"href":"https:\/\/olemosaic.orbitalia.org\/fr\/wp-json\/wp\/v2\/media\/10452"}],"wp:attachment":[{"href":"https:\/\/olemosaic.orbitalia.org\/fr\/wp-json\/wp\/v2\/media?parent=30479"}],"wp:term":[{"taxonomy":"product_brand","embeddable":true,"href":"https:\/\/olemosaic.orbitalia.org\/fr\/wp-json\/wp\/v2\/product_brand?post=30479"},{"taxonomy":"product_cat","embeddable":true,"href":"https:\/\/olemosaic.orbitalia.org\/fr\/wp-json\/wp\/v2\/product_cat?post=30479"},{"taxonomy":"product_tag","embeddable":true,"href":"https:\/\/olemosaic.orbitalia.org\/fr\/wp-json\/wp\/v2\/product_tag?post=30479"}],"curies":[{"name":"wp","href":"https:\/\/api.w.org\/{rel}","templated":true}]}}