{"id":30477,"date":"2025-02-20T23:32:18","date_gmt":"2025-02-20T22:32:18","guid":{"rendered":"https:\/\/olemosaic.orbitalia.org\/producto\/iman-de-metal-panoramica-marbella-8-cm\/"},"modified":"2025-07-25T18:59:09","modified_gmt":"2025-07-25T16:59:09","slug":"aimant-metal-panoramique-marbella-8-cm","status":"publish","type":"product","link":"https:\/\/olemosaic.orbitalia.org\/fr\/produit\/aimant-metal-panoramique-marbella-8-cm\/","title":{"rendered":"Aimant en m\u00e9tal. Panoramique. Marbella. 8 cm."},"content":{"rendered":"<p>Cet aimant m\u00e9tallique, avec une vue panoramique vibrante de Marbella, est le souvenir parfait pour ceux qui souhaitent emporter un morceau du charme andalou. D&rsquo;une taille de 8 cm, cet aimant attrayant pr\u00e9sente une illustration color\u00e9e qui capture l&rsquo;essence d&rsquo;une place typique de Marbella. Au centre, se d\u00e9tache une fontaine entour\u00e9e de plantes charmantes et de l&rsquo;architecture blanche qui caract\u00e9rise la r\u00e9gion. Les lettres formant le nom \u00ab\u00a0Marbella\u00a0\u00bb sont con\u00e7ues dans des tons brillants, attirant le regard et offrant un contraste visuel qui rehausse le design.<\/p>\n<p>Chaque d\u00e9tail de cet aimant a \u00e9t\u00e9 peint \u00e0 la main, ce qui refl\u00e8te non seulement la beaut\u00e9 du lieu, mais aussi l&rsquo;art et le folklore local. La riche tradition de la mosa\u00efque en Andalousie est pr\u00e9sente dans ce design, \u00e9voquant l&rsquo;histoire et l&rsquo;ambiance vibrante de Marbella. Cet aimant n&rsquo;est pas seulement un accessoire d\u00e9coratif, mais un authentique souvenir qui encapsule la culture et la vie de cette belle ville c\u00f4ti\u00e8re.<\/p>\n<p>Chez Ol\u00e9 Mosaic, nous sommes distributeurs de souvenirs en gros, proposant des produits qui c\u00e9l\u00e8brent l&rsquo;identit\u00e9 culturelle de l&rsquo;Espagne. Cet aimant de Marbella se distingue comme une excellente option pour les boutiques de cadeaux touristiques \u00e0 la recherche d&rsquo;articles alliant qualit\u00e9 et authenticit\u00e9, faisant de chaque achat une exp\u00e9rience unique pour les touristes.<\/p>\n","protected":false},"excerpt":{"rendered":"<p>Aimant m\u00e9tallique de 8 cm avec une vue panoramique vibrante de Marbella. Cet aimant attrayant pr\u00e9sente une illustration color\u00e9e d&rsquo;une place andalouse avec une fontaine et des d\u00e9tails en mosa\u00efque, capturant l&rsquo;essence de l&rsquo;ambiance charmante de Marbella. Les lettres aux tons brillants formant le nom \u00ab\u00a0Marbella\u00a0\u00bb se d\u00e9tachent, encadr\u00e9es par un fond rempli de plantes et de l&rsquo;architecture typique de la r\u00e9gion. Son design artisanal, peint \u00e0 la main, souligne la beaut\u00e9 et le folklore local, en faisant un souvenir parfait.<\/p>\n","protected":false},"featured_media":9884,"template":"","meta":{"_acf_changed":false},"product_brand":[],"product_cat":[697],"product_tag":[],"class_list":{"0":"post-30477","1":"product","2":"type-product","3":"status-publish","4":"has-post-thumbnail","6":"product_cat-aimants","7":"pa_ciudad-marbella","8":"pa_motivo-panoramas","9":"pa_pais-espana","11":"first","12":"instock","13":"shipping-taxable","14":"product-type-simple"},"acf":[],"_links":{"self":[{"href":"https:\/\/olemosaic.orbitalia.org\/fr\/wp-json\/wp\/v2\/product\/30477","targetHints":{"allow":["GET"]}}],"collection":[{"href":"https:\/\/olemosaic.orbitalia.org\/fr\/wp-json\/wp\/v2\/product"}],"about":[{"href":"https:\/\/olemosaic.orbitalia.org\/fr\/wp-json\/wp\/v2\/types\/product"}],"wp:featuredmedia":[{"embeddable":true,"href":"https:\/\/olemosaic.orbitalia.org\/fr\/wp-json\/wp\/v2\/media\/9884"}],"wp:attachment":[{"href":"https:\/\/olemosaic.orbitalia.org\/fr\/wp-json\/wp\/v2\/media?parent=30477"}],"wp:term":[{"taxonomy":"product_brand","embeddable":true,"href":"https:\/\/olemosaic.orbitalia.org\/fr\/wp-json\/wp\/v2\/product_brand?post=30477"},{"taxonomy":"product_cat","embeddable":true,"href":"https:\/\/olemosaic.orbitalia.org\/fr\/wp-json\/wp\/v2\/product_cat?post=30477"},{"taxonomy":"product_tag","embeddable":true,"href":"https:\/\/olemosaic.orbitalia.org\/fr\/wp-json\/wp\/v2\/product_tag?post=30477"}],"curies":[{"name":"wp","href":"https:\/\/api.w.org\/{rel}","templated":true}]}}