{"id":30476,"date":"2025-02-20T23:32:18","date_gmt":"2025-02-20T22:32:18","guid":{"rendered":"https:\/\/olemosaic.orbitalia.org\/producto\/iman-de-metal-panoramica-barcelona-negro-8-cm-3\/"},"modified":"2025-07-25T20:41:54","modified_gmt":"2025-07-25T18:41:54","slug":"aimant-metal-panoramique-barcelone-noir-8-cm-3","status":"publish","type":"product","link":"https:\/\/olemosaic.orbitalia.org\/fr\/produit\/aimant-metal-panoramique-barcelone-noir-8-cm-3\/","title":{"rendered":"Aimant en m\u00e9tal. Panoramique. Parc G\u00fcell. Barcelone. Noir. 8 cm."},"content":{"rendered":"<p>Cet aimant m\u00e9tallique avec une vue panoramique vibrante de Barcelone est une repr\u00e9sentation captivante de l&rsquo;essence de cette ville embl\u00e9matique. D&rsquo;une taille de 8 cm, l&rsquo;aimant pr\u00e9sente un design color\u00e9 qui met en avant certains des monuments les plus iconiques de Barcelone, tels que la majestueuse Sagrada Familia et l&rsquo;innovant Parc G\u00fcell, le tout dans un style artistique de mosa\u00efque qui \u00e9voque le riche h\u00e9ritage culturel de la r\u00e9gion. Son fond noir fait ressortir les couleurs \u00e9clatantes des illustrations, cr\u00e9ant un contraste visuel attrayant qui attire l&rsquo;attention de tous. Le texte \u00ab\u00a0I \u2665 Barcelone\u00a0\u00bb compl\u00e8te le design de mani\u00e8re moderne, en faisant un souvenir parfait pour ceux qui ont explor\u00e9 les rues et l&rsquo;architecture de cette merveille m\u00e9diterran\u00e9enne.<\/p>\n<p>Cet aimant n&rsquo;est pas seulement un objet d\u00e9coratif, mais un authentique souvenir qui encapsule l&rsquo;esprit vibrant de Barcelone. Il repr\u00e9sente la cr\u00e9ativit\u00e9 de son architecture et l&rsquo;amour pour la ville, \u00e9tant une excellente option pour les touristes \u00e0 la recherche d&rsquo;un souvenir significatif de leur visite. Chez Ol\u00e9 Mosaic, en tant que distributeurs de souvenirs en gros, nous proposons cet aimant comme une merveilleuse option pour les boutiques de cadeaux touristiques souhaitant offrir \u00e0 leurs clients une pi\u00e8ce authentique c\u00e9l\u00e9brant la richesse culturelle et artistique de Barcelone. Id\u00e9al pour ceux qui recherchent une touche de cette ville pleine de vie dans leur foyer.<\/p>\n","protected":false},"excerpt":{"rendered":"<p>Aimant en m\u00e9tal de 8 cm avec une vue panoramique vibrante de Barcelone. Cet aimant attrayant pr\u00e9sente un design color\u00e9 inspir\u00e9 des monuments embl\u00e9matiques de la ville, tels que la Sagrada Familia et le Parc G\u00fcell, le tout dans un style mosa\u00efque. Avec un fond noir contrastant avec les couleurs \u00e9clatantes, il inclut le texte \u00ab\u00a0I \u2665 Barcelone\u00a0\u00bb, capturant l&rsquo;essence de la ville de mani\u00e8re artistique et moderne. Id\u00e9al comme souvenir de vos voyages ou comme cadeau.<\/p>\n","protected":false},"featured_media":11412,"template":"","meta":{"_acf_changed":false},"product_brand":[],"product_cat":[697],"product_tag":[],"class_list":{"0":"post-30476","1":"product","2":"type-product","3":"status-publish","4":"has-post-thumbnail","6":"product_cat-aimants","7":"pa_ciudad-barcelona","8":"pa_motivo-panoramas","9":"pa_pais-espana","11":"first","12":"instock","13":"shipping-taxable","14":"product-type-simple"},"acf":[],"_links":{"self":[{"href":"https:\/\/olemosaic.orbitalia.org\/fr\/wp-json\/wp\/v2\/product\/30476","targetHints":{"allow":["GET"]}}],"collection":[{"href":"https:\/\/olemosaic.orbitalia.org\/fr\/wp-json\/wp\/v2\/product"}],"about":[{"href":"https:\/\/olemosaic.orbitalia.org\/fr\/wp-json\/wp\/v2\/types\/product"}],"wp:featuredmedia":[{"embeddable":true,"href":"https:\/\/olemosaic.orbitalia.org\/fr\/wp-json\/wp\/v2\/media\/11412"}],"wp:attachment":[{"href":"https:\/\/olemosaic.orbitalia.org\/fr\/wp-json\/wp\/v2\/media?parent=30476"}],"wp:term":[{"taxonomy":"product_brand","embeddable":true,"href":"https:\/\/olemosaic.orbitalia.org\/fr\/wp-json\/wp\/v2\/product_brand?post=30476"},{"taxonomy":"product_cat","embeddable":true,"href":"https:\/\/olemosaic.orbitalia.org\/fr\/wp-json\/wp\/v2\/product_cat?post=30476"},{"taxonomy":"product_tag","embeddable":true,"href":"https:\/\/olemosaic.orbitalia.org\/fr\/wp-json\/wp\/v2\/product_tag?post=30476"}],"curies":[{"name":"wp","href":"https:\/\/api.w.org\/{rel}","templated":true}]}}