{"id":30474,"date":"2025-02-20T22:32:18","date_gmt":"2025-02-20T22:32:18","guid":{"rendered":"https:\/\/olemosaic.orbitalia.org\/producto\/iman-de-metal-panoramica-barcelona-negro-11-cm\/"},"modified":"2025-07-25T18:56:47","modified_gmt":"2025-07-25T16:56:47","slug":"aimant-metal-panoramique-barcelone-noir-11-cm","status":"publish","type":"product","link":"https:\/\/olemosaic.orbitalia.org\/fr\/produit\/aimant-metal-panoramique-barcelone-noir-11-cm\/","title":{"rendered":"Aimant en m\u00e9tal. Panoramique. Barcelone. Noir. 11 cm."},"content":{"rendered":"<p>Cet aimant m\u00e9tallique, avec une vue panoramique vibrante de Barcelone, est un souvenir incontournable pour ceux qui souhaitent emporter un morceau de cette ville m\u00e9diterran\u00e9enne embl\u00e9matique. Avec ses 11 cm, cet aimant attrayant pr\u00e9sente un design color\u00e9 et stylis\u00e9 qui capture l&rsquo;essence des monuments les plus embl\u00e9matiques de Barcelone, tels que la majestueuse Sagrada Familia et l&rsquo;\u00e9blouissant Parc G\u00fcell. Les teintes brillantes en mosa\u00efque ressortent de mani\u00e8re spectaculaire sur le fond noir, cr\u00e9ant un effet visuel qui attire l&rsquo;attention et \u00e9voque la richesse culturelle de la capitale catalane. Le nom \u00ab\u00a0Barcelona\u00a0\u00bb s&rsquo;affiche en grandes lettres, soulignant encore davantage l&rsquo;identit\u00e9 locale et son style reconnaissable.<\/p>\n<p>Cet aimant n&rsquo;est pas seulement une pi\u00e8ce fonctionnelle pour garder vos souvenirs visibles sur le r\u00e9frig\u00e9rateur, mais il repr\u00e9sente \u00e9galement un v\u00e9ritable symbole de l&rsquo;art et de l&rsquo;architecture de la ville, id\u00e9al pour les touristes \u00e0 la recherche de souvenirs uniques. Sa fabrication en m\u00e9tal garantit la durabilit\u00e9, en faisant un souvenir permanent d&rsquo;une visite dans l&rsquo;une des destinations les plus pris\u00e9es d&rsquo;Europe. Chez Ol\u00e9 Mosaic, sp\u00e9cialis\u00e9s dans la distribution de souvenirs en gros, nous garantissons que cet aimant de Barcelone est une excellente option pour les boutiques de cadeaux touristiques proposant des produits qui c\u00e9l\u00e8brent le patrimoine culturel espagnol. Parfait pour ceux qui recherchent des souvenirs de qualit\u00e9 refl\u00e9tant l&rsquo;essence de Barcelone.<\/p>\n","protected":false},"excerpt":{"rendered":"<p>Aimant en m\u00e9tal avec une vue panoramique vibrante de Barcelone, de 11 cm. Ce souvenir attrayant pr\u00e9sente un design color\u00e9 et stylis\u00e9, inspir\u00e9 des monuments les plus embl\u00e9matiques de la ville, tels que la Sagrada Familia et le Parc G\u00fcell. Les couleurs brillantes en mosa\u00efque contrastent avec le fond noir, cr\u00e9ant un effet visuel frappant. Le nom \u00ab\u00a0Barcelona\u00a0\u00bb se d\u00e9tache en grandes lettres, capturant l&rsquo;essence culturelle de cette ville m\u00e9diterran\u00e9enne embl\u00e9matique.<\/p>\n","protected":false},"featured_media":8792,"template":"","meta":{"_acf_changed":false},"product_brand":[],"product_cat":[697],"product_tag":[],"class_list":{"0":"post-30474","1":"product","2":"type-product","3":"status-publish","4":"has-post-thumbnail","6":"product_cat-aimants","7":"pa_ciudad-barcelona","8":"pa_motivo-panoramas","9":"pa_pais-espana","11":"first","12":"instock","13":"shipping-taxable","14":"product-type-simple"},"acf":[],"_links":{"self":[{"href":"https:\/\/olemosaic.orbitalia.org\/fr\/wp-json\/wp\/v2\/product\/30474","targetHints":{"allow":["GET"]}}],"collection":[{"href":"https:\/\/olemosaic.orbitalia.org\/fr\/wp-json\/wp\/v2\/product"}],"about":[{"href":"https:\/\/olemosaic.orbitalia.org\/fr\/wp-json\/wp\/v2\/types\/product"}],"wp:featuredmedia":[{"embeddable":true,"href":"https:\/\/olemosaic.orbitalia.org\/fr\/wp-json\/wp\/v2\/media\/8792"}],"wp:attachment":[{"href":"https:\/\/olemosaic.orbitalia.org\/fr\/wp-json\/wp\/v2\/media?parent=30474"}],"wp:term":[{"taxonomy":"product_brand","embeddable":true,"href":"https:\/\/olemosaic.orbitalia.org\/fr\/wp-json\/wp\/v2\/product_brand?post=30474"},{"taxonomy":"product_cat","embeddable":true,"href":"https:\/\/olemosaic.orbitalia.org\/fr\/wp-json\/wp\/v2\/product_cat?post=30474"},{"taxonomy":"product_tag","embeddable":true,"href":"https:\/\/olemosaic.orbitalia.org\/fr\/wp-json\/wp\/v2\/product_tag?post=30474"}],"curies":[{"name":"wp","href":"https:\/\/api.w.org\/{rel}","templated":true}]}}