{"id":30473,"date":"2025-02-20T23:32:18","date_gmt":"2025-02-20T22:32:18","guid":{"rendered":"https:\/\/olemosaic.orbitalia.org\/producto\/iman-de-metal-panoramica-barcelona-8-cm-8\/"},"modified":"2025-07-25T20:46:37","modified_gmt":"2025-07-25T18:46:37","slug":"aimant-metal-panoramique-mosaique-architecture-barcelone-8-cm","status":"publish","type":"product","link":"https:\/\/olemosaic.orbitalia.org\/fr\/produit\/aimant-metal-panoramique-mosaique-architecture-barcelone-8-cm\/","title":{"rendered":"Aimant en m\u00e9tal. Panoramique. Mosa\u00efque. Architecture. Barcelone. 8 cm."},"content":{"rendered":"<p>Cet aimant m\u00e9tallique, avec une vue panoramique vibrante de Barcelone, est un souvenir incontournable pour ceux qui souhaitent emporter une part de la richesse culturelle de la capitale catalane. D&rsquo;une taille de 8 cm, cet aimant color\u00e9 pr\u00e9sente un design artistique qui \u00e9voque l&rsquo;architecture embl\u00e9matique de la ville, mettant en avant des \u00e9l\u00e9ments de mosa\u00efque et des formes distinctives qui repr\u00e9sentent l&rsquo;essence de Barcelone. L&rsquo;image inclut la c\u00e9l\u00e8bre Sagrada Familia, avec ses tours impressionnantes s&rsquo;\u00e9levant vers le ciel, ainsi que d&rsquo;autres monuments embl\u00e9matiques qui d\u00e9finissent le paysage urbain, le tout encadr\u00e9 par un fond bleu simulant le ciel lumineux de la ville.<\/p>\n<p>La finition brillante fait ressortir les couleurs vives, des tons chauds ornant la Sagrada Familia aux diverses nuances composant les mosa\u00efques d&rsquo;autres monuments, cr\u00e9ant une pi\u00e8ce \u00e0 la fois d\u00e9corative et repr\u00e9sentative. Cet aimant ne remplit pas seulement la fonction pratique de maintenir des notes et des souvenirs, mais agit \u00e9galement comme un rappel visuel de la beaut\u00e9 architecturale de Barcelone, devenant un objet de conversation et d&rsquo;admiration.<\/p>\n<p>Chez Ol\u00e9 Mosaic, nous proposons des souvenirs authentiques de Barcelone, comme cet aimant, refl\u00e9tant la culture et l&rsquo;esth\u00e9tique de la r\u00e9gion. Id\u00e9al pour les boutiques de cadeaux touristiques, cet article capture l&rsquo;essence d&rsquo;un souvenir de Barcelone, permettant aux visiteurs d&#8217;emporter un souvenir significatif de leur exp\u00e9rience. En tant que grossiste de souvenirs, nous garantissons la qualit\u00e9 et l&rsquo;authenticit\u00e9 de chaque produit.<\/p>\n","protected":false},"excerpt":{"rendered":"<p>Aimant m\u00e9tallique avec une vue panoramique vibrante de Barcelone, de 8 cm. Cet aimant color\u00e9 pr\u00e9sente un design artistique qui \u00e9voque l&rsquo;architecture embl\u00e9matique de la ville, incluant des \u00e9l\u00e9ments de mosa\u00efque et des formes distinctives. La repr\u00e9sentation inclut la c\u00e9l\u00e8bre Sagrada Familia et d&rsquo;autres monuments embl\u00e9matiques, le tout sur un fond bleu simulant le ciel. Sa finition brillante et ses couleurs vives font de cet aimant un souvenir attrayant de la culture catalane.<\/p>\n","protected":false},"featured_media":8992,"template":"","meta":{"_acf_changed":false},"product_brand":[],"product_cat":[697],"product_tag":[],"class_list":{"0":"post-30473","1":"product","2":"type-product","3":"status-publish","4":"has-post-thumbnail","6":"product_cat-aimants","7":"pa_ciudad-barcelona","8":"pa_motivo-panoramas","9":"pa_pais-espana","11":"first","12":"instock","13":"shipping-taxable","14":"product-type-simple"},"acf":[],"_links":{"self":[{"href":"https:\/\/olemosaic.orbitalia.org\/fr\/wp-json\/wp\/v2\/product\/30473","targetHints":{"allow":["GET"]}}],"collection":[{"href":"https:\/\/olemosaic.orbitalia.org\/fr\/wp-json\/wp\/v2\/product"}],"about":[{"href":"https:\/\/olemosaic.orbitalia.org\/fr\/wp-json\/wp\/v2\/types\/product"}],"wp:featuredmedia":[{"embeddable":true,"href":"https:\/\/olemosaic.orbitalia.org\/fr\/wp-json\/wp\/v2\/media\/8992"}],"wp:attachment":[{"href":"https:\/\/olemosaic.orbitalia.org\/fr\/wp-json\/wp\/v2\/media?parent=30473"}],"wp:term":[{"taxonomy":"product_brand","embeddable":true,"href":"https:\/\/olemosaic.orbitalia.org\/fr\/wp-json\/wp\/v2\/product_brand?post=30473"},{"taxonomy":"product_cat","embeddable":true,"href":"https:\/\/olemosaic.orbitalia.org\/fr\/wp-json\/wp\/v2\/product_cat?post=30473"},{"taxonomy":"product_tag","embeddable":true,"href":"https:\/\/olemosaic.orbitalia.org\/fr\/wp-json\/wp\/v2\/product_tag?post=30473"}],"curies":[{"name":"wp","href":"https:\/\/api.w.org\/{rel}","templated":true}]}}