{"id":30472,"date":"2025-02-20T23:32:18","date_gmt":"2025-02-20T22:32:18","guid":{"rendered":"https:\/\/olemosaic.orbitalia.org\/producto\/iman-de-metal-panoramica-barcelona-8-cm-7\/"},"modified":"2025-07-25T20:39:12","modified_gmt":"2025-07-25T18:39:12","slug":"aimant-metal-panoramique-architecture-gaudi-barcelone-8-cm","status":"publish","type":"product","link":"https:\/\/olemosaic.orbitalia.org\/fr\/produit\/aimant-metal-panoramique-architecture-gaudi-barcelone-8-cm\/","title":{"rendered":"Aimant en m\u00e9tal. Panoramique. Architecture Gaud\u00ed. Barcelone. 8 cm."},"content":{"rendered":"<p>Cet aimant m\u00e9tallique, avec une vue panoramique vibrante de Barcelone, est le souvenir parfait pour \u00e9voquer la joie et la beaut\u00e9 de cette ville m\u00e9diterran\u00e9enne embl\u00e9matique. D&rsquo;une taille de 8 cm, il pr\u00e9sente un design color\u00e9 inspir\u00e9 de la c\u00e9l\u00e8bre mosa\u00efque de Gaud\u00ed, int\u00e9grant des \u00e9l\u00e9ments embl\u00e9matiques tels que la majestueuse Sagrada Familia, le merveilleux Parc G\u00fcell et d&rsquo;autres \u00e9difices repr\u00e9sentatifs de l&rsquo;architecture moderniste de la ville. Le fond bleu clair apporte une touche fra\u00eeche et lumineuse, tandis que le cadre multicolore encadre la sc\u00e8ne avec une explosion de couleurs c\u00e9l\u00e9brant la cr\u00e9ativit\u00e9 barcelonaise. En haut, le texte embl\u00e9matique \u00ab\u00a0I \u2665 Barcelona\u00a0\u00bb se d\u00e9tache, faisant de cet aimant non seulement un souvenir, mais une d\u00e9claration d&rsquo;amour \u00e0 la ville.<\/p>\n<p>Cet aimant n&rsquo;est pas seulement un objet d\u00e9coratif, mais un symbole du riche h\u00e9ritage culturel que Barcelone offre \u00e0 ses visiteurs. Id\u00e9al pour ceux qui souhaitent ramener un morceau de la ville chez eux, ce souvenir est une excellente option pour les touristes \u00e0 la recherche de produits authentiques repr\u00e9sentant leur exp\u00e9rience \u00e0 Barcelone. Chez Ol\u00e9 Mosaic, en tant que distributeurs de souvenirs en gros, nous proposons cet aimant de Barcelone, garantissant qualit\u00e9 et authenticit\u00e9 pour les boutiques de cadeaux touristiques souhaitant mettre en avant le meilleur de la culture espagnole.<\/p>\n","protected":false},"excerpt":{"rendered":"<p>Aimant m\u00e9tallique de 8 cm avec une vue panoramique vibrante de Barcelone. Cet aimant color\u00e9 pr\u00e9sente un design inspir\u00e9 de la c\u00e9l\u00e8bre mosa\u00efque de Gaud\u00ed, montrant la Sagrada Familia, le Parc G\u00fcell et d&rsquo;autres \u00e9difices embl\u00e9matiques de la ville. D\u00e9cor\u00e9 d&rsquo;un fond bleu clair et entour\u00e9 d&rsquo;un cadre multicolore, il inclut le texte embl\u00e9matique \u00ab\u00a0I \u2665 Barcelona\u00a0\u00bb. Id\u00e9al pour se souvenir de la beaut\u00e9 de cette ville m\u00e9diterran\u00e9enne.<\/p>\n","protected":false},"featured_media":11430,"template":"","meta":{"_acf_changed":false},"product_brand":[],"product_cat":[697],"product_tag":[],"class_list":{"0":"post-30472","1":"product","2":"type-product","3":"status-publish","4":"has-post-thumbnail","6":"product_cat-aimants","7":"pa_ciudad-barcelona","8":"pa_motivo-panoramas","9":"pa_pais-espana","11":"first","12":"instock","13":"shipping-taxable","14":"product-type-simple"},"acf":[],"_links":{"self":[{"href":"https:\/\/olemosaic.orbitalia.org\/fr\/wp-json\/wp\/v2\/product\/30472","targetHints":{"allow":["GET"]}}],"collection":[{"href":"https:\/\/olemosaic.orbitalia.org\/fr\/wp-json\/wp\/v2\/product"}],"about":[{"href":"https:\/\/olemosaic.orbitalia.org\/fr\/wp-json\/wp\/v2\/types\/product"}],"wp:featuredmedia":[{"embeddable":true,"href":"https:\/\/olemosaic.orbitalia.org\/fr\/wp-json\/wp\/v2\/media\/11430"}],"wp:attachment":[{"href":"https:\/\/olemosaic.orbitalia.org\/fr\/wp-json\/wp\/v2\/media?parent=30472"}],"wp:term":[{"taxonomy":"product_brand","embeddable":true,"href":"https:\/\/olemosaic.orbitalia.org\/fr\/wp-json\/wp\/v2\/product_brand?post=30472"},{"taxonomy":"product_cat","embeddable":true,"href":"https:\/\/olemosaic.orbitalia.org\/fr\/wp-json\/wp\/v2\/product_cat?post=30472"},{"taxonomy":"product_tag","embeddable":true,"href":"https:\/\/olemosaic.orbitalia.org\/fr\/wp-json\/wp\/v2\/product_tag?post=30472"}],"curies":[{"name":"wp","href":"https:\/\/api.w.org\/{rel}","templated":true}]}}