{"id":30470,"date":"2025-02-20T22:32:18","date_gmt":"2025-02-20T22:32:18","guid":{"rendered":"https:\/\/olemosaic.orbitalia.org\/producto\/iman-de-metal-panoramica-sevilla-negro-11-cm\/"},"modified":"2025-07-25T18:58:10","modified_gmt":"2025-07-25T16:58:10","slug":"aimant-metal-panoramique-seville-noir-11-cm","status":"publish","type":"product","link":"https:\/\/olemosaic.orbitalia.org\/fr\/produit\/aimant-metal-panoramique-seville-noir-11-cm\/","title":{"rendered":"Aimant en m\u00e9tal. Panoramique. S\u00e9ville. Noir. 11 cm."},"content":{"rendered":"<p>Cet aimant m\u00e9tallique avec une vue panoramique vibrante de S\u00e9ville est le souvenir id\u00e9al pour ceux qui souhaitent emporter chez eux un morceau de la beaut\u00e9 andalouse. Avec ses 11 cm, cet aimant attrayant pr\u00e9sente un design color\u00e9 qui capture l&rsquo;essence architecturale de la ville, mettant en avant des \u00e9difices embl\u00e9matiques tels que la Giralda et les Archives des Indes. Son fond noir fait ressortir les couleurs vives des \u00e9l\u00e9ments d\u00e9coratifs, cr\u00e9ant un contraste qui attire le regard et \u00e9voque le charme de S\u00e9ville. Chaque d\u00e9tail de l&rsquo;illustration est une \u0153uvre d&rsquo;art qui refl\u00e8te la riche histoire et la culture de cette ville.<\/p>\n<p>Ce souvenir est parfait pour se rem\u00e9morer les moments v\u00e9cus dans les rues s\u00e9villanes, o\u00f9 l&rsquo;histoire se m\u00eale \u00e0 la modernit\u00e9. Son design m\u00e9ticuleusement \u00e9labor\u00e9 n&rsquo;est pas seulement un accessoire fonctionnel pour maintenir des notes et des photographies, mais aussi une pi\u00e8ce de conversation qui invite \u00e0 partager la beaut\u00e9 de la ville. Chez Ol\u00e9 Mosaic, nous sommes des distributeurs de souvenirs en gros proposant des produits authentiques et repr\u00e9sentatifs de l&rsquo;Espagne. Cet aimant de S\u00e9ville est une excellente option pour les boutiques de cadeaux touristiques \u00e0 la recherche de souvenirs de qualit\u00e9 et de pertinence culturelle, constituant un souvenir parfait qui souligne la singularit\u00e9 de la ville andalouse.<\/p>\n","protected":false},"excerpt":{"rendered":"<p>Aimant m\u00e9tallique de 11 cm avec une vue panoramique vibrante de S\u00e9ville. Cet aimant attrayant pr\u00e9sente un design color\u00e9 qui capture l&rsquo;essence architecturale de la ville, montrant des d\u00e9tails de ses \u00e9difices embl\u00e9matiques comme la Giralda et les Archives des Indes. Avec un fond noir qui fait ressortir les couleurs vives et les \u00e9l\u00e9ments d\u00e9coratifs, ce souvenir est parfait pour se souvenir du charme s\u00e9villan et ajouter une touche de couleur \u00e0 toute surface m\u00e9tallique.<\/p>\n","protected":false},"featured_media":8795,"template":"","meta":{"_acf_changed":false},"product_brand":[],"product_cat":[697],"product_tag":[],"class_list":{"0":"post-30470","1":"product","2":"type-product","3":"status-publish","4":"has-post-thumbnail","6":"product_cat-aimants","7":"pa_ciudad-sevilla","8":"pa_motivo-panoramas","9":"pa_pais-espana","11":"first","12":"instock","13":"shipping-taxable","14":"product-type-simple"},"acf":[],"_links":{"self":[{"href":"https:\/\/olemosaic.orbitalia.org\/fr\/wp-json\/wp\/v2\/product\/30470","targetHints":{"allow":["GET"]}}],"collection":[{"href":"https:\/\/olemosaic.orbitalia.org\/fr\/wp-json\/wp\/v2\/product"}],"about":[{"href":"https:\/\/olemosaic.orbitalia.org\/fr\/wp-json\/wp\/v2\/types\/product"}],"wp:featuredmedia":[{"embeddable":true,"href":"https:\/\/olemosaic.orbitalia.org\/fr\/wp-json\/wp\/v2\/media\/8795"}],"wp:attachment":[{"href":"https:\/\/olemosaic.orbitalia.org\/fr\/wp-json\/wp\/v2\/media?parent=30470"}],"wp:term":[{"taxonomy":"product_brand","embeddable":true,"href":"https:\/\/olemosaic.orbitalia.org\/fr\/wp-json\/wp\/v2\/product_brand?post=30470"},{"taxonomy":"product_cat","embeddable":true,"href":"https:\/\/olemosaic.orbitalia.org\/fr\/wp-json\/wp\/v2\/product_cat?post=30470"},{"taxonomy":"product_tag","embeddable":true,"href":"https:\/\/olemosaic.orbitalia.org\/fr\/wp-json\/wp\/v2\/product_tag?post=30470"}],"curies":[{"name":"wp","href":"https:\/\/api.w.org\/{rel}","templated":true}]}}