{"id":30468,"date":"2025-02-20T23:32:17","date_gmt":"2025-02-20T22:32:17","guid":{"rendered":"https:\/\/olemosaic.orbitalia.org\/producto\/iman-de-metal-bailaora-alicante-8-cm\/"},"modified":"2025-07-25T20:32:10","modified_gmt":"2025-07-25T18:32:10","slug":"aimant-en-metal-danseuse-flamenco-alicante-8-cm","status":"publish","type":"product","link":"https:\/\/olemosaic.orbitalia.org\/fr\/produit\/aimant-en-metal-danseuse-flamenco-alicante-8-cm\/","title":{"rendered":"Aimant en m\u00e9tal. Danseuse de flamenco. Alicante. 8 cm."},"content":{"rendered":"<p>Cet aimant m\u00e9tallique, avec la figure d&rsquo;une \u00e9l\u00e9gante danseuse de flamenco (bailaora), est un souvenir distinctif d&rsquo;Alicante, con\u00e7u pour capturer l&rsquo;essence culturelle vibrante de cette belle ville m\u00e9diterran\u00e9enne. D&rsquo;une taille de 8 cm, ce produit pr\u00e9sente une mosa\u00efque color\u00e9e qui met en valeur la figure de la danseuse, v\u00eatue d&rsquo;un costume traditionnel orn\u00e9 d&rsquo;une palette de couleurs \u00e9clatantes symbolisant le riche h\u00e9ritage artistique de la r\u00e9gion. La danseuse, en plein mouvement, \u00e9voque la gr\u00e2ce et la passion du flamenco, un \u00e9l\u00e9ment central de la culture espagnole, tandis que le fond bleu, inspir\u00e9 des c\u00e9ramiques typiques d&rsquo;Alicante, apporte une touche de fra\u00eecheur et d&rsquo;authenticit\u00e9 au design.<\/p>\n<p>Le mot \u00ab\u00a0ALICANTE\u00a0\u00bb est affich\u00e9 en lettres d\u00e9tach\u00e9es, faisant de cet aimant un souvenir parfait pour les touristes souhaitant ramener chez eux un morceau de l&rsquo;histoire et du folklore local. Ce souvenir n&#8217;embellira pas seulement n&rsquo;importe quelle surface m\u00e9tallique, mais servira \u00e9galement de rappel tangible de la beaut\u00e9 et de la chaleur du peuple d&rsquo;Alicante.<\/p>\n<p>Chez Ol\u00e9 Mosaic, nous nous sp\u00e9cialisons dans la distribution de souvenirs en gros, et cet aimant de danseuse est une option id\u00e9ale pour les boutiques de cadeaux touristiques qui cherchent \u00e0 offrir des produits authentiques et repr\u00e9sentatifs de l&rsquo;Espagne. Avec un design qui allie artisanat et culture, cet aimant se positionne comme un excellent cadeau pour ceux qui souhaitent emporter un souvenir m\u00e9morable de leur visite \u00e0 Alicante.<\/p>\n","protected":false},"excerpt":{"rendered":"<p>Aimant m\u00e9tallique avec une \u00e9l\u00e9gante danseuse de flamenco repr\u00e9sent\u00e9e dans une palette de mosa\u00efque color\u00e9e, \u00e9voquant l&rsquo;essence d&rsquo;Alicante. Cet aimant de 8 cm se distingue par son design artisanal, peint \u00e0 la main, avec des couleurs vives qui ornent le costume traditionnel de la danseuse. La figure se dresse sur un fond bleu rappelant les c\u00e9ramiques typiques de la r\u00e9gion, compl\u00e9t\u00e9 par le mot \u00ab\u00a0ALICANTE\u00a0\u00bb en lettres d\u00e9tach\u00e9es, faisant de cet aimant un souvenir parfait pour se rappeler la richesse culturelle de la localit\u00e9.<\/p>\n","protected":false},"featured_media":10558,"template":"","meta":{"_acf_changed":false},"product_brand":[],"product_cat":[697],"product_tag":[],"class_list":{"0":"post-30468","1":"product","2":"type-product","3":"status-publish","4":"has-post-thumbnail","6":"product_cat-aimants","7":"pa_ciudad-alicante","8":"pa_motivo-danseurs","9":"pa_pais-espana","11":"first","12":"instock","13":"shipping-taxable","14":"product-type-simple"},"acf":[],"_links":{"self":[{"href":"https:\/\/olemosaic.orbitalia.org\/fr\/wp-json\/wp\/v2\/product\/30468","targetHints":{"allow":["GET"]}}],"collection":[{"href":"https:\/\/olemosaic.orbitalia.org\/fr\/wp-json\/wp\/v2\/product"}],"about":[{"href":"https:\/\/olemosaic.orbitalia.org\/fr\/wp-json\/wp\/v2\/types\/product"}],"wp:featuredmedia":[{"embeddable":true,"href":"https:\/\/olemosaic.orbitalia.org\/fr\/wp-json\/wp\/v2\/media\/10558"}],"wp:attachment":[{"href":"https:\/\/olemosaic.orbitalia.org\/fr\/wp-json\/wp\/v2\/media?parent=30468"}],"wp:term":[{"taxonomy":"product_brand","embeddable":true,"href":"https:\/\/olemosaic.orbitalia.org\/fr\/wp-json\/wp\/v2\/product_brand?post=30468"},{"taxonomy":"product_cat","embeddable":true,"href":"https:\/\/olemosaic.orbitalia.org\/fr\/wp-json\/wp\/v2\/product_cat?post=30468"},{"taxonomy":"product_tag","embeddable":true,"href":"https:\/\/olemosaic.orbitalia.org\/fr\/wp-json\/wp\/v2\/product_tag?post=30468"}],"curies":[{"name":"wp","href":"https:\/\/api.w.org\/{rel}","templated":true}]}}