{"id":30467,"date":"2025-02-20T23:32:17","date_gmt":"2025-02-20T22:32:17","guid":{"rendered":"https:\/\/olemosaic.orbitalia.org\/producto\/iman-de-metal-salamandra-mallorca-negro-8-cm-2\/"},"modified":"2025-07-25T20:10:09","modified_gmt":"2025-07-25T18:10:09","slug":"aimant-en-metal-salamandre-majorque-noir-8-cm","status":"publish","type":"product","link":"https:\/\/olemosaic.orbitalia.org\/fr\/produit\/aimant-en-metal-salamandre-majorque-noir-8-cm\/","title":{"rendered":"Aimant en m\u00e9tal. Salamandre. \u00cele. Majorque. Noir. 8 cm."},"content":{"rendered":"<p>Cet aimant m\u00e9tallique, avec une salamandre color\u00e9e, est le souvenir parfait pour ramener un petit morceau de Majorque chez soi. Avec ses 8 cm, il se distingue par son design vibrant : des tons bleus, verts, oranges et jaunes s&rsquo;entrelacent dans une mosa\u00efque spectaculaire qui \u00e9voque tant l&rsquo;art que la riche faune de l&rsquo;\u00eele. La salamandre, symbole d&rsquo;adaptabilit\u00e9 et de vie, prend vie sur cet aimant, tandis que son fond noir lui conf\u00e8re un contraste moderne qui rehausse son attrait visuel.<\/p>\n<p>Dans la partie sup\u00e9rieure, le mot \u00ab\u00a0MALLORCA\u00a0\u00bb resplendit en couleurs vives, refl\u00e9tant l&rsquo;esprit dynamique de la culture m\u00e9diterran\u00e9enne. Cet aimant n&rsquo;est pas seulement un objet de souvenir pratique, mais aussi un rappel de la biodiversit\u00e9 et de la beaut\u00e9 naturelle qui caract\u00e9risent Majorque, connue pour son environnement impressionnant et ses traditions locales vibrantes.<\/p>\n<p>Chez Ol\u00e9 Mosaic, nous proposons cet aimant salamandre comme un souvenir authentique, id\u00e9al pour les boutiques de cadeaux touristiques qui recherchent des produits repr\u00e9sentatifs de Majorque. Un aimant qui n&rsquo;orne pas seulement le r\u00e9frig\u00e9rateur, mais qui raconte aussi une histoire culturelle, devenant un souvenir parfait pour ceux qui souhaitent s&rsquo;immerger dans l&rsquo;essence de l&rsquo;\u00eele. En tant que grossistes en souvenirs, nous garantissons la qualit\u00e9 et l&rsquo;originalit\u00e9 de chaque pi\u00e8ce, renfor\u00e7ant sa pertinence sur le march\u00e9.<\/p>\n","protected":false},"excerpt":{"rendered":"<p>Aimant m\u00e9tallique avec une repr\u00e9sentation color\u00e9e d&rsquo;une salamandre inspir\u00e9e de la faune majorquine. Cet aimant de 8 cm se distingue par son design vibrant, o\u00f9 les tons bleu, vert, orange et jaune se combinent dans une mosa\u00efque qui \u00e9voque l&rsquo;art et la nature de l&rsquo;\u00eele. Sur un fond noir, le texte \u00ab\u00a0MALLORCA\u00a0\u00bb ressort avec une touche moderne, en faisant un souvenir id\u00e9al pour les amoureux de la culture m\u00e9diterran\u00e9enne.<\/p>\n","protected":false},"featured_media":12884,"template":"","meta":{"_acf_changed":false},"product_brand":[],"product_cat":[697],"product_tag":[530],"class_list":{"0":"post-30467","1":"product","2":"type-product","3":"status-publish","4":"has-post-thumbnail","6":"product_cat-aimants","7":"product_tag-animaux","8":"pa_ciudad-mallorca","9":"pa_motivo-salamandres","10":"pa_pais-espana","12":"first","13":"instock","14":"shipping-taxable","15":"product-type-simple"},"acf":[],"_links":{"self":[{"href":"https:\/\/olemosaic.orbitalia.org\/fr\/wp-json\/wp\/v2\/product\/30467","targetHints":{"allow":["GET"]}}],"collection":[{"href":"https:\/\/olemosaic.orbitalia.org\/fr\/wp-json\/wp\/v2\/product"}],"about":[{"href":"https:\/\/olemosaic.orbitalia.org\/fr\/wp-json\/wp\/v2\/types\/product"}],"wp:featuredmedia":[{"embeddable":true,"href":"https:\/\/olemosaic.orbitalia.org\/fr\/wp-json\/wp\/v2\/media\/12884"}],"wp:attachment":[{"href":"https:\/\/olemosaic.orbitalia.org\/fr\/wp-json\/wp\/v2\/media?parent=30467"}],"wp:term":[{"taxonomy":"product_brand","embeddable":true,"href":"https:\/\/olemosaic.orbitalia.org\/fr\/wp-json\/wp\/v2\/product_brand?post=30467"},{"taxonomy":"product_cat","embeddable":true,"href":"https:\/\/olemosaic.orbitalia.org\/fr\/wp-json\/wp\/v2\/product_cat?post=30467"},{"taxonomy":"product_tag","embeddable":true,"href":"https:\/\/olemosaic.orbitalia.org\/fr\/wp-json\/wp\/v2\/product_tag?post=30467"}],"curies":[{"name":"wp","href":"https:\/\/api.w.org\/{rel}","templated":true}]}}