{"id":30454,"date":"2025-02-20T23:32:17","date_gmt":"2025-02-20T22:32:17","guid":{"rendered":"https:\/\/olemosaic.orbitalia.org\/producto\/iman-de-metal-panoramica-madrid-8-cm-2\/"},"modified":"2025-07-25T19:11:32","modified_gmt":"2025-07-25T17:11:32","slug":"aimant-metal-panoramique-madrid-alcala-8-cm","status":"publish","type":"product","link":"https:\/\/olemosaic.orbitalia.org\/fr\/produit\/aimant-metal-panoramique-madrid-alcala-8-cm\/","title":{"rendered":"Aimant en m\u00e9tal. Panoramique. Alcal\u00e1. Madrid. 8 cm."},"content":{"rendered":"<p>Cet aimant m\u00e9tallique, avec sa vue panoramique color\u00e9e de Madrid, est un souvenir vibrant et attrayant qui capture l&rsquo;essence de la capitale espagnole dans un format compact de 8 cm. Le design met en avant l&rsquo;iconique Puerta de Alcal\u00e1, l&rsquo;un des monuments les plus embl\u00e9matiques de la ville, connu pour sa majest\u00e9 et son importance historique. Entour\u00e9 de mosa\u00efques vibrantes dans une palette de bleus, jaunes et rouges, cet aimant n&rsquo;est pas seulement un souvenir, mais une petite \u0153uvre d&rsquo;art qui refl\u00e8te la riche culture madril\u00e8ne.<\/p>\n<p>Le texte \u00ab\u00a0MADRID\u00a0\u00bb est pr\u00e9sent\u00e9 avec une typographie audacieuse dans la partie sup\u00e9rieure, ajoutant une touche amusante et distinctive au design, tandis que les \u00e9l\u00e9ments d\u00e9coratifs compl\u00e8tent l&rsquo;image de la porte, rendant hommage \u00e0 l&rsquo;architecture et au patrimoine de la ville. Cet aimant est parfait pour se souvenir de la beaut\u00e9 de Madrid et peut orner n&rsquo;importe quelle surface m\u00e9tallique, devenant un \u00e9l\u00e9ment d\u00e9coratif dans les maisons, les bureaux, ou faisant partie d&rsquo;une collection de souvenirs.<\/p>\n<p>Le lien culturel de cet aimant avec Madrid est ind\u00e9niable, car il repr\u00e9sente non seulement un monument embl\u00e9matique, mais aussi l&rsquo;h\u00e9ritage historique et artistique qui fait de la capitale espagnole une destination unique. Chez Ol\u00e9 Mosaic, nous nous sp\u00e9cialisons dans la distribution de souvenirs en gros, offrant des produits authentiques qui c\u00e9l\u00e8brent la richesse culturelle de l&rsquo;Espagne. Cet aimant m\u00e9tallique est une excellente option pour les boutiques de cadeaux touristiques qui cherchent \u00e0 offrir des souvenirs m\u00e9morables et repr\u00e9sentatifs de Madrid.<\/p>\n","protected":false},"excerpt":{"rendered":"<p>Aimant m\u00e9tallique avec une vue panoramique color\u00e9e de Madrid, de 8 cm. Cet aimant attrayant pr\u00e9sente un design incluant l&rsquo;iconique Puerta de Alcal\u00e1, entour\u00e9e de mosa\u00efques vibrantes dans les tons bleus, jaunes et rouges, qui capturent l&rsquo;essence de la capitale espagnole. Le mot \u00ab\u00a0MADRID\u00a0\u00bb se d\u00e9tache dans la partie sup\u00e9rieure, tandis que les \u00e9l\u00e9ments d\u00e9coratifs apportent une touche artistique et distinctive, id\u00e9ale pour se souvenir de la beaut\u00e9 de Madrid sur n&rsquo;importe quelle surface m\u00e9tallique.<\/p>\n","protected":false},"featured_media":9891,"template":"","meta":{"_acf_changed":false},"product_brand":[],"product_cat":[697],"product_tag":[],"class_list":{"0":"post-30454","1":"product","2":"type-product","3":"status-publish","4":"has-post-thumbnail","6":"product_cat-aimants","7":"pa_ciudad-madrid","8":"pa_motivo-panoramas","9":"pa_pais-espana","11":"first","12":"instock","13":"shipping-taxable","14":"product-type-simple"},"acf":[],"_links":{"self":[{"href":"https:\/\/olemosaic.orbitalia.org\/fr\/wp-json\/wp\/v2\/product\/30454","targetHints":{"allow":["GET"]}}],"collection":[{"href":"https:\/\/olemosaic.orbitalia.org\/fr\/wp-json\/wp\/v2\/product"}],"about":[{"href":"https:\/\/olemosaic.orbitalia.org\/fr\/wp-json\/wp\/v2\/types\/product"}],"wp:featuredmedia":[{"embeddable":true,"href":"https:\/\/olemosaic.orbitalia.org\/fr\/wp-json\/wp\/v2\/media\/9891"}],"wp:attachment":[{"href":"https:\/\/olemosaic.orbitalia.org\/fr\/wp-json\/wp\/v2\/media?parent=30454"}],"wp:term":[{"taxonomy":"product_brand","embeddable":true,"href":"https:\/\/olemosaic.orbitalia.org\/fr\/wp-json\/wp\/v2\/product_brand?post=30454"},{"taxonomy":"product_cat","embeddable":true,"href":"https:\/\/olemosaic.orbitalia.org\/fr\/wp-json\/wp\/v2\/product_cat?post=30454"},{"taxonomy":"product_tag","embeddable":true,"href":"https:\/\/olemosaic.orbitalia.org\/fr\/wp-json\/wp\/v2\/product_tag?post=30454"}],"curies":[{"name":"wp","href":"https:\/\/api.w.org\/{rel}","templated":true}]}}