{"id":30452,"date":"2025-02-20T22:32:16","date_gmt":"2025-02-20T22:32:16","guid":{"rendered":"https:\/\/olemosaic.orbitalia.org\/producto\/iman-de-metal-panoramica-lisboa-8-cm\/"},"modified":"2025-07-25T18:42:28","modified_gmt":"2025-07-25T16:42:28","slug":"aimant-metal-panoramique-lisbonne-8-cm","status":"publish","type":"product","link":"https:\/\/olemosaic.orbitalia.org\/fr\/produit\/aimant-metal-panoramique-lisbonne-8-cm\/","title":{"rendered":"Aimant en m\u00e9tal. Panoramique. Lisbonne. 8 cm."},"content":{"rendered":"<p>Cet aimant m\u00e9tallique avec une vue panoramique color\u00e9e de Lisbonne est un souvenir incontournable pour ceux qui souhaitent emporter un petit morceau de cette charmante ville europ\u00e9enne. Avec ses 8 cm, cet aimant attrayant pr\u00e9sente une illustration vibrante mettant en valeur l&#8217;embl\u00e9matique tramway jaune, symbole de l&rsquo;idiosyncrasie lisbo\u00e8te, parcourant les pittoresques rues pav\u00e9es de la capitale portugaise. L&rsquo;image est encadr\u00e9e par une bordure d\u00e9cor\u00e9e de mosa\u00efques dans les tons bleu et jaune, \u00e9voquant la riche tradition des azulejos de la r\u00e9gion. Cette pi\u00e8ce capture parfaitement la chaleur des maisons color\u00e9es qui caract\u00e9risent l&rsquo;architecture typique de Lisbonne, avec des touches architecturales rappelant l&rsquo;histoire et la culture vibrante de la ville.<\/p>\n<p>L&rsquo;inclusion du texte \u00ab\u00a0LISBOA\u00a0\u00bb en lettres blanches ajoute un \u00e9l\u00e9ment d&rsquo;identification qui souligne son authenticit\u00e9 en tant que souvenir repr\u00e9sentatif. Id\u00e9al pour les touristes \u00e0 la recherche de souvenirs de haute qualit\u00e9, cet aimant n&rsquo;est pas seulement fonctionnel, mais aussi un symbole visuel de la riche histoire culturelle de Lisbonne. Chez Ol\u00e9 Mosaic, nous sommes des distributeurs de souvenirs authentiques, et cet aimant est une excellente option pour les boutiques de cadeaux touristiques souhaitant proposer des produits qui mettent en valeur l&rsquo;essence du tourisme \u00e0 Lisbonne. Avec cet aimant panoramique de Lisbonne, les acheteurs peuvent emporter un souvenir visible et plein de vie de leur visite dans la capitale portugaise.<\/p>\n","protected":false},"excerpt":{"rendered":"<p>Aimant m\u00e9tallique avec une vue panoramique color\u00e9e de Lisbonne, de 8 cm. Cet aimant attrayant pr\u00e9sente une illustration vibrante de l&#8217;embl\u00e9matique tramway jaune parcourant les rues pittoresques de la ville, aux c\u00f4t\u00e9s de maisons aux tons chauds repr\u00e9sentant l&rsquo;architecture typique de Lisbonne. D\u00e9cor\u00e9 d&rsquo;une bordure de mosa\u00efques bleues et jaunes, il inclut le texte \u00ab LISBOA \u00bb en lettres blanches, capturant l&rsquo;essence culturelle de cette belle ville europ\u00e9enne.<\/p>\n","protected":false},"featured_media":11201,"template":"","meta":{"_acf_changed":false},"product_brand":[],"product_cat":[697],"product_tag":[],"class_list":{"0":"post-30452","1":"product","2":"type-product","3":"status-publish","4":"has-post-thumbnail","6":"product_cat-aimants","7":"pa_ciudad-lisboa","8":"pa_motivo-panoramas","9":"pa_pais-portugal","11":"first","12":"instock","13":"shipping-taxable","14":"product-type-simple"},"acf":[],"_links":{"self":[{"href":"https:\/\/olemosaic.orbitalia.org\/fr\/wp-json\/wp\/v2\/product\/30452","targetHints":{"allow":["GET"]}}],"collection":[{"href":"https:\/\/olemosaic.orbitalia.org\/fr\/wp-json\/wp\/v2\/product"}],"about":[{"href":"https:\/\/olemosaic.orbitalia.org\/fr\/wp-json\/wp\/v2\/types\/product"}],"wp:featuredmedia":[{"embeddable":true,"href":"https:\/\/olemosaic.orbitalia.org\/fr\/wp-json\/wp\/v2\/media\/11201"}],"wp:attachment":[{"href":"https:\/\/olemosaic.orbitalia.org\/fr\/wp-json\/wp\/v2\/media?parent=30452"}],"wp:term":[{"taxonomy":"product_brand","embeddable":true,"href":"https:\/\/olemosaic.orbitalia.org\/fr\/wp-json\/wp\/v2\/product_brand?post=30452"},{"taxonomy":"product_cat","embeddable":true,"href":"https:\/\/olemosaic.orbitalia.org\/fr\/wp-json\/wp\/v2\/product_cat?post=30452"},{"taxonomy":"product_tag","embeddable":true,"href":"https:\/\/olemosaic.orbitalia.org\/fr\/wp-json\/wp\/v2\/product_tag?post=30452"}],"curies":[{"name":"wp","href":"https:\/\/api.w.org\/{rel}","templated":true}]}}