{"id":30451,"date":"2025-02-20T22:32:16","date_gmt":"2025-02-20T22:32:16","guid":{"rendered":"https:\/\/olemosaic.orbitalia.org\/producto\/iman-de-metal-panoramica-barcelona-negro-8-cm\/"},"modified":"2025-07-25T20:15:58","modified_gmt":"2025-07-25T18:15:58","slug":"aimant-metal-panoramique-barcelone-noir-8-cm","status":"publish","type":"product","link":"https:\/\/olemosaic.orbitalia.org\/fr\/produit\/aimant-metal-panoramique-barcelone-noir-8-cm\/","title":{"rendered":"Aimant en m\u00e9tal. Panoramique. Barcelone. Noir. 8 cm."},"content":{"rendered":"<p>Cet aimant m\u00e9tallique avec une vue panoramique color\u00e9e de Barcelone est une pi\u00e8ce remarquable qui capture l&rsquo;essence artistique et culturelle de cette ville embl\u00e9matique. Avec sa taille de 8 cm, l&rsquo;aimant pr\u00e9sente une repr\u00e9sentation vibrante de certains des monuments les plus embl\u00e9matiques de Barcelone, tels que la majestueuse Sagrada Familia et le fascinant Parc G\u00fcell, tous deux expressions supr\u00eames du modernisme catalan. Les d\u00e9tails ont \u00e9t\u00e9 m\u00e9ticuleusement con\u00e7us dans un style de mosa\u00efque qui refl\u00e8te l&rsquo;utilisation distinctive de couleurs vives caract\u00e9risant l&rsquo;\u0153uvre d&rsquo;Antoni Gaud\u00ed.<\/p>\n<p>Le fond noir fait merveilleusement ressortir les couleurs satur\u00e9es, donnant \u00e0 chaque d\u00e9tail un \u00e9clat sp\u00e9cial qui attire le regard. Dans la partie sup\u00e9rieure, le mot \u00ab\u00a0Barcelona\u00a0\u00bb s&rsquo;affiche en grandes lettres frappantes, garantissant que cet aimant ne soit pas seulement un souvenir, mais aussi une d\u00e9claration d&rsquo;amour \u00e0 la ville. Ce souvenir est parfait pour les touristes qui cherchent un moyen d&#8217;emporter chez eux un morceau de la vibrante culture barcelonaise et de sa riche histoire architecturale.<\/p>\n<p>En tant que distributeur de souvenirs en gros, Ol\u00e9 Mosaic propose des produits authentiques et repr\u00e9sentatifs qui c\u00e9l\u00e8brent la diversit\u00e9 culturelle de l&rsquo;Espagne. Cet aimant de Barcelone est une excellente option pour les boutiques de cadeaux touristiques, combinant design, artisanat et pertinence culturelle en un seul article.<\/p>\n","protected":false},"excerpt":{"rendered":"<p>Aimant m\u00e9tallique avec une vue panoramique color\u00e9e de Barcelone, de 8 cm. Cet aimant attrayant repr\u00e9sente des monuments embl\u00e9matiques de la ville, tels que la Sagrada Familia et le Parc G\u00fcell, d\u00e9cor\u00e9s d&rsquo;un design en mosa\u00efque vibrant. Le fond noir fait ressortir les d\u00e9tails aux couleurs vives, tandis que le mot \u00ab\u00a0Barcelona\u00a0\u00bb est pr\u00e9sent\u00e9 en grandes lettres en haut, capturant l&rsquo;essence artistique et culturelle de cette ville embl\u00e9matique.<\/p>\n","protected":false},"featured_media":6953,"template":"","meta":{"_acf_changed":false},"product_brand":[],"product_cat":[697],"product_tag":[],"class_list":{"0":"post-30451","1":"product","2":"type-product","3":"status-publish","4":"has-post-thumbnail","6":"product_cat-aimants","7":"pa_ciudad-barcelona","8":"pa_motivo-panoramas","9":"pa_pais-espana","11":"first","12":"instock","13":"shipping-taxable","14":"product-type-simple"},"acf":[],"_links":{"self":[{"href":"https:\/\/olemosaic.orbitalia.org\/fr\/wp-json\/wp\/v2\/product\/30451","targetHints":{"allow":["GET"]}}],"collection":[{"href":"https:\/\/olemosaic.orbitalia.org\/fr\/wp-json\/wp\/v2\/product"}],"about":[{"href":"https:\/\/olemosaic.orbitalia.org\/fr\/wp-json\/wp\/v2\/types\/product"}],"wp:featuredmedia":[{"embeddable":true,"href":"https:\/\/olemosaic.orbitalia.org\/fr\/wp-json\/wp\/v2\/media\/6953"}],"wp:attachment":[{"href":"https:\/\/olemosaic.orbitalia.org\/fr\/wp-json\/wp\/v2\/media?parent=30451"}],"wp:term":[{"taxonomy":"product_brand","embeddable":true,"href":"https:\/\/olemosaic.orbitalia.org\/fr\/wp-json\/wp\/v2\/product_brand?post=30451"},{"taxonomy":"product_cat","embeddable":true,"href":"https:\/\/olemosaic.orbitalia.org\/fr\/wp-json\/wp\/v2\/product_cat?post=30451"},{"taxonomy":"product_tag","embeddable":true,"href":"https:\/\/olemosaic.orbitalia.org\/fr\/wp-json\/wp\/v2\/product_tag?post=30451"}],"curies":[{"name":"wp","href":"https:\/\/api.w.org\/{rel}","templated":true}]}}