{"id":30440,"date":"2025-02-20T22:32:15","date_gmt":"2025-02-20T22:32:15","guid":{"rendered":"https:\/\/olemosaic.orbitalia.org\/producto\/iman-de-metal-gato-8-cm\/"},"modified":"2025-07-25T20:22:40","modified_gmt":"2025-07-25T18:22:40","slug":"aimant-en-metal-chat-8-cm","status":"publish","type":"product","link":"https:\/\/olemosaic.orbitalia.org\/fr\/produit\/aimant-en-metal-chat-8-cm\/","title":{"rendered":"Aimant en m\u00e9tal. Chat. 8 cm."},"content":{"rendered":"<p>Cet aimant m\u00e9tallique, au design vibrant d&rsquo;un chat en mosa\u00efque, est le souvenir parfait pour capturer l&rsquo;essence de l&rsquo;art d\u00e9coratif traditionnel espagnol. D&rsquo;une taille de 8 cm, il est id\u00e9al pour ajouter une touche de couleur et de cr\u00e9ativit\u00e9 \u00e0 n&rsquo;importe quel espace. L&rsquo;illustration pr\u00e9sente un chat dans une explosion de couleurs, telles que le bleu clair, le jaune, le rouge et le vert, qui \u00e9voquent la diversit\u00e9 de la culture espagnole. Les d\u00e9tails d&rsquo;ombres et de reflets sur le pelage du chat rehaussent sa vitalit\u00e9, tandis que le fond bleu clair compl\u00e8te et souligne la vivacit\u00e9 de la mosa\u00efque.<\/p>\n<p>Inspir\u00e9 par la technique embl\u00e9matique de la mosa\u00efque, cet aimant n&rsquo;est pas seulement une pi\u00e8ce d\u00e9corative, mais aussi une repr\u00e9sentation culturelle de l&rsquo;art qui orne de nombreuses rues et b\u00e2timents dans des villes comme Barcelone. Ce symbole de la cr\u00e9ativit\u00e9 espagnole est le cadeau parfait pour les amoureux des f\u00e9lins et de la culture artistique. Chez Ol\u00e9 Mosaic, nous sommes des fournisseurs en gros de souvenirs de qualit\u00e9, et cet aimant de chat est un excellent choix pour les boutiques de cadeaux touristiques cherchant une connexion authentique avec les traditions culturelles. Id\u00e9al pour ceux qui recherchent un souvenir alliant art, originalit\u00e9 et l&rsquo;essence de l&rsquo;Espagne.<\/p>\n","protected":false},"excerpt":{"rendered":"<p>Aimant m\u00e9tallique au design vibrant d&rsquo;un chat en mosa\u00efque, pr\u00e9sentant une explosion de couleurs \u00e9vocatrice de l&rsquo;art traditionnel espagnol. D&rsquo;une taille de 8 cm, cet aimant montre le f\u00e9lin sur un fond bleu clair, avec des d\u00e9tails en jaune, rouge et vert repr\u00e9sentant des ombres et des reflets, donnant vie \u00e0 l&rsquo;animal. Un souvenir id\u00e9al pour les amoureux de la culture et de la cr\u00e9ativit\u00e9 espagnole.<\/p>\n","protected":false},"featured_media":12823,"template":"","meta":{"_acf_changed":false},"product_brand":[],"product_cat":[697],"product_tag":[530],"class_list":{"0":"post-30440","1":"product","2":"type-product","3":"status-publish","4":"has-post-thumbnail","6":"product_cat-aimants","7":"product_tag-animaux","8":"pa_motivo-chats","10":"first","11":"instock","12":"shipping-taxable","13":"product-type-simple"},"acf":[],"_links":{"self":[{"href":"https:\/\/olemosaic.orbitalia.org\/fr\/wp-json\/wp\/v2\/product\/30440","targetHints":{"allow":["GET"]}}],"collection":[{"href":"https:\/\/olemosaic.orbitalia.org\/fr\/wp-json\/wp\/v2\/product"}],"about":[{"href":"https:\/\/olemosaic.orbitalia.org\/fr\/wp-json\/wp\/v2\/types\/product"}],"wp:featuredmedia":[{"embeddable":true,"href":"https:\/\/olemosaic.orbitalia.org\/fr\/wp-json\/wp\/v2\/media\/12823"}],"wp:attachment":[{"href":"https:\/\/olemosaic.orbitalia.org\/fr\/wp-json\/wp\/v2\/media?parent=30440"}],"wp:term":[{"taxonomy":"product_brand","embeddable":true,"href":"https:\/\/olemosaic.orbitalia.org\/fr\/wp-json\/wp\/v2\/product_brand?post=30440"},{"taxonomy":"product_cat","embeddable":true,"href":"https:\/\/olemosaic.orbitalia.org\/fr\/wp-json\/wp\/v2\/product_cat?post=30440"},{"taxonomy":"product_tag","embeddable":true,"href":"https:\/\/olemosaic.orbitalia.org\/fr\/wp-json\/wp\/v2\/product_tag?post=30440"}],"curies":[{"name":"wp","href":"https:\/\/api.w.org\/{rel}","templated":true}]}}