{"id":30429,"date":"2025-02-20T23:32:15","date_gmt":"2025-02-20T22:32:15","guid":{"rendered":"https:\/\/olemosaic.orbitalia.org\/producto\/iman-de-metal-toro-plata-8-cm-2\/"},"modified":"2025-07-25T20:12:51","modified_gmt":"2025-07-25T18:12:51","slug":"aimant-metal-taureau-mosaique-argent-8-cm","status":"publish","type":"product","link":"https:\/\/olemosaic.orbitalia.org\/fr\/produit\/aimant-metal-taureau-mosaique-argent-8-cm\/","title":{"rendered":"Aimant en m\u00e9tal. Taureau. Mosa\u00efque. Argent. 8 cm."},"content":{"rendered":"<p>Cet aimant m\u00e9tallique, avec son design vibrant de taureaux dans un style mosa\u00efque color\u00e9, est un v\u00e9ritable hommage \u00e0 la riche tradition taurine espagnole. D&rsquo;une taille de 8 cm, cette pi\u00e8ce repr\u00e9sente deux taureaux dans une danse de couleurs vives, se d\u00e9tachant dans des tons intenses de rouge, bleu et vert, qui capturent l&rsquo;essence et la force de ces animaux embl\u00e9matiques. Le fond, avec un effet de c\u00e9ramique craquel\u00e9e, \u00e9voque l&rsquo;art classique espagnol, ajoutant une touche de sophistication et de texture visuelle qui rehausse le design g\u00e9n\u00e9ral.<\/p>\n<p>Cet aimant n&rsquo;est pas seulement d\u00e9coratif, il sert \u00e9galement de souvenir culturel c\u00e9l\u00e9brant une partie int\u00e9grante de l&rsquo;identit\u00e9 espagnole. La figure des taureaux est un symbole de courage et de passion, repr\u00e9sentant non seulement la tradition de la tauromachie, mais aussi la richesse artistique des c\u00e9ramiques typiques de la r\u00e9gion. Il est id\u00e9al pour les touristes souhaitant ramener chez eux un morceau de la culture espagnole, devenant un excellent souvenir qui refl\u00e8te \u00e0 la fois l&rsquo;histoire et l&rsquo;art du pays.<\/p>\n<p>Chez Ol\u00e9 Mosaic, nous nous sp\u00e9cialisons dans la distribution de souvenirs en gros, et cet aimant de taureaux est une pi\u00e8ce unique qui attirera les clients dans les boutiques de cadeaux touristiques, garantissant l&rsquo;authenticit\u00e9 et la qualit\u00e9 \u00e0 chaque achat. Ne manquez pas l&rsquo;occasion d&rsquo;int\u00e9grer cet aimant attrayant \u00e0 votre collection de souvenirs, parfait pour se souvenir de la culture vibrante de l&rsquo;Espagne.<\/p>\n","protected":false},"excerpt":{"rendered":"<p>Aimant m\u00e9tallique au design vibrant de taureaux dans un style mosa\u00efque color\u00e9. Cet aimant de 8 cm est une repr\u00e9sentation artistique qui \u00e9voque la tradition taurine espagnole, avec des taureaux orn\u00e9s de tons vifs de rouge, bleu et vert, entour\u00e9s d&rsquo;un effet de c\u00e9ramique craquel\u00e9e. Id\u00e9al pour ramener un morceau de la culture espagnole chez soi, il allie fonctionnalit\u00e9 et art dans un objet d\u00e9coratif unique.<\/p>\n","protected":false},"featured_media":9968,"template":"","meta":{"_acf_changed":false},"product_brand":[],"product_cat":[697],"product_tag":[530],"class_list":{"0":"post-30429","1":"product","2":"type-product","3":"status-publish","4":"has-post-thumbnail","6":"product_cat-aimants","7":"product_tag-animaux","8":"pa_motivo-taureaux","10":"first","11":"instock","12":"shipping-taxable","13":"product-type-simple"},"acf":[],"_links":{"self":[{"href":"https:\/\/olemosaic.orbitalia.org\/fr\/wp-json\/wp\/v2\/product\/30429","targetHints":{"allow":["GET"]}}],"collection":[{"href":"https:\/\/olemosaic.orbitalia.org\/fr\/wp-json\/wp\/v2\/product"}],"about":[{"href":"https:\/\/olemosaic.orbitalia.org\/fr\/wp-json\/wp\/v2\/types\/product"}],"wp:featuredmedia":[{"embeddable":true,"href":"https:\/\/olemosaic.orbitalia.org\/fr\/wp-json\/wp\/v2\/media\/9968"}],"wp:attachment":[{"href":"https:\/\/olemosaic.orbitalia.org\/fr\/wp-json\/wp\/v2\/media?parent=30429"}],"wp:term":[{"taxonomy":"product_brand","embeddable":true,"href":"https:\/\/olemosaic.orbitalia.org\/fr\/wp-json\/wp\/v2\/product_brand?post=30429"},{"taxonomy":"product_cat","embeddable":true,"href":"https:\/\/olemosaic.orbitalia.org\/fr\/wp-json\/wp\/v2\/product_cat?post=30429"},{"taxonomy":"product_tag","embeddable":true,"href":"https:\/\/olemosaic.orbitalia.org\/fr\/wp-json\/wp\/v2\/product_tag?post=30429"}],"curies":[{"name":"wp","href":"https:\/\/api.w.org\/{rel}","templated":true}]}}