{"id":30425,"date":"2025-02-20T22:32:14","date_gmt":"2025-02-20T22:32:14","guid":{"rendered":"https:\/\/olemosaic.orbitalia.org\/producto\/iman-de-metal-panoramica-barcelona-11-cm\/"},"modified":"2025-07-25T20:02:49","modified_gmt":"2025-07-25T18:02:49","slug":"aimant-metal-panoramique-barcelone-11-cm","status":"publish","type":"product","link":"https:\/\/olemosaic.orbitalia.org\/fr\/produit\/aimant-metal-panoramique-barcelone-11-cm\/","title":{"rendered":"Aimant en m\u00e9tal. Panoramique. Barcelone. 11 cm."},"content":{"rendered":"<p>Cet aimant m\u00e9tallique avec la vue panoramique de Barcelone est un souvenir vibrant et color\u00e9 qui capture l&rsquo;essence de la ville embl\u00e9matique. D&rsquo;une longueur de 11 cm, il pr\u00e9sente une illustration d\u00e9taill\u00e9e et artistique des monuments embl\u00e9matiques de Barcelone, tels que la Sagrada Familia et le Parc G\u00fcell, r\u00e9alis\u00e9s dans un style \u00e9voquant le c\u00e9l\u00e8bre trencad\u00eds, la technique de mosa\u00efque utilis\u00e9e par l&rsquo;architecte Antoni Gaud\u00ed. La partie sup\u00e9rieure de l&rsquo;aimant met en avant le nom \u00ab\u00a0Barcelone\u00a0\u00bb dans une typographie stylis\u00e9e, qui compl\u00e8te la sc\u00e8ne avec sa riche palette de couleurs vives, reflet de la singularit\u00e9 architecturale et culturelle de la ville.<\/p>\n<p>Cet aimant ne sert pas seulement d&rsquo;objet d\u00e9coratif attrayant, mais repr\u00e9sente \u00e9galement une pi\u00e8ce authentique de la culture catalane, id\u00e9ale pour les touristes \u00e0 la recherche d&rsquo;un souvenir repr\u00e9sentatif. Son design \u00e9voque la beaut\u00e9 de Barcelone et permet aux visiteurs de ramener chez eux un morceau de son incroyable patrimoine architectural. Chez Ol\u00e9 Mosaic, nous sommes sp\u00e9cialis\u00e9s dans la distribution de souvenirs en gros, et cet aimant de Barcelone est une excellente option pour les boutiques de cadeaux touristiques cherchant \u00e0 proposer des produits authentiques et de qualit\u00e9. Parfait pour ceux qui souhaitent un souvenir alliant art et culture, cet aimant est un choix id\u00e9al pour encourager l&rsquo;appr\u00e9ciation des souvenirs de Barcelone.<\/p>\n","protected":false},"excerpt":{"rendered":"<p>Aimant en m\u00e9tal avec une vue panoramique vibrante de Barcelone, de 11 cm. Ce souvenir attrayant pr\u00e9sente une illustration color\u00e9e des monuments les plus embl\u00e9matiques de la ville, tels que la Sagrada Familia et le Parc G\u00fcell, dans un style \u00e9voquant le trencad\u00eds. En haut, le texte \u00ab\u00a0Barcelone\u00a0\u00bb, avec une typographie stylis\u00e9e, compl\u00e8te la sc\u00e8ne avec une riche mosa\u00efque de couleurs vives qui capture l&rsquo;essence culturelle et architecturale de la ville.<\/p>\n","protected":false},"featured_media":8995,"template":"","meta":{"_acf_changed":false},"product_brand":[],"product_cat":[697],"product_tag":[],"class_list":{"0":"post-30425","1":"product","2":"type-product","3":"status-publish","4":"has-post-thumbnail","6":"product_cat-aimants","7":"pa_ciudad-barcelona","8":"pa_motivo-panoramas","9":"pa_pais-espana","11":"first","12":"instock","13":"shipping-taxable","14":"product-type-simple"},"acf":[],"_links":{"self":[{"href":"https:\/\/olemosaic.orbitalia.org\/fr\/wp-json\/wp\/v2\/product\/30425","targetHints":{"allow":["GET"]}}],"collection":[{"href":"https:\/\/olemosaic.orbitalia.org\/fr\/wp-json\/wp\/v2\/product"}],"about":[{"href":"https:\/\/olemosaic.orbitalia.org\/fr\/wp-json\/wp\/v2\/types\/product"}],"wp:featuredmedia":[{"embeddable":true,"href":"https:\/\/olemosaic.orbitalia.org\/fr\/wp-json\/wp\/v2\/media\/8995"}],"wp:attachment":[{"href":"https:\/\/olemosaic.orbitalia.org\/fr\/wp-json\/wp\/v2\/media?parent=30425"}],"wp:term":[{"taxonomy":"product_brand","embeddable":true,"href":"https:\/\/olemosaic.orbitalia.org\/fr\/wp-json\/wp\/v2\/product_brand?post=30425"},{"taxonomy":"product_cat","embeddable":true,"href":"https:\/\/olemosaic.orbitalia.org\/fr\/wp-json\/wp\/v2\/product_cat?post=30425"},{"taxonomy":"product_tag","embeddable":true,"href":"https:\/\/olemosaic.orbitalia.org\/fr\/wp-json\/wp\/v2\/product_tag?post=30425"}],"curies":[{"name":"wp","href":"https:\/\/api.w.org\/{rel}","templated":true}]}}